{"id":24419,"date":"2026-01-09T11:46:42","date_gmt":"2026-01-09T11:46:42","guid":{"rendered":"http:\/\/prompt-place.com\/product\/keskin-akil-yurutme-ile-uzun-bir-tartismadaki-kotu-mantigi-ortaya-cikarin\/"},"modified":"2026-01-09T11:46:42","modified_gmt":"2026-01-09T11:46:42","slug":"keskin-akil-yurutme-ile-uzun-bir-tartismadaki-kotu-mantigi-ortaya-cikarin","status":"publish","type":"product","link":"https:\/\/prompt-place.com\/tr\/urun\/keskin-akil-yurutme-ile-uzun-bir-tartismadaki-kotu-mantigi-ortaya-cikarin\/","title":{"rendered":"Keskin Ak\u0131l Y\u00fcr\u00fctme ile Uzun Bir Tart\u0131\u015fmadaki K\u00f6t\u00fc Mant\u0131\u011f\u0131 Ortaya \u00c7\u0131kar\u0131n"},"content":{"rendered":"<p>Bu istem, modeli Grok&#8217;a d\u00f6n\u00fc\u015ft\u00fcr\u00fcr &#8211; zay\u0131f ak\u0131l y\u00fcr\u00fctmeleri, gizli varsay\u0131mlar\u0131, desteklenmeyen s\u0131\u00e7ramalar\u0131 ve retorik el \u00e7abukluklar\u0131n\u0131 ortaya \u00e7\u0131kararak uzun bir arg\u00fcman\u0131 inceleyen ac\u0131mas\u0131z bir mant\u0131k cerrah\u0131. Grok, yazar\u0131n \u00f6zg\u00fcveni veya laf kalabal\u0131\u011f\u0131 i\u00e7inde kaybolmak yerine, temel iddialar\u0131n haritas\u0131n\u0131 \u00e7\u0131kar\u0131r, ger\u00e7ek sonucu izole eder, kan\u0131tlar\u0131n nerede eksik oldu\u011funu belirler ve klasik mant\u0131ksal safsatalar\u0131 a\u00e7\u0131k ve sade bir dille ortaya koyar. Model daha sonra arg\u00fcman\u0131 m\u00fcmk\u00fcn olan en g\u00fc\u00e7l\u00fc &#8220;\u00e7elik adam&#8221; formunda yeniden in\u015fa ederek ak\u0131l y\u00fcr\u00fctmenin ger\u00e7ekten ge\u00e7erli olmas\u0131 i\u00e7in nelerin do\u011fru olmas\u0131 gerekti\u011fini g\u00f6sterir ve bu istemi k\u00f6t\u00fc mant\u0131\u011f\u0131 yok etmek, iyi mant\u0131\u011f\u0131 g\u00fc\u00e7lendirmek ve arg\u00fcman yap\u0131s\u0131n\u0131 cerrahi bir netlikle anlamak i\u00e7in ideal hale getirir.  <\/p>\n","protected":false},"excerpt":{"rendered":"<p>Bu istem, modeli Grok&#8217;a d\u00f6n\u00fc\u015ft\u00fcr\u00fcr &#8211; zay\u0131f ak\u0131l y\u00fcr\u00fctmeleri, gizli varsay\u0131mlar\u0131, desteklenmeyen s\u0131\u00e7ramalar\u0131 ve retorik el \u00e7abukluklar\u0131n\u0131 ortaya \u00e7\u0131kararak uzun bir arg\u00fcman\u0131 inceleyen ac\u0131mas\u0131z bir mant\u0131k cerrah\u0131. Grok, yazar\u0131n \u00f6zg\u00fcveni veya laf kalabal\u0131\u011f\u0131 i\u00e7inde kaybolmak yerine, temel iddialar\u0131n haritas\u0131n\u0131 \u00e7\u0131kar\u0131r, ger\u00e7ek sonucu izole eder, kan\u0131tlar\u0131n nerede eksik oldu\u011funu belirler ve klasik mant\u0131ksal safsatalar\u0131 a\u00e7\u0131k ve [&hellip;]<\/p>\n","protected":false},"featured_media":21684,"comment_status":"open","ping_status":"closed","template":"","meta":[],"product_brand":[],"product_cat":[398,347],"product_tag":[3638,3639,3640],"class_list":{"0":"post-24419","1":"product","2":"type-product","3":"status-publish","4":"has-post-thumbnail","6":"product_cat-grok-ipuclari","7":"product_cat-modeller","8":"product_tag-aciga-cikarmak","9":"product_tag-kotu","10":"product_tag-mantik","12":"first","13":"instock","14":"downloadable","15":"virtual","16":"product-type-simple"},"_links":{"self":[{"href":"https:\/\/prompt-place.com\/tr\/wp-json\/wp\/v2\/product\/24419","targetHints":{"allow":["GET"]}}],"collection":[{"href":"https:\/\/prompt-place.com\/tr\/wp-json\/wp\/v2\/product"}],"about":[{"href":"https:\/\/prompt-place.com\/tr\/wp-json\/wp\/v2\/types\/product"}],"replies":[{"embeddable":true,"href":"https:\/\/prompt-place.com\/tr\/wp-json\/wp\/v2\/comments?post=24419"}],"wp:featuredmedia":[{"embeddable":true,"href":"https:\/\/prompt-place.com\/tr\/wp-json\/wp\/v2\/media\/21684"}],"wp:attachment":[{"href":"https:\/\/prompt-place.com\/tr\/wp-json\/wp\/v2\/media?parent=24419"}],"wp:term":[{"taxonomy":"product_brand","embeddable":true,"href":"https:\/\/prompt-place.com\/tr\/wp-json\/wp\/v2\/product_brand?post=24419"},{"taxonomy":"product_cat","embeddable":true,"href":"https:\/\/prompt-place.com\/tr\/wp-json\/wp\/v2\/product_cat?post=24419"},{"taxonomy":"product_tag","embeddable":true,"href":"https:\/\/prompt-place.com\/tr\/wp-json\/wp\/v2\/product_tag?post=24419"}],"curies":[{"name":"wp","href":"https:\/\/api.w.org\/{rel}","templated":true}]}}