{"id":24416,"date":"2026-01-09T11:46:49","date_gmt":"2026-01-09T11:46:49","guid":{"rendered":"http:\/\/prompt-place.com\/product\/vurucu-dogrudan-netlikte-uzun-is-raporu-ozeti\/"},"modified":"2026-01-09T11:46:49","modified_gmt":"2026-01-09T11:46:49","slug":"vurucu-dogrudan-netlikte-uzun-is-raporu-ozeti","status":"publish","type":"product","link":"https:\/\/prompt-place.com\/tr\/urun\/vurucu-dogrudan-netlikte-uzun-is-raporu-ozeti\/","title":{"rendered":"Vurucu, Do\u011frudan Netlikte Uzun \u0130\u015f Raporu \u00d6zeti"},"content":{"rendered":"<p>Bu istem, yapay zekay\u0131 (Grok olarak) \u015fi\u015firilmi\u015f bir i\u015f raporunu ac\u0131mas\u0131zca net bir y\u00f6netici \u00f6zetine d\u00f6n\u00fc\u015ft\u00fcrmeye zorlar &#8211; tek bir a\u00e7\u0131k c\u00fcmleye indirgeyerek, ger\u00e7ek sonu\u00e7lar\u0131 ve gizli sonu\u00e7lar\u0131 \u00e7\u0131kararak, jargonu ve dan\u0131\u015fman dolgular\u0131n\u0131 filtreleyerek, zay\u0131f kan\u0131tlar\u0131 ve a\u015f\u0131r\u0131 \u00f6zg\u00fcvenli iddialar\u0131 ortaya \u00e7\u0131kararak, ger\u00e7ekten \u00f6nemli olan birka\u00e7 i\u00e7g\u00f6r\u00fc ve karar\u0131 izole ederek ve liderli\u011fin hemen harekete ge\u00e7ebilece\u011fi h\u0131zl\u0131, keskin, kelime i\u00e7ermeyen bir \u00f6zet sunarak.<\/p>\n","protected":false},"excerpt":{"rendered":"<p>Bu istem, yapay zekay\u0131 (Grok olarak) \u015fi\u015firilmi\u015f bir i\u015f raporunu ac\u0131mas\u0131zca net bir y\u00f6netici \u00f6zetine d\u00f6n\u00fc\u015ft\u00fcrmeye zorlar &#8211; tek bir a\u00e7\u0131k c\u00fcmleye indirgeyerek, ger\u00e7ek sonu\u00e7lar\u0131 ve gizli sonu\u00e7lar\u0131 \u00e7\u0131kararak, jargonu ve dan\u0131\u015fman dolgular\u0131n\u0131 filtreleyerek, zay\u0131f kan\u0131tlar\u0131 ve a\u015f\u0131r\u0131 \u00f6zg\u00fcvenli iddialar\u0131 ortaya \u00e7\u0131kararak, ger\u00e7ekten \u00f6nemli olan birka\u00e7 i\u00e7g\u00f6r\u00fc ve karar\u0131 izole ederek ve liderli\u011fin hemen harekete [&hellip;]<\/p>\n","protected":false},"featured_media":21684,"comment_status":"open","ping_status":"closed","template":"","meta":[],"product_brand":[],"product_cat":[398,347],"product_tag":[3473,3634,3633],"class_list":{"0":"post-24416","1":"product","2":"type-product","3":"status-publish","4":"has-post-thumbnail","6":"product_cat-grok-ipuclari","7":"product_cat-modeller","8":"product_tag-is","9":"product_tag-rapor","10":"product_tag-uzun","12":"first","13":"instock","14":"downloadable","15":"virtual","16":"product-type-simple"},"_links":{"self":[{"href":"https:\/\/prompt-place.com\/tr\/wp-json\/wp\/v2\/product\/24416","targetHints":{"allow":["GET"]}}],"collection":[{"href":"https:\/\/prompt-place.com\/tr\/wp-json\/wp\/v2\/product"}],"about":[{"href":"https:\/\/prompt-place.com\/tr\/wp-json\/wp\/v2\/types\/product"}],"replies":[{"embeddable":true,"href":"https:\/\/prompt-place.com\/tr\/wp-json\/wp\/v2\/comments?post=24416"}],"wp:featuredmedia":[{"embeddable":true,"href":"https:\/\/prompt-place.com\/tr\/wp-json\/wp\/v2\/media\/21684"}],"wp:attachment":[{"href":"https:\/\/prompt-place.com\/tr\/wp-json\/wp\/v2\/media?parent=24416"}],"wp:term":[{"taxonomy":"product_brand","embeddable":true,"href":"https:\/\/prompt-place.com\/tr\/wp-json\/wp\/v2\/product_brand?post=24416"},{"taxonomy":"product_cat","embeddable":true,"href":"https:\/\/prompt-place.com\/tr\/wp-json\/wp\/v2\/product_cat?post=24416"},{"taxonomy":"product_tag","embeddable":true,"href":"https:\/\/prompt-place.com\/tr\/wp-json\/wp\/v2\/product_tag?post=24416"}],"curies":[{"name":"wp","href":"https:\/\/api.w.org\/{rel}","templated":true}]}}