{"id":24412,"date":"2026-01-09T11:46:55","date_gmt":"2026-01-09T11:46:55","guid":{"rendered":"http:\/\/prompt-place.com\/product\/holografik-arayuzlu-neon-aydinlatmali-kontrol-odasi\/"},"modified":"2026-01-09T11:46:55","modified_gmt":"2026-01-09T11:46:55","slug":"holografik-arayuzlu-neon-aydinlatmali-kontrol-odasi","status":"publish","type":"product","link":"https:\/\/prompt-place.com\/tr\/urun\/holografik-arayuzlu-neon-aydinlatmali-kontrol-odasi\/","title":{"rendered":"Holografik Aray\u00fczl\u00fc Neon Ayd\u0131nlatmal\u0131 Kontrol Odas\u0131"},"content":{"rendered":"<p>\u015e\u0131k koyu malzemeler, temiz geometri, katmanl\u0131 derinlik, birden fazla i\u015f istasyonu ve y\u00fczen holografik aray\u00fczlerle \u00e7evrili merkezi bir komuta merkezi i\u00e7eren neon \u0131\u015f\u0131kl\u0131 f\u00fct\u00fcristik bir kontrol odas\u0131n\u0131n y\u00fcksek kaliteli fotoger\u00e7ek\u00e7i sinematik i\u00e7 mekan\u0131n\u0131 olu\u015fturun; \u015feffaf kullan\u0131c\u0131 aray\u00fcz\u00fc panelleri ve haritalar\u0131, grafikleri, sistem durumlar\u0131n\u0131 ve a\u011f diyagramlar\u0131n\u0131 g\u00f6steren yap\u0131land\u0131r\u0131lm\u0131\u015f holografik ekranlar (yaln\u0131zca temiz \u015fekiller, okunabilir veya \u00e7arp\u0131k metin yok) ekleyin, ince pembe vurgularla g\u00fc\u00e7l\u00fc camg\u00f6be\u011fi \/ mavi \/ mor neon vurgularla ayd\u0131nlat\u0131n; yumu\u015fak hacimsel pus, y\u00fczeylerde parlak yans\u0131malar ve y\u00fczleri g\u00f6r\u00fcnmeyen iste\u011fe ba\u011fl\u0131 operat\u00f6r sil\u00fcetleriyle kablolar, sunucu raflar\u0131, dronlar ve g\u00f6sterge \u0131\u015f\u0131klar\u0131 gibi ince teknik aksesuarlar ekleyin; net aray\u00fcz katmanlar\u0131, keskin ayr\u0131nt\u0131lar, ger\u00e7ek\u00e7i yans\u0131malar ve m\u00fckemmel geni\u015f a\u00e7\u0131l\u0131 kompozisyonla yo\u011fun, g\u00f6rev a\u00e7\u0131s\u0131ndan kritik bir atmosfer sa\u011flay\u0131n, karikat\u00fcr tarz\u0131, logolar, da\u011f\u0131n\u0131kl\u0131k veya bozuk \u00f6\u011felerden ka\u00e7\u0131n\u0131n.<\/p>\n","protected":false},"excerpt":{"rendered":"<p>\u015e\u0131k koyu malzemeler, temiz geometri, katmanl\u0131 derinlik, birden fazla i\u015f istasyonu ve y\u00fczen holografik aray\u00fczlerle \u00e7evrili merkezi bir komuta merkezi i\u00e7eren neon \u0131\u015f\u0131kl\u0131 f\u00fct\u00fcristik bir kontrol odas\u0131n\u0131n y\u00fcksek kaliteli fotoger\u00e7ek\u00e7i sinematik i\u00e7 mekan\u0131n\u0131 olu\u015fturun; \u015feffaf kullan\u0131c\u0131 aray\u00fcz\u00fc panelleri ve haritalar\u0131, grafikleri, sistem durumlar\u0131n\u0131 ve a\u011f diyagramlar\u0131n\u0131 g\u00f6steren yap\u0131land\u0131r\u0131lm\u0131\u015f holografik ekranlar (yaln\u0131zca temiz \u015fekiller, okunabilir veya [&hellip;]<\/p>\n","protected":false},"featured_media":21725,"comment_status":"open","ping_status":"closed","template":"","meta":[],"product_brand":[],"product_cat":[347,348],"product_tag":[3626,3624,3625],"class_list":{"0":"post-24412","1":"product","2":"type-product","3":"status-publish","4":"has-post-thumbnail","6":"product_cat-modeller","7":"product_cat-yolculuk-ortasi-ipuclari","8":"product_tag-kontrol","9":"product_tag-neon","10":"product_tag-yandi","12":"first","13":"instock","14":"downloadable","15":"virtual","16":"product-type-simple"},"_links":{"self":[{"href":"https:\/\/prompt-place.com\/tr\/wp-json\/wp\/v2\/product\/24412","targetHints":{"allow":["GET"]}}],"collection":[{"href":"https:\/\/prompt-place.com\/tr\/wp-json\/wp\/v2\/product"}],"about":[{"href":"https:\/\/prompt-place.com\/tr\/wp-json\/wp\/v2\/types\/product"}],"replies":[{"embeddable":true,"href":"https:\/\/prompt-place.com\/tr\/wp-json\/wp\/v2\/comments?post=24412"}],"wp:featuredmedia":[{"embeddable":true,"href":"https:\/\/prompt-place.com\/tr\/wp-json\/wp\/v2\/media\/21725"}],"wp:attachment":[{"href":"https:\/\/prompt-place.com\/tr\/wp-json\/wp\/v2\/media?parent=24412"}],"wp:term":[{"taxonomy":"product_brand","embeddable":true,"href":"https:\/\/prompt-place.com\/tr\/wp-json\/wp\/v2\/product_brand?post=24412"},{"taxonomy":"product_cat","embeddable":true,"href":"https:\/\/prompt-place.com\/tr\/wp-json\/wp\/v2\/product_cat?post=24412"},{"taxonomy":"product_tag","embeddable":true,"href":"https:\/\/prompt-place.com\/tr\/wp-json\/wp\/v2\/product_tag?post=24412"}],"curies":[{"name":"wp","href":"https:\/\/api.w.org\/{rel}","templated":true}]}}