{"id":24410,"date":"2026-01-09T11:46:55","date_gmt":"2026-01-09T11:46:55","guid":{"rendered":"http:\/\/prompt-place.com\/product\/coklu-sanat-stillerinde-yapay-zeka-asistani-avatari-stil-varyasyonlari-seti\/"},"modified":"2026-01-09T11:46:55","modified_gmt":"2026-01-09T11:46:55","slug":"coklu-sanat-stillerinde-yapay-zeka-asistani-avatari-stil-varyasyonlari-seti","status":"publish","type":"product","link":"https:\/\/prompt-place.com\/tr\/urun\/coklu-sanat-stillerinde-yapay-zeka-asistani-avatari-stil-varyasyonlari-seti\/","title":{"rendered":"\u00c7oklu Sanat Stillerinde Yapay Zeka Asistan\u0131 Avatar\u0131 (Stil Varyasyonlar\u0131 Seti)"},"content":{"rendered":"<p>Ayn\u0131 YZ asistan avatar\u0131n\u0131n farkl\u0131 sanat stillerinde g\u00f6sterilen alt\u0131 ayr\u0131 g\u00f6r\u00fcnt\u00fcs\u00fcn\u00fc olu\u015fturun ve karakteri t\u00fcm s\u00fcr\u00fcmlerde m\u00fckemmel \u015fekilde tutarl\u0131 tutun: Ayn\u0131 tan\u0131nabilir y\u00fcz yap\u0131s\u0131na, ayn\u0131 sa\u00e7 stiline veya kafa \u015fekline ve bir imza aksesuar\u0131na sahip, ayn\u0131 pozda ortalanm\u0131\u015f ve basit bir d\u00fcz veya yumu\u015fak gradyanl\u0131 arka planla \u00e7er\u00e7evelenmi\u015f olarak g\u00f6sterilen samimi, modern bir YZ asistan\u0131; n\u00f6tr, s\u0131cak, profesyonel ifade; A versiyonunu net ayd\u0131nlatma ve do\u011fal cilt detaylar\u0131yla fotoger\u00e7ek\u00e7i bir sinematik portre olarak olu\u015fturun; B versiyonunu temiz geometrik \u015fekiller ve basit g\u00f6lgelendirme ile minimalist d\u00fcz bir vekt\u00f6r ill\u00fcstrasyonu olarak olu\u015fturun; C versiyonunu yumu\u015fak yuvarlak formlara sahip ancak \u00e7ocuksu olmayan y\u00fcksek kaliteli 3D Pixar tarz\u0131 bir render olarak; D versiyonunu temiz \u00e7izgilere ve etkileyici ancak abart\u0131l\u0131 olmayan \u00f6zelliklere sahip bir anime portresi olarak; E versiyonunu parlayan vurgulara ve f\u00fct\u00fcristik tonlara sahip bir cyberpunk neon ill\u00fcstrasyon olarak; F versiyonunu yumu\u015fak kenarlara ve ince ka\u011f\u0131t dokusuna sahip bir suluboya resim olarak; logo, metin, filigran ve bozulma olmadan t\u00fcm stillerde tutarl\u0131 karakter kimli\u011fi, sa\u00e7\/g\u00f6z renkleri ve aksesuar sa\u011flay\u0131n.<\/p>\n","protected":false},"excerpt":{"rendered":"<p>Ayn\u0131 YZ asistan avatar\u0131n\u0131n farkl\u0131 sanat stillerinde g\u00f6sterilen alt\u0131 ayr\u0131 g\u00f6r\u00fcnt\u00fcs\u00fcn\u00fc olu\u015fturun ve karakteri t\u00fcm s\u00fcr\u00fcmlerde m\u00fckemmel \u015fekilde tutarl\u0131 tutun: Ayn\u0131 tan\u0131nabilir y\u00fcz yap\u0131s\u0131na, ayn\u0131 sa\u00e7 stiline veya kafa \u015fekline ve bir imza aksesuar\u0131na sahip, ayn\u0131 pozda ortalanm\u0131\u015f ve basit bir d\u00fcz veya yumu\u015fak gradyanl\u0131 arka planla \u00e7er\u00e7evelenmi\u015f olarak g\u00f6sterilen samimi, modern bir YZ asistan\u0131; [&hellip;]<\/p>\n","protected":false},"featured_media":21725,"comment_status":"open","ping_status":"closed","template":"","meta":[],"product_brand":[],"product_cat":[347,348],"product_tag":[3618,3619,3620],"class_list":{"0":"post-24410","1":"product","2":"type-product","3":"status-publish","4":"has-post-thumbnail","6":"product_cat-modeller","7":"product_cat-yolculuk-ortasi-ipuclari","8":"product_tag-asistan","9":"product_tag-avatar","10":"product_tag-coklu-2","12":"first","13":"instock","14":"downloadable","15":"virtual","16":"product-type-simple"},"_links":{"self":[{"href":"https:\/\/prompt-place.com\/tr\/wp-json\/wp\/v2\/product\/24410","targetHints":{"allow":["GET"]}}],"collection":[{"href":"https:\/\/prompt-place.com\/tr\/wp-json\/wp\/v2\/product"}],"about":[{"href":"https:\/\/prompt-place.com\/tr\/wp-json\/wp\/v2\/types\/product"}],"replies":[{"embeddable":true,"href":"https:\/\/prompt-place.com\/tr\/wp-json\/wp\/v2\/comments?post=24410"}],"wp:featuredmedia":[{"embeddable":true,"href":"https:\/\/prompt-place.com\/tr\/wp-json\/wp\/v2\/media\/21725"}],"wp:attachment":[{"href":"https:\/\/prompt-place.com\/tr\/wp-json\/wp\/v2\/media?parent=24410"}],"wp:term":[{"taxonomy":"product_brand","embeddable":true,"href":"https:\/\/prompt-place.com\/tr\/wp-json\/wp\/v2\/product_brand?post=24410"},{"taxonomy":"product_cat","embeddable":true,"href":"https:\/\/prompt-place.com\/tr\/wp-json\/wp\/v2\/product_cat?post=24410"},{"taxonomy":"product_tag","embeddable":true,"href":"https:\/\/prompt-place.com\/tr\/wp-json\/wp\/v2\/product_tag?post=24410"}],"curies":[{"name":"wp","href":"https:\/\/api.w.org\/{rel}","templated":true}]}}