{"id":24409,"date":"2026-01-09T11:46:55","date_gmt":"2026-01-09T11:46:55","guid":{"rendered":"http:\/\/prompt-place.com\/product\/ince-neon-vurgularla-temiz-koyu-temali-gosterge-paneli\/"},"modified":"2026-01-09T11:46:55","modified_gmt":"2026-01-09T11:46:55","slug":"ince-neon-vurgularla-temiz-koyu-temali-gosterge-paneli","status":"publish","type":"product","link":"https:\/\/prompt-place.com\/tr\/urun\/ince-neon-vurgularla-temiz-koyu-temali-gosterge-paneli\/","title":{"rendered":"\u0130nce Neon Vurgularla Temiz Koyu Temal\u0131 G\u00f6sterge Paneli"},"content":{"rendered":"<p>K\u00f6m\u00fcr rengi\/siyaha yak\u0131n arka plan, birinci s\u0131n\u0131f minimal d\u00fczen, tutarl\u0131 \u0131zgara aral\u0131\u011f\u0131 ve modern tipografi hissi veren temiz, koyu temal\u0131 bir analiz panosunun y\u00fcksek kaliteli, modern bir kullan\u0131c\u0131 aray\u00fcz\u00fc g\u00f6rselle\u015ftirmesini olu\u015fturun; basit simgeler i\u00e7eren 3-6 KPI kart\u0131, bir ana \u00e7izgi veya \u00e7ubuk grafik art\u0131 1-2 destekleyici grafik ve filtreler veya arama gibi minimal zarif kenar \u00e7ubu\u011fu gezinme ve \u00fcst \u00e7ubuk kontrolleri ekleyin; d\u00fc\u011fmeleri, ge\u00e7i\u015fleri ve sekmeleri modern ve kullan\u0131labilir g\u00f6r\u00fcnecek \u015fekilde tasarlay\u0131n; dikkati y\u00f6nlendirmek i\u00e7in az miktarda kullan\u0131lan yumu\u015fak vurgular veya \u0131\u015f\u0131k par\u0131lt\u0131lar\u0131yla camg\u00f6be\u011fi\/mavi\/mor renklerde ince neon vurgular ekleyin; grafiklerin temiz soyut yer tutucularla ve bozuk metin olmadan inand\u0131r\u0131c\u0131 g\u00f6r\u00fcnmesini sa\u011flay\u0131n; g\u00f6sterge panosunu d\u00fcz veya hafif bir perspektif e\u011fimiyle, keskin kenarlarla ultra temiz, fotoger\u00e7ek\u00e7i \u00fcr\u00fcn tasar\u0131m\u0131 stiliyle, logo olmadan, filigran olmadan, yapayl\u0131k olmadan, karikat\u00fcr veya eskiz esteti\u011fi olmadan olu\u015fturun.<\/p>\n","protected":false},"excerpt":{"rendered":"<p>K\u00f6m\u00fcr rengi\/siyaha yak\u0131n arka plan, birinci s\u0131n\u0131f minimal d\u00fczen, tutarl\u0131 \u0131zgara aral\u0131\u011f\u0131 ve modern tipografi hissi veren temiz, koyu temal\u0131 bir analiz panosunun y\u00fcksek kaliteli, modern bir kullan\u0131c\u0131 aray\u00fcz\u00fc g\u00f6rselle\u015ftirmesini olu\u015fturun; basit simgeler i\u00e7eren 3-6 KPI kart\u0131, bir ana \u00e7izgi veya \u00e7ubuk grafik art\u0131 1-2 destekleyici grafik ve filtreler veya arama gibi minimal zarif kenar [&hellip;]<\/p>\n","protected":false},"featured_media":21725,"comment_status":"open","ping_status":"closed","template":"","meta":[],"product_brand":[],"product_cat":[347,348],"product_tag":[3616,3617,3615],"class_list":{"0":"post-24409","1":"product","2":"type-product","3":"status-publish","4":"has-post-thumbnail","6":"product_cat-modeller","7":"product_cat-yolculuk-ortasi-ipuclari","8":"product_tag-karanlik","9":"product_tag-temali","10":"product_tag-temiz","12":"first","13":"instock","14":"downloadable","15":"virtual","16":"product-type-simple"},"_links":{"self":[{"href":"https:\/\/prompt-place.com\/tr\/wp-json\/wp\/v2\/product\/24409","targetHints":{"allow":["GET"]}}],"collection":[{"href":"https:\/\/prompt-place.com\/tr\/wp-json\/wp\/v2\/product"}],"about":[{"href":"https:\/\/prompt-place.com\/tr\/wp-json\/wp\/v2\/types\/product"}],"replies":[{"embeddable":true,"href":"https:\/\/prompt-place.com\/tr\/wp-json\/wp\/v2\/comments?post=24409"}],"wp:featuredmedia":[{"embeddable":true,"href":"https:\/\/prompt-place.com\/tr\/wp-json\/wp\/v2\/media\/21725"}],"wp:attachment":[{"href":"https:\/\/prompt-place.com\/tr\/wp-json\/wp\/v2\/media?parent=24409"}],"wp:term":[{"taxonomy":"product_brand","embeddable":true,"href":"https:\/\/prompt-place.com\/tr\/wp-json\/wp\/v2\/product_brand?post=24409"},{"taxonomy":"product_cat","embeddable":true,"href":"https:\/\/prompt-place.com\/tr\/wp-json\/wp\/v2\/product_cat?post=24409"},{"taxonomy":"product_tag","embeddable":true,"href":"https:\/\/prompt-place.com\/tr\/wp-json\/wp\/v2\/product_tag?post=24409"}],"curies":[{"name":"wp","href":"https:\/\/api.w.org\/{rel}","templated":true}]}}