{"id":24406,"date":"2026-01-09T11:46:55","date_gmt":"2026-01-09T11:46:55","guid":{"rendered":"http:\/\/prompt-place.com\/product\/gradyan-estetigi-ile-zarif-is-infografigi\/"},"modified":"2026-01-09T11:46:55","modified_gmt":"2026-01-09T11:46:55","slug":"gradyan-estetigi-ile-zarif-is-infografigi","status":"publish","type":"product","link":"https:\/\/prompt-place.com\/tr\/urun\/gradyan-estetigi-ile-zarif-is-infografigi\/","title":{"rendered":"Gradyan Esteti\u011fi ile Zarif \u0130\u015f \u0130nfografi\u011fi"},"content":{"rendered":"<p>P\u00fcr\u00fczs\u00fcz modern degradeler (mavi-mor, deniz mavisi veya yumu\u015fak pastel renkler), temiz geometrik \u015fekiller, dengeli aral\u0131klar ve g\u00fc\u00e7l\u00fc g\u00f6rsel hiyerar\u015fi i\u00e7eren minimalist, profesyonel bir i\u015f infografi\u011fi olu\u015fturun; okunabilir metin veya logo i\u00e7ermeyen basitle\u015ftirilmi\u015f \u015fekiller (\u00e7ubuklar, \u00e7izgiler, daireler, kartlar) kullanarak grafikler, simgeler, zaman \u00e7izelgeleri, KPI&#8217;lar ve s\u00fcre\u00e7 ad\u0131mlar\u0131 gibi soyut i\u015f \u00f6\u011felerini ekleyin; Birinci s\u0131n\u0131f, sakin bir kurumsal hava yaratmak i\u00e7in ince derinlikli, y\u00fcksek kontrastl\u0131 ve yumu\u015fak vurgulara sahip yumu\u015fak bir gradyan arka plan kullan\u0131n; infografi\u011fi net b\u00f6l\u00fcmlere, d\u00fczenli hizalamaya ve geni\u015f beyaz bo\u015flu\u011fa sahip temiz bir dikey veya yatay d\u00fczende olu\u015fturun ve da\u011f\u0131n\u0131kl\u0131ktan ka\u00e7\u0131n\u0131n; net kenarlar, g\u00fcr\u00fclt\u00fc, karikat\u00fcr g\u00f6r\u00fcn\u00fcm\u00fc, bozuk metin ve filigran i\u00e7ermeyen ultra temiz vekt\u00f6r benzeri bir stilde olu\u015fturun.<\/p>\n","protected":false},"excerpt":{"rendered":"<p>P\u00fcr\u00fczs\u00fcz modern degradeler (mavi-mor, deniz mavisi veya yumu\u015fak pastel renkler), temiz geometrik \u015fekiller, dengeli aral\u0131klar ve g\u00fc\u00e7l\u00fc g\u00f6rsel hiyerar\u015fi i\u00e7eren minimalist, profesyonel bir i\u015f infografi\u011fi olu\u015fturun; okunabilir metin veya logo i\u00e7ermeyen basitle\u015ftirilmi\u015f \u015fekiller (\u00e7ubuklar, \u00e7izgiler, daireler, kartlar) kullanarak grafikler, simgeler, zaman \u00e7izelgeleri, KPI&#8217;lar ve s\u00fcre\u00e7 ad\u0131mlar\u0131 gibi soyut i\u015f \u00f6\u011felerini ekleyin; Birinci s\u0131n\u0131f, sakin bir [&hellip;]<\/p>\n","protected":false},"featured_media":21725,"comment_status":"open","ping_status":"closed","template":"","meta":[],"product_brand":[],"product_cat":[347,348],"product_tag":[2332,3473,3612],"class_list":{"0":"post-24406","1":"product","2":"type-product","3":"status-publish","4":"has-post-thumbnail","6":"product_cat-modeller","7":"product_cat-yolculuk-ortasi-ipuclari","8":"product_tag-infografik","9":"product_tag-is","10":"product_tag-zarif","12":"first","13":"instock","14":"downloadable","15":"virtual","16":"product-type-simple"},"_links":{"self":[{"href":"https:\/\/prompt-place.com\/tr\/wp-json\/wp\/v2\/product\/24406","targetHints":{"allow":["GET"]}}],"collection":[{"href":"https:\/\/prompt-place.com\/tr\/wp-json\/wp\/v2\/product"}],"about":[{"href":"https:\/\/prompt-place.com\/tr\/wp-json\/wp\/v2\/types\/product"}],"replies":[{"embeddable":true,"href":"https:\/\/prompt-place.com\/tr\/wp-json\/wp\/v2\/comments?post=24406"}],"wp:featuredmedia":[{"embeddable":true,"href":"https:\/\/prompt-place.com\/tr\/wp-json\/wp\/v2\/media\/21725"}],"wp:attachment":[{"href":"https:\/\/prompt-place.com\/tr\/wp-json\/wp\/v2\/media?parent=24406"}],"wp:term":[{"taxonomy":"product_brand","embeddable":true,"href":"https:\/\/prompt-place.com\/tr\/wp-json\/wp\/v2\/product_brand?post=24406"},{"taxonomy":"product_cat","embeddable":true,"href":"https:\/\/prompt-place.com\/tr\/wp-json\/wp\/v2\/product_cat?post=24406"},{"taxonomy":"product_tag","embeddable":true,"href":"https:\/\/prompt-place.com\/tr\/wp-json\/wp\/v2\/product_tag?post=24406"}],"curies":[{"name":"wp","href":"https:\/\/api.w.org\/{rel}","templated":true}]}}