{"id":24400,"date":"2026-01-06T09:42:22","date_gmt":"2026-01-06T09:42:22","guid":{"rendered":"http:\/\/prompt-place.com\/product\/yapay-zeka-cok-kanalli-reklam-etkinligi-degerlendirme-asistani\/"},"modified":"2026-01-06T09:42:22","modified_gmt":"2026-01-06T09:42:22","slug":"yapay-zeka-cok-kanalli-reklam-etkinligi-degerlendirme-asistani","status":"publish","type":"product","link":"https:\/\/prompt-place.com\/tr\/urun\/yapay-zeka-cok-kanalli-reklam-etkinligi-degerlendirme-asistani\/","title":{"rendered":"Yapay Zeka \u00c7ok Kanall\u0131 Reklam Etkinli\u011fi De\u011ferlendirme Asistan\u0131"},"content":{"rendered":"<p>Bu istem, yapay zeka modellerinin birden fazla pazarlama kanal\u0131nda reklam etkinli\u011fini de\u011ferlendirmesini sa\u011flar. Pazarlama ve b\u00fcy\u00fcme ekiplerinin kanal performans\u0131n\u0131 anlamas\u0131na, optimizasyon f\u0131rsatlar\u0131n\u0131 belirlemesine ve veriye dayal\u0131 b\u00fct\u00e7e tahsisi kararlar\u0131 almas\u0131na yard\u0131mc\u0131 olur. <\/p>\n","protected":false},"excerpt":{"rendered":"<p>Bu istem, yapay zeka modellerinin birden fazla pazarlama kanal\u0131nda reklam etkinli\u011fini de\u011ferlendirmesini sa\u011flar. Pazarlama ve b\u00fcy\u00fcme ekiplerinin kanal performans\u0131n\u0131 anlamas\u0131na, optimizasyon f\u0131rsatlar\u0131n\u0131 belirlemesine ve veriye dayal\u0131 b\u00fct\u00e7e tahsisi kararlar\u0131 almas\u0131na yard\u0131mc\u0131 olur.<\/p>\n","protected":false},"featured_media":21520,"comment_status":"open","ping_status":"closed","template":"","meta":[],"product_brand":[],"product_cat":[756,347],"product_tag":[2597,3599,3600,2115,3597,1967,1617],"class_list":{"0":"post-24400","1":"product","2":"type-product","3":"status-publish","4":"has-post-thumbnail","6":"product_cat-chatgpt-istemleri","7":"product_cat-modeller","8":"product_tag-buyume-stratejisi","9":"product_tag-cok-kanalli-pazarlama","10":"product_tag-pazarlama-analizi","11":"product_tag-performans-analizi","12":"product_tag-reklam-etkinlik","13":"product_tag-roi","14":"product_tag-uretime-hazir","16":"first","17":"instock","18":"downloadable","19":"virtual","20":"product-type-simple"},"_links":{"self":[{"href":"https:\/\/prompt-place.com\/tr\/wp-json\/wp\/v2\/product\/24400","targetHints":{"allow":["GET"]}}],"collection":[{"href":"https:\/\/prompt-place.com\/tr\/wp-json\/wp\/v2\/product"}],"about":[{"href":"https:\/\/prompt-place.com\/tr\/wp-json\/wp\/v2\/types\/product"}],"replies":[{"embeddable":true,"href":"https:\/\/prompt-place.com\/tr\/wp-json\/wp\/v2\/comments?post=24400"}],"wp:featuredmedia":[{"embeddable":true,"href":"https:\/\/prompt-place.com\/tr\/wp-json\/wp\/v2\/media\/21520"}],"wp:attachment":[{"href":"https:\/\/prompt-place.com\/tr\/wp-json\/wp\/v2\/media?parent=24400"}],"wp:term":[{"taxonomy":"product_brand","embeddable":true,"href":"https:\/\/prompt-place.com\/tr\/wp-json\/wp\/v2\/product_brand?post=24400"},{"taxonomy":"product_cat","embeddable":true,"href":"https:\/\/prompt-place.com\/tr\/wp-json\/wp\/v2\/product_cat?post=24400"},{"taxonomy":"product_tag","embeddable":true,"href":"https:\/\/prompt-place.com\/tr\/wp-json\/wp\/v2\/product_tag?post=24400"}],"curies":[{"name":"wp","href":"https:\/\/api.w.org\/{rel}","templated":true}]}}