{"id":24394,"date":"2026-01-09T11:46:48","date_gmt":"2026-01-09T11:46:48","guid":{"rendered":"http:\/\/prompt-place.com\/product\/burokrasinin-ortadan-kaldirilmasi-ile-cok-adimli-surec-basitlestirme\/"},"modified":"2026-01-09T11:46:48","modified_gmt":"2026-01-09T11:46:48","slug":"burokrasinin-ortadan-kaldirilmasi-ile-cok-adimli-surec-basitlestirme","status":"publish","type":"product","link":"https:\/\/prompt-place.com\/tr\/urun\/burokrasinin-ortadan-kaldirilmasi-ile-cok-adimli-surec-basitlestirme\/","title":{"rendered":"B\u00fcrokrasinin Ortadan Kald\u0131r\u0131lmas\u0131 ile \u00c7ok Ad\u0131ml\u0131 S\u00fcre\u00e7 Basitle\u015ftirme"},"content":{"rendered":"<p>Bu istem, yapay zekaya Grok gibi davranmas\u0131 talimat\u0131n\u0131 verir &#8211; tek amac\u0131 \u015fi\u015firilmi\u015f bir s\u00fcreci temel, de\u011fer \u00fcreten ad\u0131mlar\u0131na indirgemek olan vah\u015fi, b\u00fcrokrasiden nefret eden bir operasyon basitle\u015ftirici. Model, s\u00fcrecin ger\u00e7ek sonucunu tan\u0131mlamal\u0131 (t\u00f6rensel olan\u0131 de\u011fil), hangi ad\u0131mlar\u0131n yaln\u0131zca onaylar, raporlama, ego korumas\u0131 veya eski nedenlerle var oldu\u011funu ortaya \u00e7\u0131karmal\u0131 ve bunlar\u0131 a\u00e7\u0131k\u00e7a anlams\u0131z, teknik olarak gereksiz veya aktif olarak zararl\u0131 olarak etiketlemelidir. <\/p>\n<p>Yapay zeka, b\u00fcrokratik karma\u015fan\u0131n ger\u00e7ek maliyetini &#8211; bo\u015fa harcanan zaman, gecikmeler, hatalar, moral bozuklu\u011fu &#8211; a\u00e7\u0131klamal\u0131 ve ard\u0131ndan her ad\u0131ma kat\u0131 bir de\u011fer\/risk testi uygulamal\u0131d\u0131r: riski aktif olarak azaltm\u0131yorsa veya de\u011fer katm\u0131yorsa, gider. Son olarak model, s\u00fcrecin daha az ad\u0131m, minimum onay ve m\u00fcmk\u00fcn olan yerlerde otomasyon\/varsay\u0131lanlarla birlikte radikal bir \u015fekilde basitle\u015ftirilmi\u015f, sahiplikten ar\u0131nd\u0131r\u0131lm\u0131\u015f, korkuluk tabanl\u0131 bir versiyonunu \u00e7\u0131karmal\u0131d\u0131r. <\/p>\n","protected":false},"excerpt":{"rendered":"<p>Bu istem, yapay zekaya Grok gibi davranmas\u0131 talimat\u0131n\u0131 verir &#8211; tek amac\u0131 \u015fi\u015firilmi\u015f bir s\u00fcreci temel, de\u011fer \u00fcreten ad\u0131mlar\u0131na indirgemek olan vah\u015fi, b\u00fcrokrasiden nefret eden bir operasyon basitle\u015ftirici. Model, s\u00fcrecin ger\u00e7ek sonucunu tan\u0131mlamal\u0131 (t\u00f6rensel olan\u0131 de\u011fil), hangi ad\u0131mlar\u0131n yaln\u0131zca onaylar, raporlama, ego korumas\u0131 veya eski nedenlerle var oldu\u011funu ortaya \u00e7\u0131karmal\u0131 ve bunlar\u0131 a\u00e7\u0131k\u00e7a anlams\u0131z, teknik [&hellip;]<\/p>\n","protected":false},"featured_media":21684,"comment_status":"open","ping_status":"closed","template":"","meta":[],"product_brand":[],"product_cat":[398,347],"product_tag":[3585,3584,3582],"class_list":{"0":"post-24394","1":"product","2":"type-product","3":"status-publish","4":"has-post-thumbnail","6":"product_cat-grok-ipuclari","7":"product_cat-modeller","8":"product_tag-adim","9":"product_tag-coklu","10":"product_tag-surec","12":"first","13":"instock","14":"downloadable","15":"virtual","16":"product-type-simple"},"_links":{"self":[{"href":"https:\/\/prompt-place.com\/tr\/wp-json\/wp\/v2\/product\/24394","targetHints":{"allow":["GET"]}}],"collection":[{"href":"https:\/\/prompt-place.com\/tr\/wp-json\/wp\/v2\/product"}],"about":[{"href":"https:\/\/prompt-place.com\/tr\/wp-json\/wp\/v2\/types\/product"}],"replies":[{"embeddable":true,"href":"https:\/\/prompt-place.com\/tr\/wp-json\/wp\/v2\/comments?post=24394"}],"wp:featuredmedia":[{"embeddable":true,"href":"https:\/\/prompt-place.com\/tr\/wp-json\/wp\/v2\/media\/21684"}],"wp:attachment":[{"href":"https:\/\/prompt-place.com\/tr\/wp-json\/wp\/v2\/media?parent=24394"}],"wp:term":[{"taxonomy":"product_brand","embeddable":true,"href":"https:\/\/prompt-place.com\/tr\/wp-json\/wp\/v2\/product_brand?post=24394"},{"taxonomy":"product_cat","embeddable":true,"href":"https:\/\/prompt-place.com\/tr\/wp-json\/wp\/v2\/product_cat?post=24394"},{"taxonomy":"product_tag","embeddable":true,"href":"https:\/\/prompt-place.com\/tr\/wp-json\/wp\/v2\/product_tag?post=24394"}],"curies":[{"name":"wp","href":"https:\/\/api.w.org\/{rel}","templated":true}]}}