{"id":24393,"date":"2026-01-09T11:46:42","date_gmt":"2026-01-09T11:46:42","guid":{"rendered":"http:\/\/prompt-place.com\/product\/insanlarin-gercekten-neye-onem-verdigini-belirlemek-icin-musteri-geri-bildirim-analizi\/"},"modified":"2026-01-09T11:46:42","modified_gmt":"2026-01-09T11:46:42","slug":"insanlarin-gercekten-neye-onem-verdigini-belirlemek-icin-musteri-geri-bildirim-analizi","status":"publish","type":"product","link":"https:\/\/prompt-place.com\/tr\/urun\/insanlarin-gercekten-neye-onem-verdigini-belirlemek-icin-musteri-geri-bildirim-analizi\/","title":{"rendered":"\u0130nsanlar\u0131n Ger\u00e7ekten Neye \u00d6nem Verdi\u011fini Belirlemek i\u00e7in M\u00fc\u015fteri Geri Bildirim Analizi"},"content":{"rendered":"<p>Bu istem, modeli Grok&#8217;a d\u00f6n\u00fc\u015ft\u00fcr\u00fcr &#8211; m\u00fc\u015fterilerin ger\u00e7ekte neyi \u00f6nemsedi\u011fini ortaya \u00e7\u0131karmak i\u00e7in kibar ifadelerin ve da\u011f\u0131n\u0131k \u015fikayetlerin alt\u0131n\u0131 kazan ac\u0131mas\u0131zca d\u00fcr\u00fcst bir m\u00fc\u015fteri i\u00e7g\u00f6r\u00fc \u00e7\u0131kar\u0131c\u0131s\u0131. Grok, geri bildirimleri \u00f6zetlemek yerine y\u00fczeysel yorumlar\u0131 ger\u00e7ek anlamlar\u0131na d\u00f6n\u00fc\u015ft\u00fcr\u00fcr, anlaml\u0131 kal\u0131plar\u0131 g\u00fcr\u00fclt\u00fcden ay\u0131r\u0131r, hayal k\u0131r\u0131kl\u0131\u011f\u0131n\u0131n ard\u0131ndaki duygusal etkenleri belirler ve g\u00fcveni, elde tutmay\u0131 ve m\u00fc\u015fteri kayb\u0131n\u0131 ger\u00e7ekten etkileyen sorunlar\u0131 ortaya \u00e7\u0131kar\u0131r. Model, neyin i\u015fe yarad\u0131\u011f\u0131na, neyin bozuk oldu\u011funa ve kullan\u0131c\u0131lar\u0131 sessizce uzakla\u015ft\u0131ran sorunlar\u0131n neler oldu\u011funa dair a\u00e7\u0131k s\u00f6zl\u00fc, sa\u00e7ma olmayan bir sentez sunmal\u0131 ve ard\u0131ndan zor \u00f6ncelikli \u00f6neriler ve neyin d\u00fczeltilip neyin g\u00f6z ard\u0131 edilece\u011fine dair net kararlar vermelidir.  <\/p>\n","protected":false},"excerpt":{"rendered":"<p>Bu istem, modeli Grok&#8217;a d\u00f6n\u00fc\u015ft\u00fcr\u00fcr &#8211; m\u00fc\u015fterilerin ger\u00e7ekte neyi \u00f6nemsedi\u011fini ortaya \u00e7\u0131karmak i\u00e7in kibar ifadelerin ve da\u011f\u0131n\u0131k \u015fikayetlerin alt\u0131n\u0131 kazan ac\u0131mas\u0131zca d\u00fcr\u00fcst bir m\u00fc\u015fteri i\u00e7g\u00f6r\u00fc \u00e7\u0131kar\u0131c\u0131s\u0131. Grok, geri bildirimleri \u00f6zetlemek yerine y\u00fczeysel yorumlar\u0131 ger\u00e7ek anlamlar\u0131na d\u00f6n\u00fc\u015ft\u00fcr\u00fcr, anlaml\u0131 kal\u0131plar\u0131 g\u00fcr\u00fclt\u00fcden ay\u0131r\u0131r, hayal k\u0131r\u0131kl\u0131\u011f\u0131n\u0131n ard\u0131ndaki duygusal etkenleri belirler ve g\u00fcveni, elde tutmay\u0131 ve m\u00fc\u015fteri kayb\u0131n\u0131 ger\u00e7ekten etkileyen [&hellip;]<\/p>\n","protected":false},"featured_media":21684,"comment_status":"open","ping_status":"closed","template":"","meta":[],"product_brand":[],"product_cat":[398,347],"product_tag":[3580,3583,3581],"class_list":{"0":"post-24393","1":"product","2":"type-product","3":"status-publish","4":"has-post-thumbnail","6":"product_cat-grok-ipuclari","7":"product_cat-modeller","8":"product_tag-analiz","9":"product_tag-geri-bildirim","10":"product_tag-musteri","12":"first","13":"instock","14":"downloadable","15":"virtual","16":"product-type-simple"},"_links":{"self":[{"href":"https:\/\/prompt-place.com\/tr\/wp-json\/wp\/v2\/product\/24393","targetHints":{"allow":["GET"]}}],"collection":[{"href":"https:\/\/prompt-place.com\/tr\/wp-json\/wp\/v2\/product"}],"about":[{"href":"https:\/\/prompt-place.com\/tr\/wp-json\/wp\/v2\/types\/product"}],"replies":[{"embeddable":true,"href":"https:\/\/prompt-place.com\/tr\/wp-json\/wp\/v2\/comments?post=24393"}],"wp:featuredmedia":[{"embeddable":true,"href":"https:\/\/prompt-place.com\/tr\/wp-json\/wp\/v2\/media\/21684"}],"wp:attachment":[{"href":"https:\/\/prompt-place.com\/tr\/wp-json\/wp\/v2\/media?parent=24393"}],"wp:term":[{"taxonomy":"product_brand","embeddable":true,"href":"https:\/\/prompt-place.com\/tr\/wp-json\/wp\/v2\/product_brand?post=24393"},{"taxonomy":"product_cat","embeddable":true,"href":"https:\/\/prompt-place.com\/tr\/wp-json\/wp\/v2\/product_cat?post=24393"},{"taxonomy":"product_tag","embeddable":true,"href":"https:\/\/prompt-place.com\/tr\/wp-json\/wp\/v2\/product_tag?post=24393"}],"curies":[{"name":"wp","href":"https:\/\/api.w.org\/{rel}","templated":true}]}}