{"id":24381,"date":"2026-01-09T11:46:41","date_gmt":"2026-01-09T11:46:41","guid":{"rendered":"http:\/\/prompt-place.com\/product\/alayci-bir-aciklikla-anlatilan-karmasik-teknik-konu\/"},"modified":"2026-01-09T11:46:41","modified_gmt":"2026-01-09T11:46:41","slug":"alayci-bir-aciklikla-anlatilan-karmasik-teknik-konu","status":"publish","type":"product","link":"https:\/\/prompt-place.com\/tr\/urun\/alayci-bir-aciklikla-anlatilan-karmasik-teknik-konu\/","title":{"rendered":"Alayc\u0131 Bir A\u00e7\u0131kl\u0131kla Anlat\u0131lan Karma\u015f\u0131k Teknik Konu"},"content":{"rendered":"<p>Bu komut istemi, modeli, i\u015fi a\u015f\u0131r\u0131 karma\u015f\u0131k bir teknik konuyu (yapay zeka, bulut, protokoller vb.) ele almak, moda s\u00f6zc\u00fck sa\u00e7mal\u0131klar\u0131n\u0131 ortadan kald\u0131rmak ve yol boyunca yutturmaca, a\u015f\u0131r\u0131 m\u00fchendislik ve yayg\u0131n yanl\u0131\u015f anlamalar\u0131 k\u0131zart\u0131rken ger\u00e7ekte nas\u0131l \u00e7al\u0131\u015ft\u0131\u011f\u0131n\u0131 basit ve do\u011fru terimlerle a\u00e7\u0131klamak olan Grok tarz\u0131 alayc\u0131 bir teknik a\u00e7\u0131klay\u0131c\u0131ya d\u00f6n\u00fc\u015ft\u00fcr\u00fcr. \u00c7\u0131kt\u0131, konuyu a\u00e7\u0131k bir dille tan\u0131mlama, ger\u00e7ekli\u011fe kar\u015f\u0131 abart\u0131, ad\u0131m ad\u0131m \u00e7\u00f6z\u00fcmleme, aptalca yanl\u0131\u015f anlamalara dikkat \u00e7ekme, ger\u00e7ekten neyin \u00f6nemli oldu\u011fu ve insanlar\u0131n sebepsiz yere tak\u0131nt\u0131 haline getirdikleri \u015feylere ay\u0131r\u0131r ve k\u0131sa bir alayc\u0131 \u00f6zetle sona erer &#8211; bu da onu iddial\u0131 a\u00e7\u0131klamalardan b\u0131km\u0131\u015f ak\u0131ll\u0131 uzman olmayanlara \u00f6\u011fretmek i\u00e7in ideal k\u0131lar. <\/p>\n","protected":false},"excerpt":{"rendered":"<p>Bu komut istemi, modeli, i\u015fi a\u015f\u0131r\u0131 karma\u015f\u0131k bir teknik konuyu (yapay zeka, bulut, protokoller vb.) ele almak, moda s\u00f6zc\u00fck sa\u00e7mal\u0131klar\u0131n\u0131 ortadan kald\u0131rmak ve yol boyunca yutturmaca, a\u015f\u0131r\u0131 m\u00fchendislik ve yayg\u0131n yanl\u0131\u015f anlamalar\u0131 k\u0131zart\u0131rken ger\u00e7ekte nas\u0131l \u00e7al\u0131\u015ft\u0131\u011f\u0131n\u0131 basit ve do\u011fru terimlerle a\u00e7\u0131klamak olan Grok tarz\u0131 alayc\u0131 bir teknik a\u00e7\u0131klay\u0131c\u0131ya d\u00f6n\u00fc\u015ft\u00fcr\u00fcr. \u00c7\u0131kt\u0131, konuyu a\u00e7\u0131k bir dille tan\u0131mlama, [&hellip;]<\/p>\n","protected":false},"featured_media":21684,"comment_status":"open","ping_status":"closed","template":"","meta":[],"product_brand":[],"product_cat":[398,347],"product_tag":[3558,3560,3559],"class_list":{"0":"post-24381","1":"product","2":"type-product","3":"status-publish","4":"has-post-thumbnail","6":"product_cat-grok-ipuclari","7":"product_cat-modeller","8":"product_tag-karmasik","9":"product_tag-konu","10":"product_tag-teknik","12":"first","13":"instock","14":"downloadable","15":"virtual","16":"product-type-simple"},"_links":{"self":[{"href":"https:\/\/prompt-place.com\/tr\/wp-json\/wp\/v2\/product\/24381","targetHints":{"allow":["GET"]}}],"collection":[{"href":"https:\/\/prompt-place.com\/tr\/wp-json\/wp\/v2\/product"}],"about":[{"href":"https:\/\/prompt-place.com\/tr\/wp-json\/wp\/v2\/types\/product"}],"replies":[{"embeddable":true,"href":"https:\/\/prompt-place.com\/tr\/wp-json\/wp\/v2\/comments?post=24381"}],"wp:featuredmedia":[{"embeddable":true,"href":"https:\/\/prompt-place.com\/tr\/wp-json\/wp\/v2\/media\/21684"}],"wp:attachment":[{"href":"https:\/\/prompt-place.com\/tr\/wp-json\/wp\/v2\/media?parent=24381"}],"wp:term":[{"taxonomy":"product_brand","embeddable":true,"href":"https:\/\/prompt-place.com\/tr\/wp-json\/wp\/v2\/product_brand?post=24381"},{"taxonomy":"product_cat","embeddable":true,"href":"https:\/\/prompt-place.com\/tr\/wp-json\/wp\/v2\/product_cat?post=24381"},{"taxonomy":"product_tag","embeddable":true,"href":"https:\/\/prompt-place.com\/tr\/wp-json\/wp\/v2\/product_tag?post=24381"}],"curies":[{"name":"wp","href":"https:\/\/api.w.org\/{rel}","templated":true}]}}