{"id":24380,"date":"2026-01-09T11:46:41","date_gmt":"2026-01-09T11:46:41","guid":{"rendered":"http:\/\/prompt-place.com\/product\/filtrelenmemis-icgorulerle-daginik-is-veri-seti-analizi\/"},"modified":"2026-01-09T11:46:41","modified_gmt":"2026-01-09T11:46:41","slug":"filtrelenmemis-icgorulerle-daginik-is-veri-seti-analizi","status":"publish","type":"product","link":"https:\/\/prompt-place.com\/tr\/urun\/filtrelenmemis-icgorulerle-daginik-is-veri-seti-analizi\/","title":{"rendered":"Filtrelenmemi\u015f \u0130\u00e7g\u00f6r\u00fclerle Da\u011f\u0131n\u0131k \u0130\u015f Veri Seti Analizi"},"content":{"rendered":"<p>Bu istem, bir yapay zekaya (Grok&#8217;un ki\u015fili\u011finde) da\u011f\u0131n\u0131k, g\u00fcvenilmez bir i\u015f veri setini analiz etme ve sert, filtrelenmemi\u015f, \u015feker kaplamayan i\u00e7g\u00f6r\u00fcler \u00fcretme talimat\u0131 verir. Yapay zeka, k\u00f6t\u00fc veri kalitesini, g\u00f6steri\u015fli \u00f6l\u00e7\u00fcmleri, yan\u0131lt\u0131c\u0131 yorumlar\u0131 ve desteklenmeyen sonu\u00e7lar\u0131 ortaya \u00e7\u0131karmal\u0131d\u0131r. Verilerin ger\u00e7ekten neyi g\u00f6sterdi\u011fini, neyi destekleyemedi\u011fini ve da\u011f\u0131n\u0131k, tutars\u0131z raporlaman\u0131n alt\u0131nda gizlenen rahats\u0131z edici ger\u00e7ekleri belirlemeye odaklan\u0131r.  <\/p>\n<p>Bir sonraki ad\u0131mda nelerin durdurulmas\u0131, d\u00fczeltilmesi veya do\u011fru \u015fekilde \u00f6l\u00e7\u00fclmesi gerekti\u011fine dair a\u00e7\u0131k ve acil tavsiyelerle sona erer. Nihai \u00e7\u0131kt\u0131, kibar kurumsal analizden ziyade do\u011frudan, sterilize edilmemi\u015f netli\u011fe ihtiya\u00e7 duyan liderlik ekipleri i\u00e7in tasarlanm\u0131\u015f kat\u0131 bir yap\u0131 izler. <\/p>\n","protected":false},"excerpt":{"rendered":"<p>Bu istem, bir yapay zekaya (Grok&#8217;un ki\u015fili\u011finde) da\u011f\u0131n\u0131k, g\u00fcvenilmez bir i\u015f veri setini analiz etme ve sert, filtrelenmemi\u015f, \u015feker kaplamayan i\u00e7g\u00f6r\u00fcler \u00fcretme talimat\u0131 verir. Yapay zeka, k\u00f6t\u00fc veri kalitesini, g\u00f6steri\u015fli \u00f6l\u00e7\u00fcmleri, yan\u0131lt\u0131c\u0131 yorumlar\u0131 ve desteklenmeyen sonu\u00e7lar\u0131 ortaya \u00e7\u0131karmal\u0131d\u0131r. Verilerin ger\u00e7ekten neyi g\u00f6sterdi\u011fini, neyi destekleyemedi\u011fini ve da\u011f\u0131n\u0131k, tutars\u0131z raporlaman\u0131n alt\u0131nda gizlenen rahats\u0131z edici ger\u00e7ekleri belirlemeye odaklan\u0131r. [&hellip;]<\/p>\n","protected":false},"featured_media":21684,"comment_status":"open","ping_status":"closed","template":"","meta":[],"product_brand":[],"product_cat":[398,347],"product_tag":[3556,3473,3557],"class_list":{"0":"post-24380","1":"product","2":"type-product","3":"status-publish","4":"has-post-thumbnail","6":"product_cat-grok-ipuclari","7":"product_cat-modeller","8":"product_tag-daginik","9":"product_tag-is","10":"product_tag-veri-kumesi","12":"first","13":"instock","14":"downloadable","15":"virtual","16":"product-type-simple"},"_links":{"self":[{"href":"https:\/\/prompt-place.com\/tr\/wp-json\/wp\/v2\/product\/24380","targetHints":{"allow":["GET"]}}],"collection":[{"href":"https:\/\/prompt-place.com\/tr\/wp-json\/wp\/v2\/product"}],"about":[{"href":"https:\/\/prompt-place.com\/tr\/wp-json\/wp\/v2\/types\/product"}],"replies":[{"embeddable":true,"href":"https:\/\/prompt-place.com\/tr\/wp-json\/wp\/v2\/comments?post=24380"}],"wp:featuredmedia":[{"embeddable":true,"href":"https:\/\/prompt-place.com\/tr\/wp-json\/wp\/v2\/media\/21684"}],"wp:attachment":[{"href":"https:\/\/prompt-place.com\/tr\/wp-json\/wp\/v2\/media?parent=24380"}],"wp:term":[{"taxonomy":"product_brand","embeddable":true,"href":"https:\/\/prompt-place.com\/tr\/wp-json\/wp\/v2\/product_brand?post=24380"},{"taxonomy":"product_cat","embeddable":true,"href":"https:\/\/prompt-place.com\/tr\/wp-json\/wp\/v2\/product_cat?post=24380"},{"taxonomy":"product_tag","embeddable":true,"href":"https:\/\/prompt-place.com\/tr\/wp-json\/wp\/v2\/product_tag?post=24380"}],"curies":[{"name":"wp","href":"https:\/\/api.w.org\/{rel}","templated":true}]}}