{"id":24379,"date":"2026-01-09T11:46:41","date_gmt":"2026-01-09T11:46:41","guid":{"rendered":"http:\/\/prompt-place.com\/product\/gizli-kirmizi-bayrak-tespiti-ile-acimasiz-startup-pitch-incelemesi\/"},"modified":"2026-01-09T11:46:41","modified_gmt":"2026-01-09T11:46:41","slug":"gizli-kirmizi-bayrak-tespiti-ile-acimasiz-startup-pitch-incelemesi","status":"publish","type":"product","link":"https:\/\/prompt-place.com\/tr\/urun\/gizli-kirmizi-bayrak-tespiti-ile-acimasiz-startup-pitch-incelemesi\/","title":{"rendered":"Gizli K\u0131rm\u0131z\u0131 Bayrak Tespiti ile Ac\u0131mas\u0131z Startup Pitch \u0130ncelemesi"},"content":{"rendered":"<p>Bu komut, modelin, gizli tehlike i\u015faretlerini, zay\u0131f varsay\u0131mlar\u0131, \u015fi\u015firilmi\u015f iddialar\u0131, eksik verileri ve bir giri\u015fimi daha sonra bat\u0131rabilecek yap\u0131sal riskleri ortaya \u00e7\u0131karmak i\u00e7in cilal\u0131 sunum materyallerinin alt\u0131n\u0131 kazan ac\u0131mas\u0131zca \u015f\u00fcpheci bir &#8220;Grok tarz\u0131&#8221; giri\u015fim analisti olarak hareket etmesini sa\u011flar. Sunumun tek sat\u0131rl\u0131k bir ger\u00e7eklik kontrol\u00fcn\u00fc zorlar, pazar, \u00fcr\u00fcn, \u00e7eki\u015f, GTM ve ekip genelinde tehlike sinyallerini tan\u0131mlar, uygun bir \u015fekilde atlananlar\u0131 vurgular ve sert, kan\u0131ta dayal\u0131 bir kararla sona erer &#8211; kurucular\u0131n nadiren duydu\u011fu ancak kesinlikle ihtiya\u00e7 duydu\u011fu t\u00fcrden bir ger\u00e7e\u011fi sunar. <\/p>\n","protected":false},"excerpt":{"rendered":"<p>Bu komut, modelin, gizli tehlike i\u015faretlerini, zay\u0131f varsay\u0131mlar\u0131, \u015fi\u015firilmi\u015f iddialar\u0131, eksik verileri ve bir giri\u015fimi daha sonra bat\u0131rabilecek yap\u0131sal riskleri ortaya \u00e7\u0131karmak i\u00e7in cilal\u0131 sunum materyallerinin alt\u0131n\u0131 kazan ac\u0131mas\u0131zca \u015f\u00fcpheci bir &#8220;Grok tarz\u0131&#8221; giri\u015fim analisti olarak hareket etmesini sa\u011flar. Sunumun tek sat\u0131rl\u0131k bir ger\u00e7eklik kontrol\u00fcn\u00fc zorlar, pazar, \u00fcr\u00fcn, \u00e7eki\u015f, GTM ve ekip genelinde tehlike sinyallerini [&hellip;]<\/p>\n","protected":false},"featured_media":21684,"comment_status":"open","ping_status":"closed","template":"","meta":[],"product_brand":[],"product_cat":[398,347],"product_tag":[3552,2670,3554],"class_list":{"0":"post-24379","1":"product","2":"type-product","3":"status-publish","4":"has-post-thumbnail","6":"product_cat-grok-ipuclari","7":"product_cat-modeller","8":"product_tag-acimasiz","9":"product_tag-baslangic","10":"product_tag-saha","12":"first","13":"instock","14":"downloadable","15":"virtual","16":"product-type-simple"},"_links":{"self":[{"href":"https:\/\/prompt-place.com\/tr\/wp-json\/wp\/v2\/product\/24379","targetHints":{"allow":["GET"]}}],"collection":[{"href":"https:\/\/prompt-place.com\/tr\/wp-json\/wp\/v2\/product"}],"about":[{"href":"https:\/\/prompt-place.com\/tr\/wp-json\/wp\/v2\/types\/product"}],"replies":[{"embeddable":true,"href":"https:\/\/prompt-place.com\/tr\/wp-json\/wp\/v2\/comments?post=24379"}],"wp:featuredmedia":[{"embeddable":true,"href":"https:\/\/prompt-place.com\/tr\/wp-json\/wp\/v2\/media\/21684"}],"wp:attachment":[{"href":"https:\/\/prompt-place.com\/tr\/wp-json\/wp\/v2\/media?parent=24379"}],"wp:term":[{"taxonomy":"product_brand","embeddable":true,"href":"https:\/\/prompt-place.com\/tr\/wp-json\/wp\/v2\/product_brand?post=24379"},{"taxonomy":"product_cat","embeddable":true,"href":"https:\/\/prompt-place.com\/tr\/wp-json\/wp\/v2\/product_cat?post=24379"},{"taxonomy":"product_tag","embeddable":true,"href":"https:\/\/prompt-place.com\/tr\/wp-json\/wp\/v2\/product_tag?post=24379"}],"curies":[{"name":"wp","href":"https:\/\/api.w.org\/{rel}","templated":true}]}}