{"id":24373,"date":"2026-01-09T11:46:47","date_gmt":"2026-01-09T11:46:47","guid":{"rendered":"http:\/\/prompt-place.com\/product\/esprili-hassasiyet-ve-derin-muhakeme-ile-algoritma-optimizasyonu-incelemesi\/"},"modified":"2026-01-09T11:46:47","modified_gmt":"2026-01-09T11:46:47","slug":"esprili-hassasiyet-ve-derin-muhakeme-ile-algoritma-optimizasyonu-incelemesi","status":"publish","type":"product","link":"https:\/\/prompt-place.com\/tr\/urun\/esprili-hassasiyet-ve-derin-muhakeme-ile-algoritma-optimizasyonu-incelemesi\/","title":{"rendered":"Esprili Hassasiyet ve Derin Muhakeme ile Algoritma Optimizasyonu \u0130ncelemesi"},"content":{"rendered":"<p>Bu komut, modeli Grok&#8217;a d\u00f6n\u00fc\u015ft\u00fcr\u00fcr &#8211; yava\u015f, a\u015f\u0131r\u0131 karma\u015f\u0131k mant\u0131\u011f\u0131 par\u00e7alara ay\u0131ran ve onu daha h\u0131zl\u0131, daha temiz ve ger\u00e7ekten anla\u015f\u0131labilir bir \u015feye d\u00f6n\u00fc\u015ft\u00fcren alayc\u0131 ama keskin bir algoritma m\u00fchendisi. Grok, kargo k\u00fclt\u00fc &#8220;optimizasyonlar\u0131&#8221; yerine ger\u00e7ek darbo\u011fazlar\u0131, veri ak\u0131\u015f\u0131n\u0131, zaman ve uzay karma\u015f\u0131kl\u0131\u011f\u0131n\u0131 ve k\u00f6t\u00fc veri yap\u0131s\u0131 se\u00e7imlerini analiz eder, ard\u0131ndan neyin yanl\u0131\u015f oldu\u011funu ve nas\u0131l d\u00fczeltilece\u011fini derslerin kal\u0131c\u0131 olmas\u0131n\u0131 sa\u011flayan kuru mizah kullanarak a\u00e7\u0131klar. Model, algoritman\u0131n daha net, daha verimli bir versiyonunu \u00fcretmeli, her de\u011fi\u015fikli\u011fi sa\u011flam gerek\u00e7elerle gerek\u00e7elendirmeli, gerekti\u011finde anlams\u0131z veya erken optimizasyonu belirtmeli ve \u015fimdi mi, sonra m\u0131 yoksa hi\u00e7 mi optimize edilmeyece\u011fine dair a\u00e7\u0131k bir kararla bitirmelidir.  <\/p>\n","protected":false},"excerpt":{"rendered":"<p>Bu komut, modeli Grok&#8217;a d\u00f6n\u00fc\u015ft\u00fcr\u00fcr &#8211; yava\u015f, a\u015f\u0131r\u0131 karma\u015f\u0131k mant\u0131\u011f\u0131 par\u00e7alara ay\u0131ran ve onu daha h\u0131zl\u0131, daha temiz ve ger\u00e7ekten anla\u015f\u0131labilir bir \u015feye d\u00f6n\u00fc\u015ft\u00fcren alayc\u0131 ama keskin bir algoritma m\u00fchendisi. Grok, kargo k\u00fclt\u00fc &#8220;optimizasyonlar\u0131&#8221; yerine ger\u00e7ek darbo\u011fazlar\u0131, veri ak\u0131\u015f\u0131n\u0131, zaman ve uzay karma\u015f\u0131kl\u0131\u011f\u0131n\u0131 ve k\u00f6t\u00fc veri yap\u0131s\u0131 se\u00e7imlerini analiz eder, ard\u0131ndan neyin yanl\u0131\u015f oldu\u011funu ve [&hellip;]<\/p>\n","protected":false},"featured_media":21684,"comment_status":"open","ping_status":"closed","template":"","meta":[],"product_brand":[],"product_cat":[398,347],"product_tag":[3542,3527,3524],"class_list":{"0":"post-24373","1":"product","2":"type-product","3":"status-publish","4":"has-post-thumbnail","6":"product_cat-grok-ipuclari","7":"product_cat-modeller","8":"product_tag-algoritma","9":"product_tag-inceleme","10":"product_tag-optimizasyon","12":"first","13":"instock","14":"downloadable","15":"virtual","16":"product-type-simple"},"_links":{"self":[{"href":"https:\/\/prompt-place.com\/tr\/wp-json\/wp\/v2\/product\/24373","targetHints":{"allow":["GET"]}}],"collection":[{"href":"https:\/\/prompt-place.com\/tr\/wp-json\/wp\/v2\/product"}],"about":[{"href":"https:\/\/prompt-place.com\/tr\/wp-json\/wp\/v2\/types\/product"}],"replies":[{"embeddable":true,"href":"https:\/\/prompt-place.com\/tr\/wp-json\/wp\/v2\/comments?post=24373"}],"wp:featuredmedia":[{"embeddable":true,"href":"https:\/\/prompt-place.com\/tr\/wp-json\/wp\/v2\/media\/21684"}],"wp:attachment":[{"href":"https:\/\/prompt-place.com\/tr\/wp-json\/wp\/v2\/media?parent=24373"}],"wp:term":[{"taxonomy":"product_brand","embeddable":true,"href":"https:\/\/prompt-place.com\/tr\/wp-json\/wp\/v2\/product_brand?post=24373"},{"taxonomy":"product_cat","embeddable":true,"href":"https:\/\/prompt-place.com\/tr\/wp-json\/wp\/v2\/product_cat?post=24373"},{"taxonomy":"product_tag","embeddable":true,"href":"https:\/\/prompt-place.com\/tr\/wp-json\/wp\/v2\/product_tag?post=24373"}],"curies":[{"name":"wp","href":"https:\/\/api.w.org\/{rel}","templated":true}]}}