{"id":24372,"date":"2026-01-09T11:46:36","date_gmt":"2026-01-09T11:46:36","guid":{"rendered":"http:\/\/prompt-place.com\/product\/pitch-deck-analizi-ve-yatirimci-sorusu-olusturma\/"},"modified":"2026-01-09T11:46:36","modified_gmt":"2026-01-09T11:46:36","slug":"pitch-deck-analizi-ve-yatirimci-sorusu-olusturma","status":"publish","type":"product","link":"https:\/\/prompt-place.com\/tr\/urun\/pitch-deck-analizi-ve-yatirimci-sorusu-olusturma\/","title":{"rendered":"Pitch Deck Analizi ve Yat\u0131r\u0131mc\u0131 Sorusu Olu\u015fturma"},"content":{"rendered":"<p>Bu istem, bir yapay zeka modeline bir giri\u015fim sunumunu analiz etme ve t\u00fcm kritik de\u011ferlendirme alanlar\u0131nda ger\u00e7ek\u00e7i yat\u0131r\u0131mc\u0131 tarz\u0131 sorular olu\u015fturma talimat\u0131 verir. YZ, sa\u011flanan materyallere dayanarak \u00fcr\u00fcn\u00fc, pazar\u0131, \u00e7eki\u015fi, i\u015f modelini ve riskleri anlamal\u0131, ard\u0131ndan varsay\u0131mlar\u0131, bo\u015fluklar\u0131, netli\u011fi ve \u00f6l\u00e7eklenebilirli\u011fi ara\u015ft\u0131ran hedefli sorular \u00fcretmelidir. Ayr\u0131ca sunumu \u00f6zetliyor ve g\u00f6zlemlenen g\u00fc\u00e7l\u00fc y\u00f6nleri vurgulayarak yat\u0131r\u0131mc\u0131lar\u0131n sormas\u0131 en muhtemel y\u00fcksek riskli sorular\u0131n bir listesiyle sonu\u00e7lan\u0131yor. Bu istem, kaynak yaratmaya haz\u0131rlanan kurucular, \u015firket i\u00e7i sunum provalar\u0131 ve yat\u0131r\u0131mc\u0131 haz\u0131rl\u0131k de\u011ferlendirmeleri i\u00e7in idealdir.   <\/p>\n","protected":false},"excerpt":{"rendered":"<p>Bu istem, bir yapay zeka modeline bir giri\u015fim sunumunu analiz etme ve t\u00fcm kritik de\u011ferlendirme alanlar\u0131nda ger\u00e7ek\u00e7i yat\u0131r\u0131mc\u0131 tarz\u0131 sorular olu\u015fturma talimat\u0131 verir. YZ, sa\u011flanan materyallere dayanarak \u00fcr\u00fcn\u00fc, pazar\u0131, \u00e7eki\u015fi, i\u015f modelini ve riskleri anlamal\u0131, ard\u0131ndan varsay\u0131mlar\u0131, bo\u015fluklar\u0131, netli\u011fi ve \u00f6l\u00e7eklenebilirli\u011fi ara\u015ft\u0131ran hedefli sorular \u00fcretmelidir. Ayr\u0131ca sunumu \u00f6zetliyor ve g\u00f6zlemlenen g\u00fc\u00e7l\u00fc y\u00f6nleri vurgulayarak yat\u0131r\u0131mc\u0131lar\u0131n sormas\u0131 [&hellip;]<\/p>\n","protected":false},"featured_media":21643,"comment_status":"open","ping_status":"closed","template":"","meta":[],"product_brand":[],"product_cat":[421,347],"product_tag":[3541],"class_list":{"0":"post-24372","1":"product","2":"type-product","3":"status-publish","4":"has-post-thumbnail","6":"product_cat-ikizler-burcu-ipuclari","7":"product_cat-modeller","8":"product_tag-saha-guvertesi","10":"first","11":"instock","12":"downloadable","13":"virtual","14":"product-type-simple"},"_links":{"self":[{"href":"https:\/\/prompt-place.com\/tr\/wp-json\/wp\/v2\/product\/24372","targetHints":{"allow":["GET"]}}],"collection":[{"href":"https:\/\/prompt-place.com\/tr\/wp-json\/wp\/v2\/product"}],"about":[{"href":"https:\/\/prompt-place.com\/tr\/wp-json\/wp\/v2\/types\/product"}],"replies":[{"embeddable":true,"href":"https:\/\/prompt-place.com\/tr\/wp-json\/wp\/v2\/comments?post=24372"}],"wp:featuredmedia":[{"embeddable":true,"href":"https:\/\/prompt-place.com\/tr\/wp-json\/wp\/v2\/media\/21643"}],"wp:attachment":[{"href":"https:\/\/prompt-place.com\/tr\/wp-json\/wp\/v2\/media?parent=24372"}],"wp:term":[{"taxonomy":"product_brand","embeddable":true,"href":"https:\/\/prompt-place.com\/tr\/wp-json\/wp\/v2\/product_brand?post=24372"},{"taxonomy":"product_cat","embeddable":true,"href":"https:\/\/prompt-place.com\/tr\/wp-json\/wp\/v2\/product_cat?post=24372"},{"taxonomy":"product_tag","embeddable":true,"href":"https:\/\/prompt-place.com\/tr\/wp-json\/wp\/v2\/product_tag?post=24372"}],"curies":[{"name":"wp","href":"https:\/\/api.w.org\/{rel}","templated":true}]}}