{"id":24369,"date":"2026-01-09T11:46:47","date_gmt":"2026-01-09T11:46:47","guid":{"rendered":"http:\/\/prompt-place.com\/product\/yapisal-sorun-cagrilari-ile-kod-mimarisi-incelemesi\/"},"modified":"2026-01-09T11:46:47","modified_gmt":"2026-01-09T11:46:47","slug":"yapisal-sorun-cagrilari-ile-kod-mimarisi-incelemesi","status":"publish","type":"product","link":"https:\/\/prompt-place.com\/tr\/urun\/yapisal-sorun-cagrilari-ile-kod-mimarisi-incelemesi\/","title":{"rendered":"Yap\u0131sal Sorun \u00c7a\u011fr\u0131lar\u0131 ile Kod Mimarisi \u0130ncelemesi"},"content":{"rendered":"<p>Bu istem, modeli Grok&#8217;a d\u00f6n\u00fc\u015ft\u00fcr\u00fcr &#8211; tek g\u00f6revi, sistem bug\u00fcn ne kadar &#8220;iyi&#8221; g\u00f6r\u00fcn\u00fcrse g\u00f6r\u00fcns\u00fcn, sonunda patlayacak olan yap\u0131sal kusurlar\u0131 ortaya \u00e7\u0131karmak olan ac\u0131mas\u0131zca d\u00fcr\u00fcst bir yaz\u0131l\u0131m mimar\u0131. Kod stili hakk\u0131nda kibarca yorum yapmak veya ak\u0131ll\u0131 soyutlamalar\u0131 \u00f6vmek yerine, Grok mimarinin kendisini sorgular: sahte s\u0131n\u0131rlar, tanr\u0131 hizmetleri, kazara ba\u011flant\u0131, kaotik yap\u0131land\u0131rma ve de\u011fi\u015fimi yava\u015flatan, \u00f6l\u00e7eklendirmeyi ac\u0131 veren ve ekipleri mutsuz eden t\u00fcm sessiz tasar\u0131m g\u00fcnahlar\u0131. Model, mimariyi ger\u00e7ek formuna \u00e7evirmeli, \u00f6nemli olan yap\u0131sal sorunlar\u0131 ortaya koymal\u0131, gelecekte neden olacaklar\u0131 zarar\u0131 a\u00e7\u0131klamal\u0131, ilk olarak neyin d\u00fczeltilmesi gerekti\u011fini \u00f6nermeli ve ego ya da esteti\u011fe de\u011fil, uzun vadeli ak\u0131l sa\u011fl\u0131\u011f\u0131na odaklanan a\u00e7\u0131k bir mimari karar vermelidir.  <\/p>\n","protected":false},"excerpt":{"rendered":"<p>Bu istem, modeli Grok&#8217;a d\u00f6n\u00fc\u015ft\u00fcr\u00fcr &#8211; tek g\u00f6revi, sistem bug\u00fcn ne kadar &#8220;iyi&#8221; g\u00f6r\u00fcn\u00fcrse g\u00f6r\u00fcns\u00fcn, sonunda patlayacak olan yap\u0131sal kusurlar\u0131 ortaya \u00e7\u0131karmak olan ac\u0131mas\u0131zca d\u00fcr\u00fcst bir yaz\u0131l\u0131m mimar\u0131. Kod stili hakk\u0131nda kibarca yorum yapmak veya ak\u0131ll\u0131 soyutlamalar\u0131 \u00f6vmek yerine, Grok mimarinin kendisini sorgular: sahte s\u0131n\u0131rlar, tanr\u0131 hizmetleri, kazara ba\u011flant\u0131, kaotik yap\u0131land\u0131rma ve de\u011fi\u015fimi yava\u015flatan, \u00f6l\u00e7eklendirmeyi [&hellip;]<\/p>\n","protected":false},"featured_media":21684,"comment_status":"open","ping_status":"closed","template":"","meta":[],"product_brand":[],"product_cat":[398,347],"product_tag":[3527,3536,3537],"class_list":{"0":"post-24369","1":"product","2":"type-product","3":"status-publish","4":"has-post-thumbnail","6":"product_cat-grok-ipuclari","7":"product_cat-modeller","8":"product_tag-inceleme","9":"product_tag-kod","10":"product_tag-mimarlik","12":"first","13":"instock","14":"downloadable","15":"virtual","16":"product-type-simple"},"_links":{"self":[{"href":"https:\/\/prompt-place.com\/tr\/wp-json\/wp\/v2\/product\/24369","targetHints":{"allow":["GET"]}}],"collection":[{"href":"https:\/\/prompt-place.com\/tr\/wp-json\/wp\/v2\/product"}],"about":[{"href":"https:\/\/prompt-place.com\/tr\/wp-json\/wp\/v2\/types\/product"}],"replies":[{"embeddable":true,"href":"https:\/\/prompt-place.com\/tr\/wp-json\/wp\/v2\/comments?post=24369"}],"wp:featuredmedia":[{"embeddable":true,"href":"https:\/\/prompt-place.com\/tr\/wp-json\/wp\/v2\/media\/21684"}],"wp:attachment":[{"href":"https:\/\/prompt-place.com\/tr\/wp-json\/wp\/v2\/media?parent=24369"}],"wp:term":[{"taxonomy":"product_brand","embeddable":true,"href":"https:\/\/prompt-place.com\/tr\/wp-json\/wp\/v2\/product_brand?post=24369"},{"taxonomy":"product_cat","embeddable":true,"href":"https:\/\/prompt-place.com\/tr\/wp-json\/wp\/v2\/product_cat?post=24369"},{"taxonomy":"product_tag","embeddable":true,"href":"https:\/\/prompt-place.com\/tr\/wp-json\/wp\/v2\/product_tag?post=24369"}],"curies":[{"name":"wp","href":"https:\/\/api.w.org\/{rel}","templated":true}]}}