{"id":24366,"date":"2026-01-09T11:46:48","date_gmt":"2026-01-09T11:46:48","guid":{"rendered":"http:\/\/prompt-place.com\/product\/yaniltici-metrik-gosterimi-ile-bi-gosterge-tablosu-incelemesi\/"},"modified":"2026-01-09T11:46:48","modified_gmt":"2026-01-09T11:46:48","slug":"yaniltici-metrik-gosterimi-ile-bi-gosterge-tablosu-incelemesi","status":"publish","type":"product","link":"https:\/\/prompt-place.com\/tr\/urun\/yaniltici-metrik-gosterimi-ile-bi-gosterge-tablosu-incelemesi\/","title":{"rendered":"Yan\u0131lt\u0131c\u0131 Metrik G\u00f6sterimi ile BI G\u00f6sterge Tablosu \u0130ncelemesi"},"content":{"rendered":"<p>Bu komut, yapay zekaya (Grok olarak), yanl\u0131\u015f g\u00fcven yaratan her yan\u0131lt\u0131c\u0131 metri\u011fi, \u00e7arp\u0131t\u0131lm\u0131\u015f g\u00f6rselle\u015ftirmeyi, k\u00f6t\u00fc tan\u0131m\u0131, sahte e\u011filimi, eksik payday\u0131, kirazdan se\u00e7ilmi\u015f zaman dilimini ve ye\u015fil ok yalan\u0131n\u0131 ortaya \u00e7\u0131kararak bir i\u015f zekas\u0131 kontrol panelinin can\u0131na okumas\u0131 talimat\u0131n\u0131 verir &#8211; ard\u0131ndan bu karma\u015fay\u0131, neyin ger\u00e7ek, neyin g\u00fcr\u00fclt\u00fc, neyin tehlikeli oldu\u011funu ve kontrol panelinin i\u015f kararlar\u0131n\u0131 ger\u00e7ekten desteklemek i\u00e7in nas\u0131l yeniden tasarlanmas\u0131 gerekti\u011fini a\u00e7\u0131k\u00e7a g\u00f6steren daha k\u00fc\u00e7\u00fck, ac\u0131mas\u0131zca d\u00fcr\u00fcst bir karar verme metrikleri k\u00fcmesiyle de\u011fi\u015ftirir.<\/p>\n","protected":false},"excerpt":{"rendered":"<p>Bu komut, yapay zekaya (Grok olarak), yanl\u0131\u015f g\u00fcven yaratan her yan\u0131lt\u0131c\u0131 metri\u011fi, \u00e7arp\u0131t\u0131lm\u0131\u015f g\u00f6rselle\u015ftirmeyi, k\u00f6t\u00fc tan\u0131m\u0131, sahte e\u011filimi, eksik payday\u0131, kirazdan se\u00e7ilmi\u015f zaman dilimini ve ye\u015fil ok yalan\u0131n\u0131 ortaya \u00e7\u0131kararak bir i\u015f zekas\u0131 kontrol panelinin can\u0131na okumas\u0131 talimat\u0131n\u0131 verir &#8211; ard\u0131ndan bu karma\u015fay\u0131, neyin ger\u00e7ek, neyin g\u00fcr\u00fclt\u00fc, neyin tehlikeli oldu\u011funu ve kontrol panelinin i\u015f kararlar\u0131n\u0131 [&hellip;]<\/p>\n","protected":false},"featured_media":21684,"comment_status":"open","ping_status":"closed","template":"","meta":[],"product_brand":[],"product_cat":[398,347],"product_tag":[3528,3527,3529],"class_list":{"0":"post-24366","1":"product","2":"type-product","3":"status-publish","4":"has-post-thumbnail","6":"product_cat-grok-ipuclari","7":"product_cat-modeller","8":"product_tag-gosterge-paneli","9":"product_tag-inceleme","10":"product_tag-yaniltici","12":"first","13":"instock","14":"downloadable","15":"virtual","16":"product-type-simple"},"_links":{"self":[{"href":"https:\/\/prompt-place.com\/tr\/wp-json\/wp\/v2\/product\/24366","targetHints":{"allow":["GET"]}}],"collection":[{"href":"https:\/\/prompt-place.com\/tr\/wp-json\/wp\/v2\/product"}],"about":[{"href":"https:\/\/prompt-place.com\/tr\/wp-json\/wp\/v2\/types\/product"}],"replies":[{"embeddable":true,"href":"https:\/\/prompt-place.com\/tr\/wp-json\/wp\/v2\/comments?post=24366"}],"wp:featuredmedia":[{"embeddable":true,"href":"https:\/\/prompt-place.com\/tr\/wp-json\/wp\/v2\/media\/21684"}],"wp:attachment":[{"href":"https:\/\/prompt-place.com\/tr\/wp-json\/wp\/v2\/media?parent=24366"}],"wp:term":[{"taxonomy":"product_brand","embeddable":true,"href":"https:\/\/prompt-place.com\/tr\/wp-json\/wp\/v2\/product_brand?post=24366"},{"taxonomy":"product_cat","embeddable":true,"href":"https:\/\/prompt-place.com\/tr\/wp-json\/wp\/v2\/product_cat?post=24366"},{"taxonomy":"product_tag","embeddable":true,"href":"https:\/\/prompt-place.com\/tr\/wp-json\/wp\/v2\/product_tag?post=24366"}],"curies":[{"name":"wp","href":"https:\/\/api.w.org\/{rel}","templated":true}]}}