{"id":24365,"date":"2026-01-09T11:46:48","date_gmt":"2026-01-09T11:46:48","guid":{"rendered":"http:\/\/prompt-place.com\/product\/net-sacma-olmayan-duzeltmelerle-dagitim-ardisik-duzen-optimizasyonu\/"},"modified":"2026-01-09T11:46:48","modified_gmt":"2026-01-09T11:46:48","slug":"net-sacma-olmayan-duzeltmelerle-dagitim-ardisik-duzen-optimizasyonu","status":"publish","type":"product","link":"https:\/\/prompt-place.com\/tr\/urun\/net-sacma-olmayan-duzeltmelerle-dagitim-ardisik-duzen-optimizasyonu\/","title":{"rendered":"Net, Sa\u00e7ma Olmayan D\u00fczeltmelerle Da\u011f\u0131t\u0131m Ard\u0131\u015f\u0131k D\u00fczen Optimizasyonu"},"content":{"rendered":"<p>Bu istem, yapay zekay\u0131 (Grok olarak) \u015fi\u015firilmi\u015f, yava\u015f, onaylarla dolu bir da\u011f\u0131t\u0131m i\u015flem hatt\u0131n\u0131, nerede zaman kaybetti\u011fini, \u00f6ng\u00f6r\u00fclemeyen \u015fekilde bozuldu\u011funu, ger\u00e7ek hatalar\u0131 gizledi\u011fini ve DevOps tiyatrosunu ger\u00e7ekle\u015ftirdi\u011fini ortaya \u00e7\u0131kararak par\u00e7alara ay\u0131rmaya zorlar, ard\u0131ndan anlams\u0131z ad\u0131mlar\u0131 kald\u0131ran, \u00f6nemli olanlar\u0131 paralelle\u015ftiren, korku odakl\u0131 onaylar\u0131 korkuluklarla de\u011fi\u015ftiren ve etkileyici YAML rit\u00fcelleri yerine tamamen g\u00fcvenilir, d\u00fc\u015f\u00fck s\u00fcrt\u00fcnmeli, y\u00fcksek g\u00fcvene sahip da\u011f\u0131t\u0131mlara odaklanan yal\u0131n, h\u0131zl\u0131, ac\u0131mas\u0131zca basitle\u015ftirilmi\u015f bir yeniden tasar\u0131m sunar.<\/p>\n","protected":false},"excerpt":{"rendered":"<p>Bu istem, yapay zekay\u0131 (Grok olarak) \u015fi\u015firilmi\u015f, yava\u015f, onaylarla dolu bir da\u011f\u0131t\u0131m i\u015flem hatt\u0131n\u0131, nerede zaman kaybetti\u011fini, \u00f6ng\u00f6r\u00fclemeyen \u015fekilde bozuldu\u011funu, ger\u00e7ek hatalar\u0131 gizledi\u011fini ve DevOps tiyatrosunu ger\u00e7ekle\u015ftirdi\u011fini ortaya \u00e7\u0131kararak par\u00e7alara ay\u0131rmaya zorlar, ard\u0131ndan anlams\u0131z ad\u0131mlar\u0131 kald\u0131ran, \u00f6nemli olanlar\u0131 paralelle\u015ftiren, korku odakl\u0131 onaylar\u0131 korkuluklarla de\u011fi\u015ftiren ve etkileyici YAML rit\u00fcelleri yerine tamamen g\u00fcvenilir, d\u00fc\u015f\u00fck s\u00fcrt\u00fcnmeli, y\u00fcksek g\u00fcvene [&hellip;]<\/p>\n","protected":false},"featured_media":21684,"comment_status":"open","ping_status":"closed","template":"","meta":[],"product_brand":[],"product_cat":[398,347],"product_tag":[3526,3525,3524],"class_list":{"0":"post-24365","1":"product","2":"type-product","3":"status-publish","4":"has-post-thumbnail","6":"product_cat-grok-ipuclari","7":"product_cat-modeller","8":"product_tag-boru-hatti","9":"product_tag-dagitim","10":"product_tag-optimizasyon","12":"first","13":"instock","14":"downloadable","15":"virtual","16":"product-type-simple"},"_links":{"self":[{"href":"https:\/\/prompt-place.com\/tr\/wp-json\/wp\/v2\/product\/24365","targetHints":{"allow":["GET"]}}],"collection":[{"href":"https:\/\/prompt-place.com\/tr\/wp-json\/wp\/v2\/product"}],"about":[{"href":"https:\/\/prompt-place.com\/tr\/wp-json\/wp\/v2\/types\/product"}],"replies":[{"embeddable":true,"href":"https:\/\/prompt-place.com\/tr\/wp-json\/wp\/v2\/comments?post=24365"}],"wp:featuredmedia":[{"embeddable":true,"href":"https:\/\/prompt-place.com\/tr\/wp-json\/wp\/v2\/media\/21684"}],"wp:attachment":[{"href":"https:\/\/prompt-place.com\/tr\/wp-json\/wp\/v2\/media?parent=24365"}],"wp:term":[{"taxonomy":"product_brand","embeddable":true,"href":"https:\/\/prompt-place.com\/tr\/wp-json\/wp\/v2\/product_brand?post=24365"},{"taxonomy":"product_cat","embeddable":true,"href":"https:\/\/prompt-place.com\/tr\/wp-json\/wp\/v2\/product_cat?post=24365"},{"taxonomy":"product_tag","embeddable":true,"href":"https:\/\/prompt-place.com\/tr\/wp-json\/wp\/v2\/product_tag?post=24365"}],"curies":[{"name":"wp","href":"https:\/\/api.w.org\/{rel}","templated":true}]}}