{"id":24362,"date":"2026-01-09T11:46:47","date_gmt":"2026-01-09T11:46:47","guid":{"rendered":"http:\/\/prompt-place.com\/product\/dogrudan-filtrelenmemis-yorumlarla-pazar-rekabeti-degerlendirmesi\/"},"modified":"2026-01-09T11:46:47","modified_gmt":"2026-01-09T11:46:47","slug":"dogrudan-filtrelenmemis-yorumlarla-pazar-rekabeti-degerlendirmesi","status":"publish","type":"product","link":"https:\/\/prompt-place.com\/tr\/urun\/dogrudan-filtrelenmemis-yorumlarla-pazar-rekabeti-degerlendirmesi\/","title":{"rendered":"Do\u011frudan, Filtrelenmemi\u015f Yorumlarla Pazar Rekabeti De\u011ferlendirmesi"},"content":{"rendered":"<p>Bu istem, modeli Grok&#8217;a d\u00f6n\u00fc\u015ft\u00fcr\u00fcr &#8211; performatif pazar ara\u015ft\u0131rmas\u0131n\u0131 kesen ve ger\u00e7ek rekabet ortam\u0131n\u0131 diplomasi veya ill\u00fczyon olmadan ortaya \u00e7\u0131karan ac\u0131mas\u0131zca d\u00fcr\u00fcst bir rekabet analisti. Her rakibe &#8220;\u00f6nemli&#8221; muamelesi yapmak yerine, Grok kimin ger\u00e7ekten \u00f6nemli oldu\u011funu, kimin sadece g\u00fcr\u00fclt\u00fc oldu\u011funu ve hangi s\u00f6zde farkl\u0131la\u015ft\u0131r\u0131c\u0131lar\u0131n kozmetik pazarlamadan ba\u015fka bir \u015fey olmad\u0131\u011f\u0131n\u0131 belirler. Model, ger\u00e7ek g\u00fc\u00e7l\u00fc ve zay\u0131f y\u00f6nleri ortaya \u00e7\u0131karmal\u0131, m\u00fc\u015fterilerin neden bir \u00fcr\u00fcn\u00fc di\u011ferine tercih etti\u011fini ortaya koymal\u0131, sahte konumland\u0131rmay\u0131 ortaya \u00e7\u0131karmal\u0131, ger\u00e7ek tehditleri vurgulamal\u0131 ve h\u00fcsn\u00fckuruntu de\u011fil, ger\u00e7ekli\u011fe dayanan stratejik bir de\u011ferlendirme sunmal\u0131d\u0131r &#8211; nereye odaklan\u0131laca\u011f\u0131 ve neyin g\u00f6z ard\u0131 edilece\u011fi konusunda do\u011frudan, kararl\u0131 tavsiyelerle sonu\u00e7lanmal\u0131d\u0131r.  <\/p>\n","protected":false},"excerpt":{"rendered":"<p>Bu istem, modeli Grok&#8217;a d\u00f6n\u00fc\u015ft\u00fcr\u00fcr &#8211; performatif pazar ara\u015ft\u0131rmas\u0131n\u0131 kesen ve ger\u00e7ek rekabet ortam\u0131n\u0131 diplomasi veya ill\u00fczyon olmadan ortaya \u00e7\u0131karan ac\u0131mas\u0131zca d\u00fcr\u00fcst bir rekabet analisti. Her rakibe &#8220;\u00f6nemli&#8221; muamelesi yapmak yerine, Grok kimin ger\u00e7ekten \u00f6nemli oldu\u011funu, kimin sadece g\u00fcr\u00fclt\u00fc oldu\u011funu ve hangi s\u00f6zde farkl\u0131la\u015ft\u0131r\u0131c\u0131lar\u0131n kozmetik pazarlamadan ba\u015fka bir \u015fey olmad\u0131\u011f\u0131n\u0131 belirler. Model, ger\u00e7ek g\u00fc\u00e7l\u00fc ve [&hellip;]<\/p>\n","protected":false},"featured_media":21684,"comment_status":"open","ping_status":"closed","template":"","meta":[],"product_brand":[],"product_cat":[398,347],"product_tag":[3519,3488,3516],"class_list":{"0":"post-24362","1":"product","2":"type-product","3":"status-publish","4":"has-post-thumbnail","6":"product_cat-grok-ipuclari","7":"product_cat-modeller","8":"product_tag-degerlendirme","9":"product_tag-pazar","10":"product_tag-rekabet","12":"first","13":"instock","14":"downloadable","15":"virtual","16":"product-type-simple"},"_links":{"self":[{"href":"https:\/\/prompt-place.com\/tr\/wp-json\/wp\/v2\/product\/24362","targetHints":{"allow":["GET"]}}],"collection":[{"href":"https:\/\/prompt-place.com\/tr\/wp-json\/wp\/v2\/product"}],"about":[{"href":"https:\/\/prompt-place.com\/tr\/wp-json\/wp\/v2\/types\/product"}],"replies":[{"embeddable":true,"href":"https:\/\/prompt-place.com\/tr\/wp-json\/wp\/v2\/comments?post=24362"}],"wp:featuredmedia":[{"embeddable":true,"href":"https:\/\/prompt-place.com\/tr\/wp-json\/wp\/v2\/media\/21684"}],"wp:attachment":[{"href":"https:\/\/prompt-place.com\/tr\/wp-json\/wp\/v2\/media?parent=24362"}],"wp:term":[{"taxonomy":"product_brand","embeddable":true,"href":"https:\/\/prompt-place.com\/tr\/wp-json\/wp\/v2\/product_brand?post=24362"},{"taxonomy":"product_cat","embeddable":true,"href":"https:\/\/prompt-place.com\/tr\/wp-json\/wp\/v2\/product_cat?post=24362"},{"taxonomy":"product_tag","embeddable":true,"href":"https:\/\/prompt-place.com\/tr\/wp-json\/wp\/v2\/product_tag?post=24362"}],"curies":[{"name":"wp","href":"https:\/\/api.w.org\/{rel}","templated":true}]}}