{"id":24351,"date":"2026-01-09T11:46:49","date_gmt":"2026-01-09T11:46:49","guid":{"rendered":"http:\/\/prompt-place.com\/product\/holografik-uzayda-yuksek-teknolojili-analitik-gosterge-paneli\/"},"modified":"2026-01-09T11:46:49","modified_gmt":"2026-01-09T11:46:49","slug":"holografik-uzayda-yuksek-teknolojili-analitik-gosterge-paneli","status":"publish","type":"product","link":"https:\/\/prompt-place.com\/tr\/urun\/holografik-uzayda-yuksek-teknolojili-analitik-gosterge-paneli\/","title":{"rendered":"Holografik Uzayda Y\u00fcksek Teknolojili Analitik G\u00f6sterge Paneli"},"content":{"rendered":"<p>Koyu n\u00f6tr bir ortamda, parlayan mavi, camg\u00f6be\u011fi ve mor vurgulara sahip yar\u0131 \u015feffaf cam benzeri panellerden olu\u015fan holografik alanda y\u00fczen b\u00fcy\u00fck bir y\u00fcksek teknoloji analitik g\u00f6sterge panelinin bulundu\u011fu fotoger\u00e7ek\u00e7i f\u00fct\u00fcristik bir sahne olu\u015fturun; g\u00fc\u00e7l\u00fc derinlik ve uzamsal katmanlama ile net bir hiyerar\u015fi i\u00e7inde d\u00fczenlenmi\u015f \u00e7izgi grafikler, \u00e7ubuk grafikler, KPI&#8217;lar ve y\u00fczdeler gibi temiz, okunabilir veri g\u00f6rselle\u015ftirmeleri ekleyin; hologramlardan gelen yumu\u015fak ortam \u0131\u015f\u0131lt\u0131s\u0131, ince \u0131\u015f\u0131k par\u00e7ac\u0131klar\u0131 ve hassas, minimal kullan\u0131c\u0131 aray\u00fcz\u00fc \u00f6\u011feleri kullan\u0131n; da\u011f\u0131n\u0131kl\u0131k, bozuk metin ve \u00e7izgi film \u00f6zellikleri olmadan sakin, d\u00fczenli, teknolojik olarak geli\u015fmi\u015f bir atmosfer sa\u011flay\u0131n &#8211; havada s\u00fcz\u00fclen holografik analitik panellerin son derece ayr\u0131nt\u0131l\u0131 tek bir sinematik g\u00f6r\u00fcnt\u00fcs\u00fc.<\/p>\n","protected":false},"excerpt":{"rendered":"<p>Koyu n\u00f6tr bir ortamda, parlayan mavi, camg\u00f6be\u011fi ve mor vurgulara sahip yar\u0131 \u015feffaf cam benzeri panellerden olu\u015fan holografik alanda y\u00fczen b\u00fcy\u00fck bir y\u00fcksek teknoloji analitik g\u00f6sterge panelinin bulundu\u011fu fotoger\u00e7ek\u00e7i f\u00fct\u00fcristik bir sahne olu\u015fturun; g\u00fc\u00e7l\u00fc derinlik ve uzamsal katmanlama ile net bir hiyerar\u015fi i\u00e7inde d\u00fczenlenmi\u015f \u00e7izgi grafikler, \u00e7ubuk grafikler, KPI&#8217;lar ve y\u00fczdeler gibi temiz, okunabilir veri [&hellip;]<\/p>\n","protected":false},"featured_media":21725,"comment_status":"open","ping_status":"closed","template":"","meta":[],"product_brand":[],"product_cat":[347,348],"product_tag":[2326,3492,3491],"class_list":{"0":"post-24351","1":"product","2":"type-product","3":"status-publish","4":"has-post-thumbnail","6":"product_cat-modeller","7":"product_cat-yolculuk-ortasi-ipuclari","8":"product_tag-analitik","9":"product_tag-teknoloji","10":"product_tag-yuksek","12":"first","13":"instock","14":"downloadable","15":"virtual","16":"product-type-simple"},"_links":{"self":[{"href":"https:\/\/prompt-place.com\/tr\/wp-json\/wp\/v2\/product\/24351","targetHints":{"allow":["GET"]}}],"collection":[{"href":"https:\/\/prompt-place.com\/tr\/wp-json\/wp\/v2\/product"}],"about":[{"href":"https:\/\/prompt-place.com\/tr\/wp-json\/wp\/v2\/types\/product"}],"replies":[{"embeddable":true,"href":"https:\/\/prompt-place.com\/tr\/wp-json\/wp\/v2\/comments?post=24351"}],"wp:featuredmedia":[{"embeddable":true,"href":"https:\/\/prompt-place.com\/tr\/wp-json\/wp\/v2\/media\/21725"}],"wp:attachment":[{"href":"https:\/\/prompt-place.com\/tr\/wp-json\/wp\/v2\/media?parent=24351"}],"wp:term":[{"taxonomy":"product_brand","embeddable":true,"href":"https:\/\/prompt-place.com\/tr\/wp-json\/wp\/v2\/product_brand?post=24351"},{"taxonomy":"product_cat","embeddable":true,"href":"https:\/\/prompt-place.com\/tr\/wp-json\/wp\/v2\/product_cat?post=24351"},{"taxonomy":"product_tag","embeddable":true,"href":"https:\/\/prompt-place.com\/tr\/wp-json\/wp\/v2\/product_tag?post=24351"}],"curies":[{"name":"wp","href":"https:\/\/api.w.org\/{rel}","templated":true}]}}