{"id":24350,"date":"2026-01-09T11:46:49","date_gmt":"2026-01-09T11:46:49","guid":{"rendered":"http:\/\/prompt-place.com\/product\/dijital-ekranli-cyberpunk-sokak-pazari\/"},"modified":"2026-01-09T11:46:49","modified_gmt":"2026-01-09T11:46:49","slug":"dijital-ekranli-cyberpunk-sokak-pazari","status":"publish","type":"product","link":"https:\/\/prompt-place.com\/tr\/urun\/dijital-ekranli-cyberpunk-sokak-pazari\/","title":{"rendered":"Dijital Ekranl\u0131 Cyberpunk Sokak Pazar\u0131"},"content":{"rendered":"<p>Neon \u0131\u015f\u0131kl\u0131 sat\u0131c\u0131 tezgahlar\u0131, holografik tabelalar, LED ekranlar, parlayan dijital men\u00fcler, animasyonlu reklamlar, kablolar ve cesur kentsel yo\u011funluk ile dolu kalabal\u0131k bir f\u00fct\u00fcristik soka\u011f\u0131 g\u00f6steren fotoger\u00e7ek\u00e7i, sinematik bir siberpunk sokak pazar\u0131 olu\u015fturun; neon pembe, camg\u00f6be\u011fi, ye\u015fil ve mor \u0131\u015f\u0131klar\u0131 yans\u0131tan \u0131slak kald\u0131r\u0131m, hafif sis ve buhar, hafif ya\u011fmur, k\u00fc\u00e7\u00fck dronlar, ak\u0131ll\u0131 kiosklar ve entegre sokak teknolojisi ekleyin; y\u00fczlere odaklanmadan f\u00fct\u00fcristik sokak k\u0131yafetleri i\u00e7indeki siluetleri ve yayalar\u0131 g\u00f6sterin; derin katmanlar, zengin dokular, ger\u00e7ek\u00e7i malzemeler, g\u00fc\u00e7l\u00fc kontrast ve \u00e7izgi film stili veya \u00e7arp\u0131t\u0131lm\u0131\u015f okunamayan metinler olmadan sokak d\u00fczeyinde bir koridor perspektifi kullan\u0131n &#8211; tek bir y\u00fcksek detayl\u0131 siberpunk pazar ortam\u0131.<\/p>\n","protected":false},"excerpt":{"rendered":"<p>Neon \u0131\u015f\u0131kl\u0131 sat\u0131c\u0131 tezgahlar\u0131, holografik tabelalar, LED ekranlar, parlayan dijital men\u00fcler, animasyonlu reklamlar, kablolar ve cesur kentsel yo\u011funluk ile dolu kalabal\u0131k bir f\u00fct\u00fcristik soka\u011f\u0131 g\u00f6steren fotoger\u00e7ek\u00e7i, sinematik bir siberpunk sokak pazar\u0131 olu\u015fturun; neon pembe, camg\u00f6be\u011fi, ye\u015fil ve mor \u0131\u015f\u0131klar\u0131 yans\u0131tan \u0131slak kald\u0131r\u0131m, hafif sis ve buhar, hafif ya\u011fmur, k\u00fc\u00e7\u00fck dronlar, ak\u0131ll\u0131 kiosklar ve entegre sokak [&hellip;]<\/p>\n","protected":false},"featured_media":21725,"comment_status":"open","ping_status":"closed","template":"","meta":[],"product_brand":[],"product_cat":[347,348],"product_tag":[3488,3489,3490],"class_list":{"0":"post-24350","1":"product","2":"type-product","3":"status-publish","4":"has-post-thumbnail","6":"product_cat-modeller","7":"product_cat-yolculuk-ortasi-ipuclari","8":"product_tag-pazar","9":"product_tag-siberpunk","10":"product_tag-sokak","12":"first","13":"instock","14":"downloadable","15":"virtual","16":"product-type-simple"},"_links":{"self":[{"href":"https:\/\/prompt-place.com\/tr\/wp-json\/wp\/v2\/product\/24350","targetHints":{"allow":["GET"]}}],"collection":[{"href":"https:\/\/prompt-place.com\/tr\/wp-json\/wp\/v2\/product"}],"about":[{"href":"https:\/\/prompt-place.com\/tr\/wp-json\/wp\/v2\/types\/product"}],"replies":[{"embeddable":true,"href":"https:\/\/prompt-place.com\/tr\/wp-json\/wp\/v2\/comments?post=24350"}],"wp:featuredmedia":[{"embeddable":true,"href":"https:\/\/prompt-place.com\/tr\/wp-json\/wp\/v2\/media\/21725"}],"wp:attachment":[{"href":"https:\/\/prompt-place.com\/tr\/wp-json\/wp\/v2\/media?parent=24350"}],"wp:term":[{"taxonomy":"product_brand","embeddable":true,"href":"https:\/\/prompt-place.com\/tr\/wp-json\/wp\/v2\/product_brand?post=24350"},{"taxonomy":"product_cat","embeddable":true,"href":"https:\/\/prompt-place.com\/tr\/wp-json\/wp\/v2\/product_cat?post=24350"},{"taxonomy":"product_tag","embeddable":true,"href":"https:\/\/prompt-place.com\/tr\/wp-json\/wp\/v2\/product_tag?post=24350"}],"curies":[{"name":"wp","href":"https:\/\/api.w.org\/{rel}","templated":true}]}}