{"id":24348,"date":"2026-01-09T11:46:49","date_gmt":"2026-01-09T11:46:49","guid":{"rendered":"http:\/\/prompt-place.com\/product\/cam-yansimali-sik-modern-ofis-kulesi\/"},"modified":"2026-01-09T11:46:49","modified_gmt":"2026-01-09T11:46:49","slug":"cam-yansimali-sik-modern-ofis-kulesi","status":"publish","type":"product","link":"https:\/\/prompt-place.com\/tr\/urun\/cam-yansimali-sik-modern-ofis-kulesi\/","title":{"rendered":"Cam Yans\u0131mal\u0131 \u015e\u0131k Modern Ofis Kulesi"},"content":{"rendered":"<p>Y\u00fcksekli\u011fi ve \u00f6l\u00e7e\u011fi vurgulamak i\u00e7in d\u00fc\u015f\u00fck a\u00e7\u0131l\u0131 veya geni\u015f a\u00e7\u0131l\u0131 bir perspektiften g\u00f6sterilen, yans\u0131t\u0131c\u0131 cam cepheli \u015f\u0131k ve modern bir ofis g\u00f6kdeleninin fotoger\u00e7ek\u00e7i bir g\u00f6r\u00fcnt\u00fcs\u00fcn\u00fc olu\u015fturun; temiz dikey mimari \u00e7izgiler, birinci s\u0131n\u0131f \u00e7elik-cam-beton malzemeler ve g\u00f6ky\u00fcz\u00fcn\u00fcn, yumu\u015fak bulutlar\u0131n ve \u00e7evredeki \u015fehir binalar\u0131n\u0131n net yans\u0131malar\u0131n\u0131 \u00f6ne \u00e7\u0131kar\u0131n; netli\u011fi ve cam yans\u0131malar\u0131n\u0131 art\u0131rmak i\u00e7in g\u00fcnd\u00fcz veya alt\u0131n saat do\u011fal ayd\u0131nlatma kullan\u0131n; bilim kurgu unsurlar\u0131 olmadan sakin, kendinden emin bir kurumsal havay\u0131 koruyun; \u00e7er\u00e7evelemeyi temiz ve geometrik tutun, ultra ayr\u0131nt\u0131l\u0131 ger\u00e7ek\u00e7i dokular, keskin odak, bozulma ve \u00e7arp\u0131k yans\u0131malar yok &#8211; tek bir y\u00fcksek kaliteli mimari g\u00f6rselle\u015ftirme.<\/p>\n","protected":false},"excerpt":{"rendered":"<p>Y\u00fcksekli\u011fi ve \u00f6l\u00e7e\u011fi vurgulamak i\u00e7in d\u00fc\u015f\u00fck a\u00e7\u0131l\u0131 veya geni\u015f a\u00e7\u0131l\u0131 bir perspektiften g\u00f6sterilen, yans\u0131t\u0131c\u0131 cam cepheli \u015f\u0131k ve modern bir ofis g\u00f6kdeleninin fotoger\u00e7ek\u00e7i bir g\u00f6r\u00fcnt\u00fcs\u00fcn\u00fc olu\u015fturun; temiz dikey mimari \u00e7izgiler, birinci s\u0131n\u0131f \u00e7elik-cam-beton malzemeler ve g\u00f6ky\u00fcz\u00fcn\u00fcn, yumu\u015fak bulutlar\u0131n ve \u00e7evredeki \u015fehir binalar\u0131n\u0131n net yans\u0131malar\u0131n\u0131 \u00f6ne \u00e7\u0131kar\u0131n; netli\u011fi ve cam yans\u0131malar\u0131n\u0131 art\u0131rmak i\u00e7in g\u00fcnd\u00fcz veya alt\u0131n [&hellip;]<\/p>\n","protected":false},"featured_media":21725,"comment_status":"open","ping_status":"closed","template":"","meta":[],"product_brand":[],"product_cat":[347,348],"product_tag":[3483,3484,3482],"class_list":{"0":"post-24348","1":"product","2":"type-product","3":"status-publish","4":"has-post-thumbnail","6":"product_cat-modeller","7":"product_cat-yolculuk-ortasi-ipuclari","8":"product_tag-modern","9":"product_tag-ofis","10":"product_tag-sik","12":"first","13":"instock","14":"downloadable","15":"virtual","16":"product-type-simple"},"_links":{"self":[{"href":"https:\/\/prompt-place.com\/tr\/wp-json\/wp\/v2\/product\/24348","targetHints":{"allow":["GET"]}}],"collection":[{"href":"https:\/\/prompt-place.com\/tr\/wp-json\/wp\/v2\/product"}],"about":[{"href":"https:\/\/prompt-place.com\/tr\/wp-json\/wp\/v2\/types\/product"}],"replies":[{"embeddable":true,"href":"https:\/\/prompt-place.com\/tr\/wp-json\/wp\/v2\/comments?post=24348"}],"wp:featuredmedia":[{"embeddable":true,"href":"https:\/\/prompt-place.com\/tr\/wp-json\/wp\/v2\/media\/21725"}],"wp:attachment":[{"href":"https:\/\/prompt-place.com\/tr\/wp-json\/wp\/v2\/media?parent=24348"}],"wp:term":[{"taxonomy":"product_brand","embeddable":true,"href":"https:\/\/prompt-place.com\/tr\/wp-json\/wp\/v2\/product_brand?post=24348"},{"taxonomy":"product_cat","embeddable":true,"href":"https:\/\/prompt-place.com\/tr\/wp-json\/wp\/v2\/product_cat?post=24348"},{"taxonomy":"product_tag","embeddable":true,"href":"https:\/\/prompt-place.com\/tr\/wp-json\/wp\/v2\/product_tag?post=24348"}],"curies":[{"name":"wp","href":"https:\/\/api.w.org\/{rel}","templated":true}]}}