{"id":24346,"date":"2026-01-09T11:46:49","date_gmt":"2026-01-09T11:46:49","guid":{"rendered":"http:\/\/prompt-place.com\/product\/temiz-cizgiler-ve-yumusak-aydinlatma-ile-minimalist-calisma-alani-kurulumu\/"},"modified":"2026-01-09T11:46:49","modified_gmt":"2026-01-09T11:46:49","slug":"temiz-cizgiler-ve-yumusak-aydinlatma-ile-minimalist-calisma-alani-kurulumu","status":"publish","type":"product","link":"https:\/\/prompt-place.com\/tr\/urun\/temiz-cizgiler-ve-yumusak-aydinlatma-ile-minimalist-calisma-alani-kurulumu\/","title":{"rendered":"Temiz \u00c7izgiler ve Yumu\u015fak Ayd\u0131nlatma ile Minimalist \u00c7al\u0131\u015fma Alan\u0131 Kurulumu"},"content":{"rendered":"<p>Temiz ve modern bir masa (ah\u015fap, mat beyaz veya a\u00e7\u0131k beton), \u015f\u0131k ve minimalist bir sandalye ve ortalanm\u0131\u015f tek bir diz\u00fcst\u00fc bilgisayar veya monit\u00f6rle fotoger\u00e7ek\u00e7i minimalist bir \u00e7al\u0131\u015fma alan\u0131 olu\u015fturun; sadece bir k\u00fc\u00e7\u00fck bitki veya ince tasar\u0131m vurgusuna izin verin; yumu\u015fak g\u00f6lgelerle yumu\u015fak da\u011f\u0131n\u0131k do\u011fal veya s\u0131cak ortam ayd\u0131nlatmas\u0131 ve beyaz, bej, a\u00e7\u0131k gri veya yumu\u015fak ah\u015faptan olu\u015fan sakin ve n\u00f6tr bir palet kullan\u0131n, atmosferin sessiz, birinci s\u0131n\u0131f, kas\u0131tl\u0131 ve d\u00fczenli hissettirmesini sa\u011flay\u0131n, insanlar veya dikkat da\u011f\u0131t\u0131c\u0131 unsurlar yok; Kompozisyon d\u00fcz veya hafif a\u00e7\u0131l\u0131 olmal\u0131, temiz \u00e7izgiler, m\u00fckemmel denge, ultra detayl\u0131 ger\u00e7ek\u00e7i malzemeler, keskin odak, bozulma ve g\u00f6rsel g\u00fcr\u00fclt\u00fc olmamal\u0131d\u0131r &#8211; tek bir y\u00fcksek kaliteli estetik \u00e7al\u0131\u015fma alan\u0131 konsept g\u00f6r\u00fcnt\u00fcs\u00fc.<\/p>\n","protected":false},"excerpt":{"rendered":"<p>Temiz ve modern bir masa (ah\u015fap, mat beyaz veya a\u00e7\u0131k beton), \u015f\u0131k ve minimalist bir sandalye ve ortalanm\u0131\u015f tek bir diz\u00fcst\u00fc bilgisayar veya monit\u00f6rle fotoger\u00e7ek\u00e7i minimalist bir \u00e7al\u0131\u015fma alan\u0131 olu\u015fturun; sadece bir k\u00fc\u00e7\u00fck bitki veya ince tasar\u0131m vurgusuna izin verin; yumu\u015fak g\u00f6lgelerle yumu\u015fak da\u011f\u0131n\u0131k do\u011fal veya s\u0131cak ortam ayd\u0131nlatmas\u0131 ve beyaz, bej, a\u00e7\u0131k gri veya [&hellip;]<\/p>\n","protected":false},"featured_media":21725,"comment_status":"open","ping_status":"closed","template":"","meta":[],"product_brand":[],"product_cat":[347,348],"product_tag":[3477,3478,3476],"class_list":{"0":"post-24346","1":"product","2":"type-product","3":"status-publish","4":"has-post-thumbnail","6":"product_cat-modeller","7":"product_cat-yolculuk-ortasi-ipuclari","8":"product_tag-calisma-alani","9":"product_tag-kurulum","10":"product_tag-minimalist","12":"first","13":"instock","14":"downloadable","15":"virtual","16":"product-type-simple"},"_links":{"self":[{"href":"https:\/\/prompt-place.com\/tr\/wp-json\/wp\/v2\/product\/24346","targetHints":{"allow":["GET"]}}],"collection":[{"href":"https:\/\/prompt-place.com\/tr\/wp-json\/wp\/v2\/product"}],"about":[{"href":"https:\/\/prompt-place.com\/tr\/wp-json\/wp\/v2\/types\/product"}],"replies":[{"embeddable":true,"href":"https:\/\/prompt-place.com\/tr\/wp-json\/wp\/v2\/comments?post=24346"}],"wp:featuredmedia":[{"embeddable":true,"href":"https:\/\/prompt-place.com\/tr\/wp-json\/wp\/v2\/media\/21725"}],"wp:attachment":[{"href":"https:\/\/prompt-place.com\/tr\/wp-json\/wp\/v2\/media?parent=24346"}],"wp:term":[{"taxonomy":"product_brand","embeddable":true,"href":"https:\/\/prompt-place.com\/tr\/wp-json\/wp\/v2\/product_brand?post=24346"},{"taxonomy":"product_cat","embeddable":true,"href":"https:\/\/prompt-place.com\/tr\/wp-json\/wp\/v2\/product_cat?post=24346"},{"taxonomy":"product_tag","embeddable":true,"href":"https:\/\/prompt-place.com\/tr\/wp-json\/wp\/v2\/product_tag?post=24346"}],"curies":[{"name":"wp","href":"https:\/\/api.w.org\/{rel}","templated":true}]}}