{"id":24345,"date":"2026-01-09T11:46:49","date_gmt":"2026-01-09T11:46:49","guid":{"rendered":"http:\/\/prompt-place.com\/product\/neon-isiklari-ve-ucan-araclariyla-futuristik-is-bolgesi\/"},"modified":"2026-01-09T11:46:49","modified_gmt":"2026-01-09T11:46:49","slug":"neon-isiklari-ve-ucan-araclariyla-futuristik-is-bolgesi","status":"publish","type":"product","link":"https:\/\/prompt-place.com\/tr\/urun\/neon-isiklari-ve-ucan-araclariyla-futuristik-is-bolgesi\/","title":{"rendered":"Neon I\u015f\u0131klar\u0131 ve U\u00e7an Ara\u00e7lar\u0131yla F\u00fct\u00fcristik \u0130\u015f B\u00f6lgesi"},"content":{"rendered":"<p>\u015e\u0131k cam ve \u00e7elik g\u00f6kdelenler, neon pembe\/mavi\/mor \u0131\u015f\u0131kland\u0131rma, holografik reklam panolar\u0131 ve \u0131slak yans\u0131t\u0131c\u0131 sokaklara sahip zengin, f\u00fct\u00fcristik bir i\u015f b\u00f6lgesinin sinematik, fotoger\u00e7ek\u00e7i bir gece g\u00f6r\u00fcnt\u00fcs\u00fcn\u00fc olu\u015fturun, ince hareket bulan\u0131kl\u0131\u011f\u0131 ile organize hava \u015feritlerinde hareket eden u\u00e7an arabalar ve hava taksileri, \u00f6l\u00e7ek i\u00e7in birka\u00e7 havada as\u0131l\u0131 dron ve derinlik i\u00e7in hafif hacimsel pus; Sahne, ultra detayl\u0131, ger\u00e7ek\u00e7i mimari, g\u00fc\u00e7l\u00fc kontrast, temiz oranlar, bozulma veya okunamayan metin i\u00e7ermeyen geni\u015f a\u00e7\u0131l\u0131 bir sokak seviyesi veya y\u00fcksek perspektif kullanmal\u0131d\u0131r &#8211; tek bir y\u00fcksek kaliteli konsept-sanat ill\u00fcstrasyonu.<\/p>\n","protected":false},"excerpt":{"rendered":"<p>\u015e\u0131k cam ve \u00e7elik g\u00f6kdelenler, neon pembe\/mavi\/mor \u0131\u015f\u0131kland\u0131rma, holografik reklam panolar\u0131 ve \u0131slak yans\u0131t\u0131c\u0131 sokaklara sahip zengin, f\u00fct\u00fcristik bir i\u015f b\u00f6lgesinin sinematik, fotoger\u00e7ek\u00e7i bir gece g\u00f6r\u00fcnt\u00fcs\u00fcn\u00fc olu\u015fturun, ince hareket bulan\u0131kl\u0131\u011f\u0131 ile organize hava \u015feritlerinde hareket eden u\u00e7an arabalar ve hava taksileri, \u00f6l\u00e7ek i\u00e7in birka\u00e7 havada as\u0131l\u0131 dron ve derinlik i\u00e7in hafif hacimsel pus; Sahne, ultra [&hellip;]<\/p>\n","protected":false},"featured_media":21725,"comment_status":"open","ping_status":"closed","template":"","meta":[],"product_brand":[],"product_cat":[347,348],"product_tag":[3475,3474,3473],"class_list":{"0":"post-24345","1":"product","2":"type-product","3":"status-publish","4":"has-post-thumbnail","6":"product_cat-modeller","7":"product_cat-yolculuk-ortasi-ipuclari","8":"product_tag-bolge","9":"product_tag-futuristik","10":"product_tag-is","12":"first","13":"instock","14":"downloadable","15":"virtual","16":"product-type-simple"},"_links":{"self":[{"href":"https:\/\/prompt-place.com\/tr\/wp-json\/wp\/v2\/product\/24345","targetHints":{"allow":["GET"]}}],"collection":[{"href":"https:\/\/prompt-place.com\/tr\/wp-json\/wp\/v2\/product"}],"about":[{"href":"https:\/\/prompt-place.com\/tr\/wp-json\/wp\/v2\/types\/product"}],"replies":[{"embeddable":true,"href":"https:\/\/prompt-place.com\/tr\/wp-json\/wp\/v2\/comments?post=24345"}],"wp:featuredmedia":[{"embeddable":true,"href":"https:\/\/prompt-place.com\/tr\/wp-json\/wp\/v2\/media\/21725"}],"wp:attachment":[{"href":"https:\/\/prompt-place.com\/tr\/wp-json\/wp\/v2\/media?parent=24345"}],"wp:term":[{"taxonomy":"product_brand","embeddable":true,"href":"https:\/\/prompt-place.com\/tr\/wp-json\/wp\/v2\/product_brand?post=24345"},{"taxonomy":"product_cat","embeddable":true,"href":"https:\/\/prompt-place.com\/tr\/wp-json\/wp\/v2\/product_cat?post=24345"},{"taxonomy":"product_tag","embeddable":true,"href":"https:\/\/prompt-place.com\/tr\/wp-json\/wp\/v2\/product_tag?post=24345"}],"curies":[{"name":"wp","href":"https:\/\/api.w.org\/{rel}","templated":true}]}}