{"id":24342,"date":"2026-01-09T11:46:49","date_gmt":"2026-01-09T11:46:49","guid":{"rendered":"http:\/\/prompt-place.com\/product\/yaratici-studyoda-insan-tasarimciya-yardimci-olan-yapay-zeka-destekli-robot\/"},"modified":"2026-03-05T08:23:04","modified_gmt":"2026-03-05T08:23:04","slug":"yaratici-studyoda-insan-tasarimciya-yardimci-olan-yapay-zeka-destekli-robot","status":"publish","type":"product","link":"https:\/\/prompt-place.com\/tr\/urun\/yaratici-studyoda-insan-tasarimciya-yardimci-olan-yapay-zeka-destekli-robot\/","title":{"rendered":"Yarat\u0131c\u0131 St\u00fcdyoda \u0130nsan Tasar\u0131mc\u0131ya Yard\u0131mc\u0131 Olan Yapay Zeka Destekli Robot"},"content":{"rendered":"<p>Bir insan tasar\u0131mc\u0131n\u0131n masa ba\u015f\u0131nda eskizler, tel kafesler ve bir diz\u00fcst\u00fc bilgisayar ya da b\u00fcy\u00fck bir ekranla \u00e7al\u0131\u015ft\u0131\u011f\u0131, ak\u0131ll\u0131, arkada\u015f canl\u0131s\u0131 bir insans\u0131 yapay zeka robotunun ise yanlar\u0131nda durup tasar\u0131m \u00f6\u011felerini i\u015faret ederek, yans\u0131tarak veya analiz ederek yard\u0131mc\u0131 oldu\u011fu modern bir yarat\u0131c\u0131 st\u00fcdyonun fotoger\u00e7ek\u00e7i, sinematik bir g\u00f6r\u00fcnt\u00fcs\u00fcn\u00fc olu\u015fturun; i\u015fbirli\u011fini g\u00f6stermek i\u00e7in ince holografik kullan\u0131c\u0131 aray\u00fcz\u00fc veya \u015feffaf ekranlar ekleyin ve insan\u0131n a\u00e7\u0131k\u00e7a karar verici, robotun ise bir yard\u0131mc\u0131 olmas\u0131n\u0131 sa\u011flay\u0131n; Yumu\u015fak, s\u0131cak st\u00fcdyo ayd\u0131nlatmas\u0131, dengeli kontrast ve temiz, \u00e7a\u011fda\u015f tasar\u0131m ayr\u0131nt\u0131lar\u0131yla sakin, odaklanm\u0131\u015f bir atmosfer kullan\u0131n; sahneyi net g\u00f6rsel hiyerar\u015fi, ger\u00e7ek\u00e7i malzemeler ve karikat\u00fcr veya abart\u0131l\u0131 bilim kurgu unsurlar\u0131 olmadan orta veya geni\u015f bir \u00e7ekimde yakalay\u0131n &#8211; d\u00fc\u015f\u00fcnceli insan-yapay zeka ekip \u00e7al\u0131\u015fmas\u0131n\u0131n tek bir fotoger\u00e7ek\u00e7i g\u00f6r\u00fcnt\u00fcs\u00fc.<\/p>\n","protected":false},"excerpt":{"rendered":"<p>Bir insan tasar\u0131mc\u0131n\u0131n masa ba\u015f\u0131nda eskizler, tel kafesler ve bir diz\u00fcst\u00fc bilgisayar ya da b\u00fcy\u00fck bir ekranla \u00e7al\u0131\u015ft\u0131\u011f\u0131, ak\u0131ll\u0131, arkada\u015f canl\u0131s\u0131 bir insans\u0131 yapay zeka robotunun ise yanlar\u0131nda durup tasar\u0131m \u00f6\u011felerini i\u015faret ederek, yans\u0131tarak veya analiz ederek yard\u0131mc\u0131 oldu\u011fu modern bir yarat\u0131c\u0131 st\u00fcdyonun fotoger\u00e7ek\u00e7i, sinematik bir g\u00f6r\u00fcnt\u00fcs\u00fcn\u00fc olu\u015fturun; i\u015fbirli\u011fini g\u00f6stermek i\u00e7in ince holografik kullan\u0131c\u0131 aray\u00fcz\u00fc [&hellip;]<\/p>\n","protected":false},"featured_media":21725,"comment_status":"open","ping_status":"closed","template":"","meta":[],"product_brand":[],"product_cat":[347,348],"product_tag":[3464,3465,3466],"class_list":{"0":"post-24342","1":"product","2":"type-product","3":"status-publish","4":"has-post-thumbnail","6":"product_cat-modeller","7":"product_cat-yolculuk-ortasi-ipuclari","8":"product_tag-guclendirilmis","9":"product_tag-robot","10":"product_tag-yardimci-olmak","12":"first","13":"instock","14":"downloadable","15":"virtual","16":"product-type-simple"},"_links":{"self":[{"href":"https:\/\/prompt-place.com\/tr\/wp-json\/wp\/v2\/product\/24342","targetHints":{"allow":["GET"]}}],"collection":[{"href":"https:\/\/prompt-place.com\/tr\/wp-json\/wp\/v2\/product"}],"about":[{"href":"https:\/\/prompt-place.com\/tr\/wp-json\/wp\/v2\/types\/product"}],"replies":[{"embeddable":true,"href":"https:\/\/prompt-place.com\/tr\/wp-json\/wp\/v2\/comments?post=24342"}],"wp:featuredmedia":[{"embeddable":true,"href":"https:\/\/prompt-place.com\/tr\/wp-json\/wp\/v2\/media\/21725"}],"wp:attachment":[{"href":"https:\/\/prompt-place.com\/tr\/wp-json\/wp\/v2\/media?parent=24342"}],"wp:term":[{"taxonomy":"product_brand","embeddable":true,"href":"https:\/\/prompt-place.com\/tr\/wp-json\/wp\/v2\/product_brand?post=24342"},{"taxonomy":"product_cat","embeddable":true,"href":"https:\/\/prompt-place.com\/tr\/wp-json\/wp\/v2\/product_cat?post=24342"},{"taxonomy":"product_tag","embeddable":true,"href":"https:\/\/prompt-place.com\/tr\/wp-json\/wp\/v2\/product_tag?post=24342"}],"curies":[{"name":"wp","href":"https:\/\/api.w.org\/{rel}","templated":true}]}}