{"id":24340,"date":"2026-01-09T11:46:57","date_gmt":"2026-01-09T11:46:57","guid":{"rendered":"http:\/\/prompt-place.com\/product\/teknolojinin-evrimini-gosteren-panoramik-sanat-calismasi\/"},"modified":"2026-01-09T11:46:57","modified_gmt":"2026-01-09T11:46:57","slug":"teknolojinin-evrimini-gosteren-panoramik-sanat-calismasi","status":"publish","type":"product","link":"https:\/\/prompt-place.com\/tr\/urun\/teknolojinin-evrimini-gosteren-panoramik-sanat-calismasi\/","title":{"rendered":"Teknolojinin Evrimini G\u00f6steren Panoramik Sanat \u00c7al\u0131\u015fmas\u0131"},"content":{"rendered":"<p>Di\u015fliler, buhar makineleri ve end\u00fcstriyel makinelerin yer ald\u0131\u011f\u0131 ilk mekanik icatlardan ba\u015flayarak kablolar, radyo ekipmanlar\u0131 ve ilk telefonlarla elektrik ve ileti\u015fim \u00e7a\u011f\u0131na ge\u00e7i\u015f yapan, teknolojinin evrimini soldan sa\u011fa yumu\u015fak bir \u015fekilde ge\u00e7i\u015f yapan kesintisiz bir sahnede g\u00f6steren geni\u015f, ultra ayr\u0131nt\u0131l\u0131 panoramik sinematik bir sanat eseri olu\u015fturun, ve g\u00fc\u00e7 \u015febekeleri, ard\u0131ndan ilk bilgisayarlar, ana bilgisayarlar ve karma\u015f\u0131k devre kartlar\u0131yla bilgi i\u015flem \u00e7a\u011f\u0131na ge\u00e7i\u015f, sunucular, a\u011f yap\u0131lar\u0131, ak\u0131ll\u0131 telefonlar ve modern cihazlarla internet ve mobil \u00e7a\u011fa ge\u00e7i\u015f ve son olarak hologramlar, parlayan veri yap\u0131lar\u0131, geli\u015fmi\u015f robotlar ve \u015f\u0131k dijital formlarla f\u00fct\u00fcristik bir yapay zeka \u00e7a\u011f\u0131na evrilme; solda s\u0131cak end\u00fcstriyel tonlardan sa\u011fda so\u011fuk ve temiz f\u00fct\u00fcristik tonlara ge\u00e7i\u015f yapan sinematik ayd\u0131nlatma, atmosferik derinlik ve yumu\u015fak d\u00f6nem ge\u00e7i\u015flerini i\u00e7eren, okunabilir metin, logo, filigran veya karikat\u00fcr esteti\u011finden ka\u00e7\u0131nan, di\u015flilerin devrelere ve devrelerin holografik a\u011flara d\u00f6n\u00fc\u015fmesi gibi yinelenen g\u00f6rsel motifler kullanarak t\u00fcm panorama boyunca tutarl\u0131 bir \u00fcst\u00fcn konsept-sanat ger\u00e7ek\u00e7ili\u011fi stilini s\u00fcrd\u00fcrmek.<\/p>\n","protected":false},"excerpt":{"rendered":"<p>Di\u015fliler, buhar makineleri ve end\u00fcstriyel makinelerin yer ald\u0131\u011f\u0131 ilk mekanik icatlardan ba\u015flayarak kablolar, radyo ekipmanlar\u0131 ve ilk telefonlarla elektrik ve ileti\u015fim \u00e7a\u011f\u0131na ge\u00e7i\u015f yapan, teknolojinin evrimini soldan sa\u011fa yumu\u015fak bir \u015fekilde ge\u00e7i\u015f yapan kesintisiz bir sahnede g\u00f6steren geni\u015f, ultra ayr\u0131nt\u0131l\u0131 panoramik sinematik bir sanat eseri olu\u015fturun, ve g\u00fc\u00e7 \u015febekeleri, ard\u0131ndan ilk bilgisayarlar, ana bilgisayarlar ve [&hellip;]<\/p>\n","protected":false},"featured_media":21725,"comment_status":"open","ping_status":"closed","template":"","meta":[],"product_brand":[],"product_cat":[347,348],"product_tag":[3460,3458,3459],"class_list":{"0":"post-24340","1":"product","2":"type-product","3":"status-publish","4":"has-post-thumbnail","6":"product_cat-modeller","7":"product_cat-yolculuk-ortasi-ipuclari","8":"product_tag-evrim","9":"product_tag-panoramik","10":"product_tag-sanat-eseri","12":"first","13":"instock","14":"downloadable","15":"virtual","16":"product-type-simple"},"_links":{"self":[{"href":"https:\/\/prompt-place.com\/tr\/wp-json\/wp\/v2\/product\/24340","targetHints":{"allow":["GET"]}}],"collection":[{"href":"https:\/\/prompt-place.com\/tr\/wp-json\/wp\/v2\/product"}],"about":[{"href":"https:\/\/prompt-place.com\/tr\/wp-json\/wp\/v2\/types\/product"}],"replies":[{"embeddable":true,"href":"https:\/\/prompt-place.com\/tr\/wp-json\/wp\/v2\/comments?post=24340"}],"wp:featuredmedia":[{"embeddable":true,"href":"https:\/\/prompt-place.com\/tr\/wp-json\/wp\/v2\/media\/21725"}],"wp:attachment":[{"href":"https:\/\/prompt-place.com\/tr\/wp-json\/wp\/v2\/media?parent=24340"}],"wp:term":[{"taxonomy":"product_brand","embeddable":true,"href":"https:\/\/prompt-place.com\/tr\/wp-json\/wp\/v2\/product_brand?post=24340"},{"taxonomy":"product_cat","embeddable":true,"href":"https:\/\/prompt-place.com\/tr\/wp-json\/wp\/v2\/product_cat?post=24340"},{"taxonomy":"product_tag","embeddable":true,"href":"https:\/\/prompt-place.com\/tr\/wp-json\/wp\/v2\/product_tag?post=24340"}],"curies":[{"name":"wp","href":"https:\/\/api.w.org\/{rel}","templated":true}]}}