{"id":24337,"date":"2026-01-09T11:46:57","date_gmt":"2026-01-09T11:46:57","guid":{"rendered":"http:\/\/prompt-place.com\/product\/premium-fintech-uygulamasi-arayuz-konsepti\/"},"modified":"2026-01-09T11:46:57","modified_gmt":"2026-01-09T11:46:57","slug":"premium-fintech-uygulamasi-arayuz-konsepti","status":"publish","type":"product","link":"https:\/\/prompt-place.com\/tr\/urun\/premium-fintech-uygulamasi-arayuz-konsepti\/","title":{"rendered":"Premium Fintech Uygulamas\u0131 Aray\u00fcz Konsepti"},"content":{"rendered":"<p>L\u00fcks ve profesyonel hissi korurken koyu veya a\u00e7\u0131k tema kullanarak temiz, kendinden emin, modern bir esteti\u011fe sahip y\u00fcksek kaliteli, birinci s\u0131n\u0131f bir fintech mobil uygulama aray\u00fcz\u00fc konsepti olu\u015fturun; soyut yer tutucu say\u0131lar kullanarak hesap bakiyesi veya portf\u00f6ye genel bak\u0131\u015f, temiz trend grafikleri (\u00e7izgi veya \u00e7ubuk), basit simgeler ve UI \u015fekilleri i\u00e7eren zarif i\u015flem listesi kartlar\u0131 ve okunabilir metin i\u00e7ermeyen sekmeler veya alt \u00e7ubuk gibi net gezinme \u00f6\u011feleri dahil olmak \u00fczere g\u00fc\u00e7l\u00fc bir g\u00f6rsel hiyerar\u015fiye sahip minimalist bir g\u00f6sterge paneli tarz\u0131 ana ekran tasarlay\u0131n; Sakin bir finansal karma\u015f\u0131kl\u0131k yaratmak i\u00e7in yumu\u015fak g\u00f6lgeler, cam benzeri kartlar ve hafif derinlik ile mavi, mor, z\u00fcmr\u00fct veya alt\u0131n gibi yumu\u015fak gradyanlar ve ince vurgu renkleri kullan\u0131n; sezgisel bo\u015fluk, d\u00fczenli hizalama ve s\u0131f\u0131r da\u011f\u0131n\u0131kl\u0131k sa\u011flay\u0131n; logolardan, okunabilir metinlerden ve karikat\u00fcr stilinden ka\u00e7\u0131narak ekran\u0131 ultra temiz, y\u00fcksek detayl\u0131 \u00fcr\u00fcn tasar\u0131m kalitesiyle d\u00fcz veya hafif perspektifli bir mobil mockup olarak olu\u015fturun.<\/p>\n","protected":false},"excerpt":{"rendered":"<p>L\u00fcks ve profesyonel hissi korurken koyu veya a\u00e7\u0131k tema kullanarak temiz, kendinden emin, modern bir esteti\u011fe sahip y\u00fcksek kaliteli, birinci s\u0131n\u0131f bir fintech mobil uygulama aray\u00fcz\u00fc konsepti olu\u015fturun; soyut yer tutucu say\u0131lar kullanarak hesap bakiyesi veya portf\u00f6ye genel bak\u0131\u015f, temiz trend grafikleri (\u00e7izgi veya \u00e7ubuk), basit simgeler ve UI \u015fekilleri i\u00e7eren zarif i\u015flem listesi kartlar\u0131 [&hellip;]<\/p>\n","protected":false},"featured_media":21725,"comment_status":"open","ping_status":"closed","template":"","meta":[],"product_brand":[],"product_cat":[347,348],"product_tag":[1974,3450,3451],"class_list":{"0":"post-24337","1":"product","2":"type-product","3":"status-publish","4":"has-post-thumbnail","6":"product_cat-modeller","7":"product_cat-yolculuk-ortasi-ipuclari","8":"product_tag-fintech","9":"product_tag-premium","10":"product_tag-uygulama","12":"first","13":"instock","14":"downloadable","15":"virtual","16":"product-type-simple"},"_links":{"self":[{"href":"https:\/\/prompt-place.com\/tr\/wp-json\/wp\/v2\/product\/24337","targetHints":{"allow":["GET"]}}],"collection":[{"href":"https:\/\/prompt-place.com\/tr\/wp-json\/wp\/v2\/product"}],"about":[{"href":"https:\/\/prompt-place.com\/tr\/wp-json\/wp\/v2\/types\/product"}],"replies":[{"embeddable":true,"href":"https:\/\/prompt-place.com\/tr\/wp-json\/wp\/v2\/comments?post=24337"}],"wp:featuredmedia":[{"embeddable":true,"href":"https:\/\/prompt-place.com\/tr\/wp-json\/wp\/v2\/media\/21725"}],"wp:attachment":[{"href":"https:\/\/prompt-place.com\/tr\/wp-json\/wp\/v2\/media?parent=24337"}],"wp:term":[{"taxonomy":"product_brand","embeddable":true,"href":"https:\/\/prompt-place.com\/tr\/wp-json\/wp\/v2\/product_brand?post=24337"},{"taxonomy":"product_cat","embeddable":true,"href":"https:\/\/prompt-place.com\/tr\/wp-json\/wp\/v2\/product_cat?post=24337"},{"taxonomy":"product_tag","embeddable":true,"href":"https:\/\/prompt-place.com\/tr\/wp-json\/wp\/v2\/product_tag?post=24337"}],"curies":[{"name":"wp","href":"https:\/\/api.w.org\/{rel}","templated":true}]}}