{"id":24334,"date":"2026-01-09T11:46:57","date_gmt":"2026-01-09T11:46:57","guid":{"rendered":"http:\/\/prompt-place.com\/product\/kurumsal-zekayi-temsil-eden-dev-dijital-beyin\/"},"modified":"2026-01-09T11:53:52","modified_gmt":"2026-01-09T11:53:52","slug":"kurumsal-zekayi-temsil-eden-dev-dijital-beyin","status":"publish","type":"product","link":"https:\/\/prompt-place.com\/tr\/urun\/kurumsal-zekayi-temsil-eden-dev-dijital-beyin\/","title":{"rendered":"Kurumsal Zekay\u0131 Temsil Eden Dev Dijital Beyin"},"content":{"rendered":"<p>\u0130novasyon laboratuvar\u0131, y\u00fcksek katl\u0131 y\u00f6netim kurulu odas\u0131 veya soyut kurumsal kontrol alan\u0131 gibi birinci s\u0131n\u0131f bir kurumsal teknoloji ortam\u0131n\u0131n i\u00e7inde merkezi yap\u0131 olarak y\u00fczen veya g\u00f6m\u00fcl\u00fc devasa bir parlayan dijital beynin fotoger\u00e7ek\u00e7i, sinematik bir g\u00f6r\u00fcnt\u00fcs\u00fcn\u00fc olu\u015fturun; beyni, hesaplama ve stratejik zekay\u0131 iletmek i\u00e7in \u0131\u015f\u0131kl\u0131 devre hatlar\u0131, veri d\u00fc\u011f\u00fcmleri ve yollardan ge\u00e7en \u0131\u015f\u0131k darbeleriyle katmanl\u0131 a\u011f yap\u0131lar\u0131 kullanarak tasarlay\u0131n; organik veya \u00fcrpertici dokular olmadan temiz bir m\u00fchendislik esteti\u011fini koruyun; \u015e\u0131k konsollar, holografik g\u00f6sterge tablolar\u0131 ve okunabilir metin i\u00e7ermeyen soyut KPI tarz\u0131 g\u00f6rseller gibi ince kurumsal zeka ipu\u00e7lar\u0131n\u0131, g\u00f6zlemleyen veya etkile\u015fimde bulunan profesyonellerin iste\u011fe ba\u011fl\u0131 k\u00fc\u00e7\u00fck sil\u00fcetleriyle (y\u00fczler odak noktas\u0131 de\u011fildir) dahil edin; beynin birincil \u0131\u015f\u0131k kayna\u011f\u0131 oldu\u011fu, so\u011fuk bir neon paleti (camg\u00f6be\u011fi\/mavi\/mor), yumu\u015fak \u00e7i\u00e7eklenme, kontroll\u00fc hacimsel pus ve cam ve metal \u00fczerinde birinci s\u0131n\u0131f yans\u0131malar i\u00e7eren karanl\u0131k, y\u00fcksek kontrastl\u0131 bir ortam kullan\u0131n; Oda, insanlar ve dev dijital beyin aras\u0131ndaki dramatik \u00f6l\u00e7ek fark\u0131n\u0131 vurgulayan, g\u00fc\u00e7l\u00fc derinlik, net geometri ve karikat\u00fcr tarz\u0131, logolar ve \u00e7arp\u0131t\u0131lm\u0131\u015f metinler olmadan ultra ayr\u0131nt\u0131l\u0131 fotoger\u00e7ek\u00e7i i\u015fleme sa\u011flayan geni\u015f bir \u00e7ekim olu\u015fturun.<\/p>\n","protected":false},"excerpt":{"rendered":"<p>\u0130novasyon laboratuvar\u0131, y\u00fcksek katl\u0131 y\u00f6netim kurulu odas\u0131 veya soyut kurumsal kontrol alan\u0131 gibi birinci s\u0131n\u0131f bir kurumsal teknoloji ortam\u0131n\u0131n i\u00e7inde merkezi yap\u0131 olarak y\u00fczen veya g\u00f6m\u00fcl\u00fc devasa bir parlayan dijital beynin fotoger\u00e7ek\u00e7i, sinematik bir g\u00f6r\u00fcnt\u00fcs\u00fcn\u00fc olu\u015fturun; beyni, hesaplama ve stratejik zekay\u0131 iletmek i\u00e7in \u0131\u015f\u0131kl\u0131 devre hatlar\u0131, veri d\u00fc\u011f\u00fcmleri ve yollardan ge\u00e7en \u0131\u015f\u0131k darbeleriyle katmanl\u0131 a\u011f [&hellip;]<\/p>\n","protected":false},"featured_media":21725,"comment_status":"open","ping_status":"closed","template":"","meta":[],"product_brand":[],"product_cat":[347,348],"product_tag":[3443,3445,3441],"class_list":{"0":"post-24334","1":"product","2":"type-product","3":"status-publish","4":"has-post-thumbnail","6":"product_cat-modeller","7":"product_cat-yolculuk-ortasi-ipuclari","8":"product_tag-beyin","9":"product_tag-dev","10":"product_tag-dijital","12":"first","13":"instock","14":"downloadable","15":"virtual","16":"product-type-simple"},"_links":{"self":[{"href":"https:\/\/prompt-place.com\/tr\/wp-json\/wp\/v2\/product\/24334","targetHints":{"allow":["GET"]}}],"collection":[{"href":"https:\/\/prompt-place.com\/tr\/wp-json\/wp\/v2\/product"}],"about":[{"href":"https:\/\/prompt-place.com\/tr\/wp-json\/wp\/v2\/types\/product"}],"replies":[{"embeddable":true,"href":"https:\/\/prompt-place.com\/tr\/wp-json\/wp\/v2\/comments?post=24334"}],"wp:featuredmedia":[{"embeddable":true,"href":"https:\/\/prompt-place.com\/tr\/wp-json\/wp\/v2\/media\/21725"}],"wp:attachment":[{"href":"https:\/\/prompt-place.com\/tr\/wp-json\/wp\/v2\/media?parent=24334"}],"wp:term":[{"taxonomy":"product_brand","embeddable":true,"href":"https:\/\/prompt-place.com\/tr\/wp-json\/wp\/v2\/product_brand?post=24334"},{"taxonomy":"product_cat","embeddable":true,"href":"https:\/\/prompt-place.com\/tr\/wp-json\/wp\/v2\/product_cat?post=24334"},{"taxonomy":"product_tag","embeddable":true,"href":"https:\/\/prompt-place.com\/tr\/wp-json\/wp\/v2\/product_tag?post=24334"}],"curies":[{"name":"wp","href":"https:\/\/api.w.org\/{rel}","templated":true}]}}