{"id":24203,"date":"2026-01-06T09:42:30","date_gmt":"2026-01-06T09:42:30","guid":{"rendered":"http:\/\/prompt-place.com\/product\/buyuk-veri-analitiginin-renkli-soyut-gosterimi\/"},"modified":"2026-01-06T09:42:30","modified_gmt":"2026-01-06T09:42:30","slug":"buyuk-veri-analitiginin-renkli-soyut-gosterimi","status":"publish","type":"product","link":"https:\/\/prompt-place.com\/tr\/urun\/buyuk-veri-analitiginin-renkli-soyut-gosterimi\/","title":{"rendered":"B\u00fcy\u00fck Veri Analiti\u011finin Renkli Soyut G\u00f6sterimi"},"content":{"rendered":"<p>Bu komut istemi, dinamik geometri ve zengin renk gradyanlar\u0131 kullanarak b\u00fcy\u00fck veri analiti\u011finin canl\u0131 ve soyut bir g\u00f6rselle\u015ftirmesini olu\u015fturur. Sunumlarda, markala\u015fmada ve teknoloji hikayesi anlat\u0131m\u0131nda veri odakl\u0131 i\u00e7g\u00f6r\u00fcleri, analiz platformlar\u0131n\u0131 ve modern i\u015f zekas\u0131 kavramlar\u0131n\u0131 g\u00f6stermek i\u00e7in idealdir. <\/p>\n","protected":false},"excerpt":{"rendered":"<p>Bu komut istemi, dinamik geometri ve zengin renk gradyanlar\u0131 kullanarak b\u00fcy\u00fck veri analiti\u011finin canl\u0131 ve soyut bir g\u00f6rselle\u015ftirmesini olu\u015fturur. Sunumlarda, markala\u015fmada ve teknoloji hikayesi anlat\u0131m\u0131nda veri odakl\u0131 i\u00e7g\u00f6r\u00fcleri, analiz platformlar\u0131n\u0131 ve modern i\u015f zekas\u0131 kavramlar\u0131n\u0131 g\u00f6stermek i\u00e7in idealdir.<\/p>\n","protected":false},"featured_media":21561,"comment_status":"open","ping_status":"closed","template":"","meta":[],"product_brand":[],"product_cat":[746,347],"product_tag":[3091,1954,3211,2038,3210,3111,1617,2049],"class_list":{"0":"post-24203","1":"product","2":"type-product","3":"status-publish","4":"has-post-thumbnail","6":"product_cat-dall-e-ipucu","7":"product_cat-modeller","8":"product_tag-buyuk-veri","9":"product_tag-dalle","10":"product_tag-icgoruler","11":"product_tag-modern-tasarim","12":"product_tag-renkli-gorsellestirme","13":"product_tag-soyut-sanat","14":"product_tag-uretime-hazir","15":"product_tag-veri-analitigi","17":"first","18":"instock","19":"downloadable","20":"virtual","21":"product-type-simple"},"_links":{"self":[{"href":"https:\/\/prompt-place.com\/tr\/wp-json\/wp\/v2\/product\/24203","targetHints":{"allow":["GET"]}}],"collection":[{"href":"https:\/\/prompt-place.com\/tr\/wp-json\/wp\/v2\/product"}],"about":[{"href":"https:\/\/prompt-place.com\/tr\/wp-json\/wp\/v2\/types\/product"}],"replies":[{"embeddable":true,"href":"https:\/\/prompt-place.com\/tr\/wp-json\/wp\/v2\/comments?post=24203"}],"wp:featuredmedia":[{"embeddable":true,"href":"https:\/\/prompt-place.com\/tr\/wp-json\/wp\/v2\/media\/21561"}],"wp:attachment":[{"href":"https:\/\/prompt-place.com\/tr\/wp-json\/wp\/v2\/media?parent=24203"}],"wp:term":[{"taxonomy":"product_brand","embeddable":true,"href":"https:\/\/prompt-place.com\/tr\/wp-json\/wp\/v2\/product_brand?post=24203"},{"taxonomy":"product_cat","embeddable":true,"href":"https:\/\/prompt-place.com\/tr\/wp-json\/wp\/v2\/product_cat?post=24203"},{"taxonomy":"product_tag","embeddable":true,"href":"https:\/\/prompt-place.com\/tr\/wp-json\/wp\/v2\/product_tag?post=24203"}],"curies":[{"name":"wp","href":"https:\/\/api.w.org\/{rel}","templated":true}]}}