{"id":24195,"date":"2026-01-06T09:42:30","date_gmt":"2026-01-06T09:42:30","guid":{"rendered":"http:\/\/prompt-place.com\/product\/is-mantigi-analizi-ve-is-akisi-optimizasyonu-deepseek\/"},"modified":"2026-01-06T09:42:30","modified_gmt":"2026-01-06T09:42:30","slug":"is-mantigi-analizi-ve-is-akisi-optimizasyonu-deepseek","status":"publish","type":"product","link":"https:\/\/prompt-place.com\/tr\/urun\/is-mantigi-analizi-ve-is-akisi-optimizasyonu-deepseek\/","title":{"rendered":"\u0130\u015f Mant\u0131\u011f\u0131 Analizi ve \u0130\u015f Ak\u0131\u015f\u0131 Optimizasyonu (DeepSeek)"},"content":{"rendered":"<p>Karma\u015f\u0131k i\u015f mant\u0131\u011f\u0131n\u0131 analiz etmek, gizli ba\u011f\u0131ml\u0131l\u0131klar\u0131 ve darbo\u011fazlar\u0131 ortaya \u00e7\u0131karmak ve optimize edilmi\u015f, \u00f6l\u00e7eklenebilir i\u015f ak\u0131\u015flar\u0131 \u00f6nermek i\u00e7in tasarlanm\u0131\u015f \u00fcst d\u00fczey bir DeepSeek istemi. Kurumsal sistemler, otomasyon planlamas\u0131 ve s\u00fcre\u00e7 yeniden mimarisi i\u00e7in idealdir. <\/p>\n","protected":false},"excerpt":{"rendered":"<p>Karma\u015f\u0131k i\u015f mant\u0131\u011f\u0131n\u0131 analiz etmek, gizli ba\u011f\u0131ml\u0131l\u0131klar\u0131 ve darbo\u011fazlar\u0131 ortaya \u00e7\u0131karmak ve optimize edilmi\u015f, \u00f6l\u00e7eklenebilir i\u015f ak\u0131\u015flar\u0131 \u00f6nermek i\u00e7in tasarlanm\u0131\u015f \u00fcst d\u00fczey bir DeepSeek istemi. Kurumsal sistemler, otomasyon planlamas\u0131 ve s\u00fcre\u00e7 yeniden mimarisi i\u00e7in idealdir.<\/p>\n","protected":false},"featured_media":21602,"comment_status":"open","ping_status":"closed","template":"","meta":[],"product_brand":[],"product_cat":[695,347],"product_tag":[1621,1619,3191,3192,3193,1928,1623,1617],"class_list":{"0":"post-24195","1":"product","2":"type-product","3":"status-publish","4":"has-post-thumbnail","6":"product_cat-deepseek-istemleri","7":"product_cat-modeller","8":"product_tag-deepseek","9":"product_tag-is-akisi-optimizasyonu","10":"product_tag-is-mantigi","11":"product_tag-kurumsal-sistemler","12":"product_tag-otomasyona-hazir","13":"product_tag-sistem-mimarisi","14":"product_tag-surec-analizi","15":"product_tag-uretime-hazir","17":"first","18":"instock","19":"downloadable","20":"virtual","21":"product-type-simple"},"_links":{"self":[{"href":"https:\/\/prompt-place.com\/tr\/wp-json\/wp\/v2\/product\/24195","targetHints":{"allow":["GET"]}}],"collection":[{"href":"https:\/\/prompt-place.com\/tr\/wp-json\/wp\/v2\/product"}],"about":[{"href":"https:\/\/prompt-place.com\/tr\/wp-json\/wp\/v2\/types\/product"}],"replies":[{"embeddable":true,"href":"https:\/\/prompt-place.com\/tr\/wp-json\/wp\/v2\/comments?post=24195"}],"wp:featuredmedia":[{"embeddable":true,"href":"https:\/\/prompt-place.com\/tr\/wp-json\/wp\/v2\/media\/21602"}],"wp:attachment":[{"href":"https:\/\/prompt-place.com\/tr\/wp-json\/wp\/v2\/media?parent=24195"}],"wp:term":[{"taxonomy":"product_brand","embeddable":true,"href":"https:\/\/prompt-place.com\/tr\/wp-json\/wp\/v2\/product_brand?post=24195"},{"taxonomy":"product_cat","embeddable":true,"href":"https:\/\/prompt-place.com\/tr\/wp-json\/wp\/v2\/product_cat?post=24195"},{"taxonomy":"product_tag","embeddable":true,"href":"https:\/\/prompt-place.com\/tr\/wp-json\/wp\/v2\/product_tag?post=24195"}],"curies":[{"name":"wp","href":"https:\/\/api.w.org\/{rel}","templated":true}]}}