{"id":24189,"date":"2026-01-06T09:42:29","date_gmt":"2026-01-06T09:42:29","guid":{"rendered":"http:\/\/prompt-place.com\/product\/akilli-ofisin-izometrik-cizimi\/"},"modified":"2026-01-06T09:42:29","modified_gmt":"2026-01-06T09:42:29","slug":"akilli-ofisin-izometrik-cizimi","status":"publish","type":"product","link":"https:\/\/prompt-place.com\/tr\/urun\/akilli-ofisin-izometrik-cizimi\/","title":{"rendered":"Ak\u0131ll\u0131 Ofisin \u0130zometrik \u00c7izimi"},"content":{"rendered":"<p>Bu komut istemi, ba\u011fl\u0131 \u00e7al\u0131\u015fma alanlar\u0131n\u0131, yapay zeka ara\u00e7lar\u0131n\u0131 ve IoT \u00f6zellikli ortamlar\u0131 sergileyen ak\u0131ll\u0131 bir ofisin temiz ve ayr\u0131nt\u0131l\u0131 bir izometrik ill\u00fcstrasyonunu olu\u015fturur. Gelece\u011fin i\u015f g\u00f6rselleri, i\u015f yeri teknoloji a\u00e7\u0131klay\u0131c\u0131lar\u0131 ve kurumsal sunumlar i\u00e7in idealdir. <\/p>\n","protected":false},"excerpt":{"rendered":"<p>Bu komut istemi, ba\u011fl\u0131 \u00e7al\u0131\u015fma alanlar\u0131n\u0131, yapay zeka ara\u00e7lar\u0131n\u0131 ve IoT \u00f6zellikli ortamlar\u0131 sergileyen ak\u0131ll\u0131 bir ofisin temiz ve ayr\u0131nt\u0131l\u0131 bir izometrik ill\u00fcstrasyonunu olu\u015fturur. Gelece\u011fin i\u015f g\u00f6rselleri, i\u015f yeri teknoloji a\u00e7\u0131klay\u0131c\u0131lar\u0131 ve kurumsal sunumlar i\u00e7in idealdir.<\/p>\n","protected":false},"featured_media":21561,"comment_status":"open","ping_status":"closed","template":"","meta":[],"product_brand":[],"product_cat":[746,347],"product_tag":[3169,3167,1954,2540,3168,3165,2038,1617],"class_list":{"0":"post-24189","1":"product","2":"type-product","3":"status-publish","4":"has-post-thumbnail","6":"product_cat-dall-e-ipucu","7":"product_cat-modeller","8":"product_tag-ai-ofis","9":"product_tag-akilli-ofis","10":"product_tag-dalle","11":"product_tag-gelecegin-isi","12":"product_tag-isyeri-teknolojisi","13":"product_tag-izometrik-illustrasyon","14":"product_tag-modern-tasarim","15":"product_tag-uretime-hazir","17":"first","18":"instock","19":"downloadable","20":"virtual","21":"product-type-simple"},"_links":{"self":[{"href":"https:\/\/prompt-place.com\/tr\/wp-json\/wp\/v2\/product\/24189","targetHints":{"allow":["GET"]}}],"collection":[{"href":"https:\/\/prompt-place.com\/tr\/wp-json\/wp\/v2\/product"}],"about":[{"href":"https:\/\/prompt-place.com\/tr\/wp-json\/wp\/v2\/types\/product"}],"replies":[{"embeddable":true,"href":"https:\/\/prompt-place.com\/tr\/wp-json\/wp\/v2\/comments?post=24189"}],"wp:featuredmedia":[{"embeddable":true,"href":"https:\/\/prompt-place.com\/tr\/wp-json\/wp\/v2\/media\/21561"}],"wp:attachment":[{"href":"https:\/\/prompt-place.com\/tr\/wp-json\/wp\/v2\/media?parent=24189"}],"wp:term":[{"taxonomy":"product_brand","embeddable":true,"href":"https:\/\/prompt-place.com\/tr\/wp-json\/wp\/v2\/product_brand?post=24189"},{"taxonomy":"product_cat","embeddable":true,"href":"https:\/\/prompt-place.com\/tr\/wp-json\/wp\/v2\/product_cat?post=24189"},{"taxonomy":"product_tag","embeddable":true,"href":"https:\/\/prompt-place.com\/tr\/wp-json\/wp\/v2\/product_tag?post=24189"}],"curies":[{"name":"wp","href":"https:\/\/api.w.org\/{rel}","templated":true}]}}