{"id":24186,"date":"2026-01-06T09:42:28","date_gmt":"2026-01-06T09:42:28","guid":{"rendered":"http:\/\/prompt-place.com\/product\/kurumsal-ortamda-dijital-donusum\/"},"modified":"2026-01-06T09:42:28","modified_gmt":"2026-01-06T09:42:28","slug":"kurumsal-ortamda-dijital-donusum","status":"publish","type":"product","link":"https:\/\/prompt-place.com\/tr\/urun\/kurumsal-ortamda-dijital-donusum\/","title":{"rendered":"Kurumsal Ortamda Dijital D\u00f6n\u00fc\u015f\u00fcm"},"content":{"rendered":"<p>Bu bilgi istemi, geleneksel ofis ortamlar\u0131n\u0131 yapay zeka, bulut platformlar\u0131 ve veri odakl\u0131 sistemler gibi geli\u015fmi\u015f dijital teknolojilerle harmanlayarak kurumsal bir ortamda dijital d\u00f6n\u00fc\u015f\u00fcm\u00fcn sinematik bir g\u00f6rselle\u015ftirmesini olu\u015fturur. Dan\u0131\u015fmanl\u0131k sunumlar\u0131, kurumsal pazarlama ve strateji materyalleri i\u00e7in idealdir. <\/p>\n","protected":false},"excerpt":{"rendered":"<p>Bu bilgi istemi, geleneksel ofis ortamlar\u0131n\u0131 yapay zeka, bulut platformlar\u0131 ve veri odakl\u0131 sistemler gibi geli\u015fmi\u015f dijital teknolojilerle harmanlayarak kurumsal bir ortamda dijital d\u00f6n\u00fc\u015f\u00fcm\u00fcn sinematik bir g\u00f6rselle\u015ftirmesini olu\u015fturur. Dan\u0131\u015fmanl\u0131k sunumlar\u0131, kurumsal pazarlama ve strateji materyalleri i\u00e7in idealdir.<\/p>\n","protected":false},"featured_media":21561,"comment_status":"open","ping_status":"closed","template":"","meta":[],"product_brand":[],"product_cat":[746,347],"product_tag":[2958,1954,1719,3159,3157,3155,1955,1617],"class_list":{"0":"post-24186","1":"product","2":"type-product","3":"status-publish","4":"has-post-thumbnail","6":"product_cat-dall-e-ipucu","7":"product_cat-modeller","8":"product_tag-bulut-bilisim","9":"product_tag-dalle","10":"product_tag-dijital-donusum","11":"product_tag-is-inovasyon","12":"product_tag-kurumsal-ai-2","13":"product_tag-kurumsal-teknoloji","14":"product_tag-sinematik","15":"product_tag-uretime-hazir","17":"first","18":"instock","19":"downloadable","20":"virtual","21":"product-type-simple"},"_links":{"self":[{"href":"https:\/\/prompt-place.com\/tr\/wp-json\/wp\/v2\/product\/24186","targetHints":{"allow":["GET"]}}],"collection":[{"href":"https:\/\/prompt-place.com\/tr\/wp-json\/wp\/v2\/product"}],"about":[{"href":"https:\/\/prompt-place.com\/tr\/wp-json\/wp\/v2\/types\/product"}],"replies":[{"embeddable":true,"href":"https:\/\/prompt-place.com\/tr\/wp-json\/wp\/v2\/comments?post=24186"}],"wp:featuredmedia":[{"embeddable":true,"href":"https:\/\/prompt-place.com\/tr\/wp-json\/wp\/v2\/media\/21561"}],"wp:attachment":[{"href":"https:\/\/prompt-place.com\/tr\/wp-json\/wp\/v2\/media?parent=24186"}],"wp:term":[{"taxonomy":"product_brand","embeddable":true,"href":"https:\/\/prompt-place.com\/tr\/wp-json\/wp\/v2\/product_brand?post=24186"},{"taxonomy":"product_cat","embeddable":true,"href":"https:\/\/prompt-place.com\/tr\/wp-json\/wp\/v2\/product_cat?post=24186"},{"taxonomy":"product_tag","embeddable":true,"href":"https:\/\/prompt-place.com\/tr\/wp-json\/wp\/v2\/product_tag?post=24186"}],"curies":[{"name":"wp","href":"https:\/\/api.w.org\/{rel}","templated":true}]}}