{"id":24184,"date":"2026-01-06T09:42:24","date_gmt":"2026-01-06T09:42:24","guid":{"rendered":"http:\/\/prompt-place.com\/product\/yapay-zeka-destekli-finansal-ticaret-arayuz-tasarimi\/"},"modified":"2026-01-06T09:42:24","modified_gmt":"2026-01-06T09:42:24","slug":"yapay-zeka-destekli-finansal-ticaret-arayuz-tasarimi","status":"publish","type":"product","link":"https:\/\/prompt-place.com\/tr\/urun\/yapay-zeka-destekli-finansal-ticaret-arayuz-tasarimi\/","title":{"rendered":"Yapay Zeka Destekli Finansal Ticaret Aray\u00fcz Tasar\u0131m\u0131"},"content":{"rendered":"<p>Bu komut istemi, ger\u00e7ek zamanl\u0131 analizler ve ak\u0131ll\u0131 karar destek ipu\u00e7lar\u0131 ile \u015f\u0131k, profesyonel yapay zeka destekli bir finansal ticaret aray\u00fcz\u00fc olu\u015fturur. Fintech \u00fcr\u00fcnleri, ticaret platformlar\u0131, yat\u0131r\u0131mc\u0131 desteleri ve geli\u015fmi\u015f piyasa g\u00f6rselle\u015ftirme konseptleri i\u00e7in idealdir. <\/p>\n","protected":false},"excerpt":{"rendered":"<p>Bu komut istemi, ger\u00e7ek zamanl\u0131 analizler ve ak\u0131ll\u0131 karar destek ipu\u00e7lar\u0131 ile \u015f\u0131k, profesyonel yapay zeka destekli bir finansal ticaret aray\u00fcz\u00fc olu\u015fturur. Fintech \u00fcr\u00fcnleri, ticaret platformlar\u0131, yat\u0131r\u0131mc\u0131 desteleri ve geli\u015fmi\u015f piyasa g\u00f6rselle\u015ftirme konseptleri i\u00e7in idealdir.<\/p>\n","protected":false},"featured_media":21561,"comment_status":"open","ping_status":"closed","template":"","meta":[],"product_brand":[],"product_cat":[746,347],"product_tag":[3148,1954,3149,1974,3150,2946,3147,1617],"class_list":{"0":"post-24184","1":"product","2":"type-product","3":"status-publish","4":"has-post-thumbnail","6":"product_cat-dall-e-ipucu","7":"product_cat-modeller","8":"product_tag-ai-trading","9":"product_tag-dalle","10":"product_tag-financial-ui","11":"product_tag-fintech","12":"product_tag-pazar-analizi","13":"product_tag-profesyonel-tasarim","14":"product_tag-ticaret-arayuzu","15":"product_tag-uretime-hazir","17":"first","18":"instock","19":"downloadable","20":"virtual","21":"product-type-simple"},"_links":{"self":[{"href":"https:\/\/prompt-place.com\/tr\/wp-json\/wp\/v2\/product\/24184","targetHints":{"allow":["GET"]}}],"collection":[{"href":"https:\/\/prompt-place.com\/tr\/wp-json\/wp\/v2\/product"}],"about":[{"href":"https:\/\/prompt-place.com\/tr\/wp-json\/wp\/v2\/types\/product"}],"replies":[{"embeddable":true,"href":"https:\/\/prompt-place.com\/tr\/wp-json\/wp\/v2\/comments?post=24184"}],"wp:featuredmedia":[{"embeddable":true,"href":"https:\/\/prompt-place.com\/tr\/wp-json\/wp\/v2\/media\/21561"}],"wp:attachment":[{"href":"https:\/\/prompt-place.com\/tr\/wp-json\/wp\/v2\/media?parent=24184"}],"wp:term":[{"taxonomy":"product_brand","embeddable":true,"href":"https:\/\/prompt-place.com\/tr\/wp-json\/wp\/v2\/product_brand?post=24184"},{"taxonomy":"product_cat","embeddable":true,"href":"https:\/\/prompt-place.com\/tr\/wp-json\/wp\/v2\/product_cat?post=24184"},{"taxonomy":"product_tag","embeddable":true,"href":"https:\/\/prompt-place.com\/tr\/wp-json\/wp\/v2\/product_tag?post=24184"}],"curies":[{"name":"wp","href":"https:\/\/api.w.org\/{rel}","templated":true}]}}