{"id":24180,"date":"2026-01-06T09:42:24","date_gmt":"2026-01-06T09:42:24","guid":{"rendered":"http:\/\/prompt-place.com\/product\/motivasyonel-inovasyon-ve-liderlik-posteri\/"},"modified":"2026-01-06T09:42:24","modified_gmt":"2026-01-06T09:42:24","slug":"motivasyonel-inovasyon-ve-liderlik-posteri","status":"publish","type":"product","link":"https:\/\/prompt-place.com\/tr\/urun\/motivasyonel-inovasyon-ve-liderlik-posteri\/","title":{"rendered":"Motivasyonel \u0130novasyon ve Liderlik Posteri"},"content":{"rendered":"<p>Bu bilgi istemi, inovasyon ve liderli\u011fe odaklanan ilham verici, sinematik bir motivasyon posteri olu\u015fturur. Kurum k\u00fclt\u00fcr\u00fc materyalleri, liderlik sunumlar\u0131, i\u00e7 ileti\u015fim ve ilham verici marka g\u00f6rselleri i\u00e7in idealdir. <\/p>\n","protected":false},"excerpt":{"rendered":"<p>Bu bilgi istemi, inovasyon ve liderli\u011fe odaklanan ilham verici, sinematik bir motivasyon posteri olu\u015fturur. Kurum k\u00fclt\u00fcr\u00fc materyalleri, liderlik sunumlar\u0131, i\u00e7 ileti\u015fim ve ilham verici marka g\u00f6rselleri i\u00e7in idealdir.<\/p>\n","protected":false},"featured_media":21561,"comment_status":"open","ping_status":"closed","template":"","meta":[],"product_brand":[],"product_cat":[746,347],"product_tag":[1954,3136,3137,2136,3135,3139,1617,2611],"class_list":{"0":"post-24180","1":"product","2":"type-product","3":"status-publish","4":"has-post-thumbnail","6":"product_cat-dall-e-ipucu","7":"product_cat-modeller","8":"product_tag-dalle","9":"product_tag-ilham","10":"product_tag-kurumsal-kultur","11":"product_tag-liderlik","12":"product_tag-motivasyon-poster","13":"product_tag-sinematik-illustrasyon","14":"product_tag-uretime-hazir","15":"product_tag-yenilik","17":"first","18":"instock","19":"downloadable","20":"virtual","21":"product-type-simple"},"_links":{"self":[{"href":"https:\/\/prompt-place.com\/tr\/wp-json\/wp\/v2\/product\/24180","targetHints":{"allow":["GET"]}}],"collection":[{"href":"https:\/\/prompt-place.com\/tr\/wp-json\/wp\/v2\/product"}],"about":[{"href":"https:\/\/prompt-place.com\/tr\/wp-json\/wp\/v2\/types\/product"}],"replies":[{"embeddable":true,"href":"https:\/\/prompt-place.com\/tr\/wp-json\/wp\/v2\/comments?post=24180"}],"wp:featuredmedia":[{"embeddable":true,"href":"https:\/\/prompt-place.com\/tr\/wp-json\/wp\/v2\/media\/21561"}],"wp:attachment":[{"href":"https:\/\/prompt-place.com\/tr\/wp-json\/wp\/v2\/media?parent=24180"}],"wp:term":[{"taxonomy":"product_brand","embeddable":true,"href":"https:\/\/prompt-place.com\/tr\/wp-json\/wp\/v2\/product_brand?post=24180"},{"taxonomy":"product_cat","embeddable":true,"href":"https:\/\/prompt-place.com\/tr\/wp-json\/wp\/v2\/product_cat?post=24180"},{"taxonomy":"product_tag","embeddable":true,"href":"https:\/\/prompt-place.com\/tr\/wp-json\/wp\/v2\/product_tag?post=24180"}],"curies":[{"name":"wp","href":"https:\/\/api.w.org\/{rel}","templated":true}]}}