{"id":24179,"date":"2026-01-06T09:42:24","date_gmt":"2026-01-06T09:42:24","guid":{"rendered":"http:\/\/prompt-place.com\/product\/sinir-aglari-parlayan-fraktal-yapilar-olarak-gorsellestirildi\/"},"modified":"2026-01-06T09:42:24","modified_gmt":"2026-01-06T09:42:24","slug":"sinir-aglari-parlayan-fraktal-yapilar-olarak-gorsellestirildi","status":"publish","type":"product","link":"https:\/\/prompt-place.com\/tr\/urun\/sinir-aglari-parlayan-fraktal-yapilar-olarak-gorsellestirildi\/","title":{"rendered":"Sinir A\u011flar\u0131 Parlayan Fraktal Yap\u0131lar Olarak G\u00f6rselle\u015ftirildi"},"content":{"rendered":"<p>Bu komut istemi, parlayan fraktal yap\u0131lar olarak temsil edilen sinir a\u011flar\u0131n\u0131n soyut, f\u00fct\u00fcristik bir g\u00f6rselle\u015ftirmesini olu\u015fturur. Sunumlarda, ara\u015ft\u0131rma g\u00f6rsellerinde ve teknoloji markala\u015fmas\u0131nda yapay zeka karma\u015f\u0131kl\u0131\u011f\u0131n\u0131, ortaya \u00e7\u0131kan zekay\u0131 ve makine \u00f6\u011frenimi kavramlar\u0131n\u0131 g\u00f6stermek i\u00e7in idealdir. <\/p>\n","protected":false},"excerpt":{"rendered":"<p>Bu komut istemi, parlayan fraktal yap\u0131lar olarak temsil edilen sinir a\u011flar\u0131n\u0131n soyut, f\u00fct\u00fcristik bir g\u00f6rselle\u015ftirmesini olu\u015fturur. Sunumlarda, ara\u015ft\u0131rma g\u00f6rsellerinde ve teknoloji markala\u015fmas\u0131nda yapay zeka karma\u015f\u0131kl\u0131\u011f\u0131n\u0131, ortaya \u00e7\u0131kan zekay\u0131 ve makine \u00f6\u011frenimi kavramlar\u0131n\u0131 g\u00f6stermek i\u00e7in idealdir.<\/p>\n","protected":false},"featured_media":21561,"comment_status":"open","ping_status":"closed","template":"","meta":[],"product_brand":[],"product_cat":[746,347],"product_tag":[3020,1954,3132,1972,3112,3134,3006,1617],"class_list":{"0":"post-24179","1":"product","2":"type-product","3":"status-publish","4":"has-post-thumbnail","6":"product_cat-dall-e-ipucu","7":"product_cat-modeller","8":"product_tag-ai-gorsellestirme","9":"product_tag-dalle","10":"product_tag-fraktal-sanat","11":"product_tag-futuristik-tasarim","12":"product_tag-noral-aglar","13":"product_tag-parlayan-yapilar","14":"product_tag-soyut-ai","15":"product_tag-uretime-hazir","17":"first","18":"instock","19":"downloadable","20":"virtual","21":"product-type-simple"},"_links":{"self":[{"href":"https:\/\/prompt-place.com\/tr\/wp-json\/wp\/v2\/product\/24179","targetHints":{"allow":["GET"]}}],"collection":[{"href":"https:\/\/prompt-place.com\/tr\/wp-json\/wp\/v2\/product"}],"about":[{"href":"https:\/\/prompt-place.com\/tr\/wp-json\/wp\/v2\/types\/product"}],"replies":[{"embeddable":true,"href":"https:\/\/prompt-place.com\/tr\/wp-json\/wp\/v2\/comments?post=24179"}],"wp:featuredmedia":[{"embeddable":true,"href":"https:\/\/prompt-place.com\/tr\/wp-json\/wp\/v2\/media\/21561"}],"wp:attachment":[{"href":"https:\/\/prompt-place.com\/tr\/wp-json\/wp\/v2\/media?parent=24179"}],"wp:term":[{"taxonomy":"product_brand","embeddable":true,"href":"https:\/\/prompt-place.com\/tr\/wp-json\/wp\/v2\/product_brand?post=24179"},{"taxonomy":"product_cat","embeddable":true,"href":"https:\/\/prompt-place.com\/tr\/wp-json\/wp\/v2\/product_cat?post=24179"},{"taxonomy":"product_tag","embeddable":true,"href":"https:\/\/prompt-place.com\/tr\/wp-json\/wp\/v2\/product_tag?post=24179"}],"curies":[{"name":"wp","href":"https:\/\/api.w.org\/{rel}","templated":true}]}}