{"id":24172,"date":"2026-01-06T09:42:23","date_gmt":"2026-01-06T09:42:23","guid":{"rendered":"http:\/\/prompt-place.com\/product\/makine-ogrenimi-sureclerinin-soyut-temsili\/"},"modified":"2026-01-06T09:42:23","modified_gmt":"2026-01-06T09:42:23","slug":"makine-ogrenimi-sureclerinin-soyut-temsili","status":"publish","type":"product","link":"https:\/\/prompt-place.com\/tr\/urun\/makine-ogrenimi-sureclerinin-soyut-temsili\/","title":{"rendered":"Makine \u00d6\u011frenimi S\u00fcre\u00e7lerinin Soyut Temsili"},"content":{"rendered":"<p>Bu komut istemi, ak\u0131c\u0131 \u015fekiller, n\u00f6ral desenler ve dinamik veri ba\u011flant\u0131lar\u0131 kullanarak makine \u00f6\u011frenimi s\u00fcre\u00e7lerinin soyut, kavramsal bir g\u00f6rselle\u015ftirmesini olu\u015fturur. Sunumlarda, web sitelerinde, ara\u015ft\u0131rma materyallerinde ve teknoloji markala\u015fmas\u0131nda yapay zeka kavramlar\u0131n\u0131 g\u00f6stermek i\u00e7in idealdir. <\/p>\n","protected":false},"excerpt":{"rendered":"<p>Bu komut istemi, ak\u0131c\u0131 \u015fekiller, n\u00f6ral desenler ve dinamik veri ba\u011flant\u0131lar\u0131 kullanarak makine \u00f6\u011frenimi s\u00fcre\u00e7lerinin soyut, kavramsal bir g\u00f6rselle\u015ftirmesini olu\u015fturur. Sunumlarda, web sitelerinde, ara\u015ft\u0131rma materyallerinde ve teknoloji markala\u015fmas\u0131nda yapay zeka kavramlar\u0131n\u0131 g\u00f6stermek i\u00e7in idealdir.<\/p>\n","protected":false},"featured_media":21561,"comment_status":"open","ping_status":"closed","template":"","meta":[],"product_brand":[],"product_cat":[746,347],"product_tag":[3020,1954,1972,2771,3112,3111,1617,3090],"class_list":{"0":"post-24172","1":"product","2":"type-product","3":"status-publish","4":"has-post-thumbnail","6":"product_cat-dall-e-ipucu","7":"product_cat-modeller","8":"product_tag-ai-gorsellestirme","9":"product_tag-dalle","10":"product_tag-futuristik-tasarim","11":"product_tag-makine-ogrenimi","12":"product_tag-noral-aglar","13":"product_tag-soyut-sanat","14":"product_tag-uretime-hazir","15":"product_tag-veri-akisi","17":"first","18":"instock","19":"downloadable","20":"virtual","21":"product-type-simple"},"_links":{"self":[{"href":"https:\/\/prompt-place.com\/tr\/wp-json\/wp\/v2\/product\/24172","targetHints":{"allow":["GET"]}}],"collection":[{"href":"https:\/\/prompt-place.com\/tr\/wp-json\/wp\/v2\/product"}],"about":[{"href":"https:\/\/prompt-place.com\/tr\/wp-json\/wp\/v2\/types\/product"}],"replies":[{"embeddable":true,"href":"https:\/\/prompt-place.com\/tr\/wp-json\/wp\/v2\/comments?post=24172"}],"wp:featuredmedia":[{"embeddable":true,"href":"https:\/\/prompt-place.com\/tr\/wp-json\/wp\/v2\/media\/21561"}],"wp:attachment":[{"href":"https:\/\/prompt-place.com\/tr\/wp-json\/wp\/v2\/media?parent=24172"}],"wp:term":[{"taxonomy":"product_brand","embeddable":true,"href":"https:\/\/prompt-place.com\/tr\/wp-json\/wp\/v2\/product_brand?post=24172"},{"taxonomy":"product_cat","embeddable":true,"href":"https:\/\/prompt-place.com\/tr\/wp-json\/wp\/v2\/product_cat?post=24172"},{"taxonomy":"product_tag","embeddable":true,"href":"https:\/\/prompt-place.com\/tr\/wp-json\/wp\/v2\/product_tag?post=24172"}],"curies":[{"name":"wp","href":"https:\/\/api.w.org\/{rel}","templated":true}]}}