{"id":24171,"date":"2026-01-06T09:42:23","date_gmt":"2026-01-06T09:42:23","guid":{"rendered":"http:\/\/prompt-place.com\/product\/dijital-varliklari-koruyan-siber-guvenlik-kalkani\/"},"modified":"2026-01-06T09:42:23","modified_gmt":"2026-01-06T09:42:23","slug":"dijital-varliklari-koruyan-siber-guvenlik-kalkani","status":"publish","type":"product","link":"https:\/\/prompt-place.com\/tr\/urun\/dijital-varliklari-koruyan-siber-guvenlik-kalkani\/","title":{"rendered":"Dijital Varl\u0131klar\u0131 Koruyan Siber G\u00fcvenlik Kalkan\u0131"},"content":{"rendered":"<p>Bu komut istemi, dijital varl\u0131klar\u0131 koruyan bir siber g\u00fcvenlik kalkan\u0131n\u0131n f\u00fct\u00fcristik bir g\u00f6rselle\u015ftirmesini olu\u015fturur. Pazarlama materyallerinde, sunumlarda ve \u00fcr\u00fcn g\u00f6rsellerinde veri koruma, bulut g\u00fcvenli\u011fi ve kurumsal siber g\u00fcvenlik kavramlar\u0131n\u0131 g\u00f6stermek i\u00e7in idealdir. <\/p>\n","protected":false},"excerpt":{"rendered":"<p>Bu komut istemi, dijital varl\u0131klar\u0131 koruyan bir siber g\u00fcvenlik kalkan\u0131n\u0131n f\u00fct\u00fcristik bir g\u00f6rselle\u015ftirmesini olu\u015fturur. Pazarlama materyallerinde, sunumlarda ve \u00fcr\u00fcn g\u00f6rsellerinde veri koruma, bulut g\u00fcvenli\u011fi ve kurumsal siber g\u00fcvenlik kavramlar\u0131n\u0131 g\u00f6stermek i\u00e7in idealdir.<\/p>\n","protected":false},"featured_media":21561,"comment_status":"open","ping_status":"closed","template":"","meta":[],"product_brand":[],"product_cat":[746,347],"product_tag":[3110,1954,3107,1972,1900,3109,1617,3108],"class_list":{"0":"post-24171","1":"product","2":"type-product","3":"status-publish","4":"has-post-thumbnail","6":"product_cat-dall-e-ipucu","7":"product_cat-modeller","8":"product_tag-bulut-guvenligi","9":"product_tag-dalle","10":"product_tag-dijital-guvenlik","11":"product_tag-futuristik-tasarim","12":"product_tag-siber-guvenlik","13":"product_tag-siber-kalkan","14":"product_tag-uretime-hazir","15":"product_tag-veri-koruma","17":"first","18":"instock","19":"downloadable","20":"virtual","21":"product-type-simple"},"_links":{"self":[{"href":"https:\/\/prompt-place.com\/tr\/wp-json\/wp\/v2\/product\/24171","targetHints":{"allow":["GET"]}}],"collection":[{"href":"https:\/\/prompt-place.com\/tr\/wp-json\/wp\/v2\/product"}],"about":[{"href":"https:\/\/prompt-place.com\/tr\/wp-json\/wp\/v2\/types\/product"}],"replies":[{"embeddable":true,"href":"https:\/\/prompt-place.com\/tr\/wp-json\/wp\/v2\/comments?post=24171"}],"wp:featuredmedia":[{"embeddable":true,"href":"https:\/\/prompt-place.com\/tr\/wp-json\/wp\/v2\/media\/21561"}],"wp:attachment":[{"href":"https:\/\/prompt-place.com\/tr\/wp-json\/wp\/v2\/media?parent=24171"}],"wp:term":[{"taxonomy":"product_brand","embeddable":true,"href":"https:\/\/prompt-place.com\/tr\/wp-json\/wp\/v2\/product_brand?post=24171"},{"taxonomy":"product_cat","embeddable":true,"href":"https:\/\/prompt-place.com\/tr\/wp-json\/wp\/v2\/product_cat?post=24171"},{"taxonomy":"product_tag","embeddable":true,"href":"https:\/\/prompt-place.com\/tr\/wp-json\/wp\/v2\/product_tag?post=24171"}],"curies":[{"name":"wp","href":"https:\/\/api.w.org\/{rel}","templated":true}]}}