{"id":24166,"date":"2026-01-06T09:42:23","date_gmt":"2026-01-06T09:42:23","guid":{"rendered":"http:\/\/prompt-place.com\/product\/dijital-boru-hatlarindan-akan-buyuk-veri\/"},"modified":"2026-01-06T09:42:23","modified_gmt":"2026-01-06T09:42:23","slug":"dijital-boru-hatlarindan-akan-buyuk-veri","status":"publish","type":"product","link":"https:\/\/prompt-place.com\/tr\/urun\/dijital-boru-hatlarindan-akan-buyuk-veri\/","title":{"rendered":"Dijital Boru Hatlar\u0131ndan Akan B\u00fcy\u00fck Veri"},"content":{"rendered":"<p>Bu komut istemi, dijital boru hatlar\u0131nda hareket eden b\u00fcy\u00fck verilerin soyut, f\u00fct\u00fcristik bir g\u00f6rselle\u015ftirmesini olu\u015fturur. Sunumlarda, web sitelerinde ve teknoloji markala\u015fmas\u0131nda veri m\u00fchendisli\u011fi, analitik platformlar\u0131 ve b\u00fcy\u00fck \u00f6l\u00e7ekli veri i\u015fleme kavramlar\u0131n\u0131 g\u00f6stermek i\u00e7in idealdir. <\/p>\n","protected":false},"excerpt":{"rendered":"<p>Bu komut istemi, dijital boru hatlar\u0131nda hareket eden b\u00fcy\u00fck verilerin soyut, f\u00fct\u00fcristik bir g\u00f6rselle\u015ftirmesini olu\u015fturur. Sunumlarda, web sitelerinde ve teknoloji markala\u015fmas\u0131nda veri m\u00fchendisli\u011fi, analitik platformlar\u0131 ve b\u00fcy\u00fck \u00f6l\u00e7ekli veri i\u015fleme kavramlar\u0131n\u0131 g\u00f6stermek i\u00e7in idealdir.<\/p>\n","protected":false},"featured_media":21561,"comment_status":"open","ping_status":"closed","template":"","meta":[],"product_brand":[],"product_cat":[746,347],"product_tag":[2326,3091,1954,1972,1973,1617,3090,3093],"class_list":{"0":"post-24166","1":"product","2":"type-product","3":"status-publish","4":"has-post-thumbnail","6":"product_cat-dall-e-ipucu","7":"product_cat-modeller","8":"product_tag-analitik","9":"product_tag-buyuk-veri","10":"product_tag-dalle","11":"product_tag-futuristik-tasarim","12":"product_tag-soyut-gorsellestirme","13":"product_tag-uretime-hazir","14":"product_tag-veri-akisi","15":"product_tag-veri-boru-hatlari","17":"first","18":"instock","19":"downloadable","20":"virtual","21":"product-type-simple"},"_links":{"self":[{"href":"https:\/\/prompt-place.com\/tr\/wp-json\/wp\/v2\/product\/24166","targetHints":{"allow":["GET"]}}],"collection":[{"href":"https:\/\/prompt-place.com\/tr\/wp-json\/wp\/v2\/product"}],"about":[{"href":"https:\/\/prompt-place.com\/tr\/wp-json\/wp\/v2\/types\/product"}],"replies":[{"embeddable":true,"href":"https:\/\/prompt-place.com\/tr\/wp-json\/wp\/v2\/comments?post=24166"}],"wp:featuredmedia":[{"embeddable":true,"href":"https:\/\/prompt-place.com\/tr\/wp-json\/wp\/v2\/media\/21561"}],"wp:attachment":[{"href":"https:\/\/prompt-place.com\/tr\/wp-json\/wp\/v2\/media?parent=24166"}],"wp:term":[{"taxonomy":"product_brand","embeddable":true,"href":"https:\/\/prompt-place.com\/tr\/wp-json\/wp\/v2\/product_brand?post=24166"},{"taxonomy":"product_cat","embeddable":true,"href":"https:\/\/prompt-place.com\/tr\/wp-json\/wp\/v2\/product_cat?post=24166"},{"taxonomy":"product_tag","embeddable":true,"href":"https:\/\/prompt-place.com\/tr\/wp-json\/wp\/v2\/product_tag?post=24166"}],"curies":[{"name":"wp","href":"https:\/\/api.w.org\/{rel}","templated":true}]}}