{"id":24165,"date":"2026-01-06T09:42:23","date_gmt":"2026-01-06T09:42:23","guid":{"rendered":"http:\/\/prompt-place.com\/product\/finansal-analitik-icin-sik-mobil-uygulama-konsepti\/"},"modified":"2026-01-06T09:42:23","modified_gmt":"2026-01-06T09:42:23","slug":"finansal-analitik-icin-sik-mobil-uygulama-konsepti","status":"publish","type":"product","link":"https:\/\/prompt-place.com\/tr\/urun\/finansal-analitik-icin-sik-mobil-uygulama-konsepti\/","title":{"rendered":"Finansal Analitik i\u00e7in \u015e\u0131k Mobil Uygulama Konsepti"},"content":{"rendered":"<p>Bu komut istemi, birinci s\u0131n\u0131f bir fintech g\u00f6r\u00fcn\u00fcm\u00fcne sahip finansal analitik i\u00e7in \u015f\u0131k ve modern bir mobil uygulama konsepti olu\u015fturur. Pazarlama ve \u00fcr\u00fcn tasar\u0131m\u0131 materyallerinde yat\u0131r\u0131m panolar\u0131n\u0131, ki\u015fisel finans uygulamalar\u0131n\u0131 ve mobil \u00f6ncelikli analitik \u00fcr\u00fcnlerini sergilemek i\u00e7in idealdir. <\/p>\n","protected":false},"excerpt":{"rendered":"<p>Bu komut istemi, birinci s\u0131n\u0131f bir fintech g\u00f6r\u00fcn\u00fcm\u00fcne sahip finansal analitik i\u00e7in \u015f\u0131k ve modern bir mobil uygulama konsepti olu\u015fturur. Pazarlama ve \u00fcr\u00fcn tasar\u0131m\u0131 materyallerinde yat\u0131r\u0131m panolar\u0131n\u0131, ki\u015fisel finans uygulamalar\u0131n\u0131 ve mobil \u00f6ncelikli analitik \u00fcr\u00fcnlerini sergilemek i\u00e7in idealdir.<\/p>\n","protected":false},"featured_media":21561,"comment_status":"open","ping_status":"closed","template":"","meta":[],"product_brand":[],"product_cat":[746,347],"product_tag":[1954,3087,1974,3086,2038,3088,1617,3089],"class_list":{"0":"post-24165","1":"product","2":"type-product","3":"status-publish","4":"has-post-thumbnail","6":"product_cat-dall-e-ipucu","7":"product_cat-modeller","8":"product_tag-dalle","9":"product_tag-finansal-analitik","10":"product_tag-fintech","11":"product_tag-mobil-uygulama-tasarimi","12":"product_tag-modern-tasarim","13":"product_tag-ui-ux","14":"product_tag-uretime-hazir","15":"product_tag-urun-mockup","17":"first","18":"instock","19":"downloadable","20":"virtual","21":"product-type-simple"},"_links":{"self":[{"href":"https:\/\/prompt-place.com\/tr\/wp-json\/wp\/v2\/product\/24165","targetHints":{"allow":["GET"]}}],"collection":[{"href":"https:\/\/prompt-place.com\/tr\/wp-json\/wp\/v2\/product"}],"about":[{"href":"https:\/\/prompt-place.com\/tr\/wp-json\/wp\/v2\/types\/product"}],"replies":[{"embeddable":true,"href":"https:\/\/prompt-place.com\/tr\/wp-json\/wp\/v2\/comments?post=24165"}],"wp:featuredmedia":[{"embeddable":true,"href":"https:\/\/prompt-place.com\/tr\/wp-json\/wp\/v2\/media\/21561"}],"wp:attachment":[{"href":"https:\/\/prompt-place.com\/tr\/wp-json\/wp\/v2\/media?parent=24165"}],"wp:term":[{"taxonomy":"product_brand","embeddable":true,"href":"https:\/\/prompt-place.com\/tr\/wp-json\/wp\/v2\/product_brand?post=24165"},{"taxonomy":"product_cat","embeddable":true,"href":"https:\/\/prompt-place.com\/tr\/wp-json\/wp\/v2\/product_cat?post=24165"},{"taxonomy":"product_tag","embeddable":true,"href":"https:\/\/prompt-place.com\/tr\/wp-json\/wp\/v2\/product_tag?post=24165"}],"curies":[{"name":"wp","href":"https:\/\/api.w.org\/{rel}","templated":true}]}}