{"id":24161,"date":"2026-01-06T09:42:23","date_gmt":"2026-01-06T09:42:23","guid":{"rendered":"http:\/\/prompt-place.com\/product\/holografik-grafiklerle-futuristik-toplanti-odasi\/"},"modified":"2026-03-06T20:08:28","modified_gmt":"2026-03-06T20:08:28","slug":"holografik-grafiklerle-futuristik-toplanti-odasi","status":"publish","type":"product","link":"https:\/\/prompt-place.com\/tr\/urun\/holografik-grafiklerle-futuristik-toplanti-odasi\/","title":{"rendered":"Holografik Grafiklerle F\u00fct\u00fcristik Toplant\u0131 Odas\u0131"},"content":{"rendered":"<p>Bu komut istemi, holografik grafikler ve veri panolar\u0131yla geli\u015ftirilmi\u015f f\u00fct\u00fcristik bir kurumsal toplant\u0131 odas\u0131n\u0131n sinematik g\u00f6rselle\u015ftirmesini olu\u015fturur. \u00dcst d\u00fczey karar alma, stratejik planlama ve yeni nesil kurumsal ortamlar\u0131 g\u00f6stermek i\u00e7in idealdir. <\/p>\n","protected":false},"excerpt":{"rendered":"<p>Bu komut istemi, holografik grafikler ve veri panolar\u0131yla geli\u015ftirilmi\u015f f\u00fct\u00fcristik bir kurumsal toplant\u0131 odas\u0131n\u0131n sinematik g\u00f6rselle\u015ftirmesini olu\u015fturur. \u00dcst d\u00fczey karar alma, stratejik planlama ve yeni nesil kurumsal ortamlar\u0131 g\u00f6stermek i\u00e7in idealdir.<\/p>\n","protected":false},"featured_media":21561,"comment_status":"open","ping_status":"closed","template":"","meta":[],"product_brand":[],"product_cat":[746,347],"product_tag":[1954,3069,3070,3071,1955,1617,2114,3072],"class_list":{"0":"post-24161","1":"product","2":"type-product","3":"status-publish","4":"has-post-thumbnail","6":"product_cat-dall-e-ipucu","7":"product_cat-modeller","8":"product_tag-dalle","9":"product_tag-futuristik-yonetim-kurulu-odasi","10":"product_tag-holografik-cizelgeler","11":"product_tag-kurumsal-gelecek","12":"product_tag-sinematik","13":"product_tag-uretime-hazir","14":"product_tag-veri-gorsellestirme","15":"product_tag-yonetici-teknoloji","17":"first","18":"instock","19":"downloadable","20":"virtual","21":"product-type-simple"},"_links":{"self":[{"href":"https:\/\/prompt-place.com\/tr\/wp-json\/wp\/v2\/product\/24161","targetHints":{"allow":["GET"]}}],"collection":[{"href":"https:\/\/prompt-place.com\/tr\/wp-json\/wp\/v2\/product"}],"about":[{"href":"https:\/\/prompt-place.com\/tr\/wp-json\/wp\/v2\/types\/product"}],"replies":[{"embeddable":true,"href":"https:\/\/prompt-place.com\/tr\/wp-json\/wp\/v2\/comments?post=24161"}],"wp:featuredmedia":[{"embeddable":true,"href":"https:\/\/prompt-place.com\/tr\/wp-json\/wp\/v2\/media\/21561"}],"wp:attachment":[{"href":"https:\/\/prompt-place.com\/tr\/wp-json\/wp\/v2\/media?parent=24161"}],"wp:term":[{"taxonomy":"product_brand","embeddable":true,"href":"https:\/\/prompt-place.com\/tr\/wp-json\/wp\/v2\/product_brand?post=24161"},{"taxonomy":"product_cat","embeddable":true,"href":"https:\/\/prompt-place.com\/tr\/wp-json\/wp\/v2\/product_cat?post=24161"},{"taxonomy":"product_tag","embeddable":true,"href":"https:\/\/prompt-place.com\/tr\/wp-json\/wp\/v2\/product_tag?post=24161"}],"curies":[{"name":"wp","href":"https:\/\/api.w.org\/{rel}","templated":true}]}}