{"id":24156,"date":"2026-01-06T09:42:15","date_gmt":"2026-01-06T09:42:15","guid":{"rendered":"http:\/\/prompt-place.com\/product\/ai-mali-tablo-analizi-ve-normallestirilmis-raporlama-asistani\/"},"modified":"2026-01-06T09:42:15","modified_gmt":"2026-01-06T09:42:15","slug":"ai-mali-tablo-analizi-ve-normallestirilmis-raporlama-asistani","status":"publish","type":"product","link":"https:\/\/prompt-place.com\/tr\/urun\/ai-mali-tablo-analizi-ve-normallestirilmis-raporlama-asistani\/","title":{"rendered":"AI Mali Tablo Analizi ve Normalle\u015ftirilmi\u015f Raporlama Asistan\u0131"},"content":{"rendered":"<p>Bu istem, yapay zeka modellerinin ham mali tablolar\u0131 standartla\u015ft\u0131r\u0131lm\u0131\u015f, kar\u015f\u0131la\u015ft\u0131r\u0131labilir analitik raporlara d\u00f6n\u00fc\u015ft\u00fcrmesini sa\u011flar. Kurucular\u0131n, yat\u0131r\u0131mc\u0131lar\u0131n ve analistlerin h\u0131zl\u0131 bir \u015fekilde i\u00e7g\u00f6r\u00fc elde etmelerine, finansal sa\u011fl\u0131\u011f\u0131 de\u011ferlendirmelerine ve d\u00f6nemler veya \u015firketler aras\u0131ndaki performans\u0131 kar\u015f\u0131la\u015ft\u0131rmalar\u0131na yard\u0131mc\u0131 olmak i\u00e7in tasarlanm\u0131\u015ft\u0131r. <\/p>\n","protected":false},"excerpt":{"rendered":"<p>Bu istem, yapay zeka modellerinin ham mali tablolar\u0131 standartla\u015ft\u0131r\u0131lm\u0131\u015f, kar\u015f\u0131la\u015ft\u0131r\u0131labilir analitik raporlara d\u00f6n\u00fc\u015ft\u00fcrmesini sa\u011flar. Kurucular\u0131n, yat\u0131r\u0131mc\u0131lar\u0131n ve analistlerin h\u0131zl\u0131 bir \u015fekilde i\u00e7g\u00f6r\u00fc elde etmelerine, finansal sa\u011fl\u0131\u011f\u0131 de\u011ferlendirmelerine ve d\u00f6nemler veya \u015firketler aras\u0131ndaki performans\u0131 kar\u015f\u0131la\u015ft\u0131rmalar\u0131na yard\u0131mc\u0131 olmak i\u00e7in tasarlanm\u0131\u015ft\u0131r.<\/p>\n","protected":false},"featured_media":21520,"comment_status":"open","ping_status":"closed","template":"","meta":[],"product_brand":[],"product_cat":[756,347],"product_tag":[3055,2289,2113,2714,3054,1617,2713],"class_list":{"0":"post-24156","1":"product","2":"type-product","3":"status-publish","4":"has-post-thumbnail","6":"product_cat-chatgpt-istemleri","7":"product_cat-modeller","8":"product_tag-analitik-raporlama","9":"product_tag-finansal-analiz","10":"product_tag-is-istihbarati","11":"product_tag-kurumsal-finans","12":"product_tag-mali-tablolar","13":"product_tag-uretime-hazir","14":"product_tag-yatirimcilar","16":"first","17":"instock","18":"downloadable","19":"virtual","20":"product-type-simple"},"_links":{"self":[{"href":"https:\/\/prompt-place.com\/tr\/wp-json\/wp\/v2\/product\/24156","targetHints":{"allow":["GET"]}}],"collection":[{"href":"https:\/\/prompt-place.com\/tr\/wp-json\/wp\/v2\/product"}],"about":[{"href":"https:\/\/prompt-place.com\/tr\/wp-json\/wp\/v2\/types\/product"}],"replies":[{"embeddable":true,"href":"https:\/\/prompt-place.com\/tr\/wp-json\/wp\/v2\/comments?post=24156"}],"wp:featuredmedia":[{"embeddable":true,"href":"https:\/\/prompt-place.com\/tr\/wp-json\/wp\/v2\/media\/21520"}],"wp:attachment":[{"href":"https:\/\/prompt-place.com\/tr\/wp-json\/wp\/v2\/media?parent=24156"}],"wp:term":[{"taxonomy":"product_brand","embeddable":true,"href":"https:\/\/prompt-place.com\/tr\/wp-json\/wp\/v2\/product_brand?post=24156"},{"taxonomy":"product_cat","embeddable":true,"href":"https:\/\/prompt-place.com\/tr\/wp-json\/wp\/v2\/product_cat?post=24156"},{"taxonomy":"product_tag","embeddable":true,"href":"https:\/\/prompt-place.com\/tr\/wp-json\/wp\/v2\/product_tag?post=24156"}],"curies":[{"name":"wp","href":"https:\/\/api.w.org\/{rel}","templated":true}]}}