{"id":24152,"date":"2026-01-06T09:42:15","date_gmt":"2026-01-06T09:42:15","guid":{"rendered":"http:\/\/prompt-place.com\/product\/yapay-zeka-isletmeden-teknige-sartname-cevirmeni\/"},"modified":"2026-03-05T08:10:56","modified_gmt":"2026-03-05T08:10:56","slug":"yapay-zeka-isletmeden-teknige-sartname-cevirmeni","status":"publish","type":"product","link":"https:\/\/prompt-place.com\/tr\/urun\/yapay-zeka-isletmeden-teknige-sartname-cevirmeni\/","title":{"rendered":"Yapay Zeka \u0130\u015fletmeden Tekni\u011fe \u015eartname \u00c7evirmeni"},"content":{"rendered":"<p>Bu istem, yapay zeka modellerinin belirsiz, \u00fcst d\u00fczey i\u015f gereksinimlerini net, yap\u0131land\u0131r\u0131lm\u0131\u015f teknik \u00f6zelliklere d\u00f6n\u00fc\u015ft\u00fcrmesini sa\u011flar. Belirsiz fikirleri uygulanabilir, test edilebilir gereksinimlere d\u00f6n\u00fc\u015ft\u00fcrerek kurucular\u0131, \u00fcr\u00fcn y\u00f6neticilerini ve geli\u015ftiricileri hizalamaya yard\u0131mc\u0131 olur. <\/p>\n","protected":false},"excerpt":{"rendered":"<p>Bu istem, yapay zeka modellerinin belirsiz, \u00fcst d\u00fczey i\u015f gereksinimlerini net, yap\u0131land\u0131r\u0131lm\u0131\u015f teknik \u00f6zelliklere d\u00f6n\u00fc\u015ft\u00fcrmesini sa\u011flar. Belirsiz fikirleri uygulanabilir, test edilebilir gereksinimlere d\u00f6n\u00fc\u015ft\u00fcrerek kurucular\u0131, \u00fcr\u00fcn y\u00f6neticilerini ve geli\u015ftiricileri hizalamaya yard\u0131mc\u0131 olur.<\/p>\n","protected":false},"featured_media":21520,"comment_status":"open","ping_status":"closed","template":"","meta":[],"product_brand":[],"product_cat":[756,347],"product_tag":[2941,2533,2621,2622,1617,2620,3048],"class_list":{"0":"post-24152","1":"product","2":"type-product","3":"status-publish","4":"has-post-thumbnail","6":"product_cat-chatgpt-istemleri","7":"product_cat-modeller","8":"product_tag-ai-asistan","9":"product_tag-dokumantasyon","10":"product_tag-gereksinimler-analizi","11":"product_tag-teknik-sartname","12":"product_tag-uretime-hazir","13":"product_tag-urun-yonetimi","14":"product_tag-yazilim-gelistirme","16":"first","17":"instock","18":"downloadable","19":"virtual","20":"product-type-simple"},"_links":{"self":[{"href":"https:\/\/prompt-place.com\/tr\/wp-json\/wp\/v2\/product\/24152","targetHints":{"allow":["GET"]}}],"collection":[{"href":"https:\/\/prompt-place.com\/tr\/wp-json\/wp\/v2\/product"}],"about":[{"href":"https:\/\/prompt-place.com\/tr\/wp-json\/wp\/v2\/types\/product"}],"replies":[{"embeddable":true,"href":"https:\/\/prompt-place.com\/tr\/wp-json\/wp\/v2\/comments?post=24152"}],"wp:featuredmedia":[{"embeddable":true,"href":"https:\/\/prompt-place.com\/tr\/wp-json\/wp\/v2\/media\/21520"}],"wp:attachment":[{"href":"https:\/\/prompt-place.com\/tr\/wp-json\/wp\/v2\/media?parent=24152"}],"wp:term":[{"taxonomy":"product_brand","embeddable":true,"href":"https:\/\/prompt-place.com\/tr\/wp-json\/wp\/v2\/product_brand?post=24152"},{"taxonomy":"product_cat","embeddable":true,"href":"https:\/\/prompt-place.com\/tr\/wp-json\/wp\/v2\/product_cat?post=24152"},{"taxonomy":"product_tag","embeddable":true,"href":"https:\/\/prompt-place.com\/tr\/wp-json\/wp\/v2\/product_tag?post=24152"}],"curies":[{"name":"wp","href":"https:\/\/api.w.org\/{rel}","templated":true}]}}