{"id":24148,"date":"2026-01-06T09:42:15","date_gmt":"2026-01-06T09:42:15","guid":{"rendered":"http:\/\/prompt-place.com\/product\/ai-rakip-ozellik-karsilastirma-matrisi-olusturucu\/"},"modified":"2026-01-06T09:42:15","modified_gmt":"2026-01-06T09:42:15","slug":"ai-rakip-ozellik-karsilastirma-matrisi-olusturucu","status":"publish","type":"product","link":"https:\/\/prompt-place.com\/tr\/urun\/ai-rakip-ozellik-karsilastirma-matrisi-olusturucu\/","title":{"rendered":"AI Rakip \u00d6zellik Kar\u015f\u0131la\u015ft\u0131rma Matrisi Olu\u015fturucu"},"content":{"rendered":"<p>Bu istem, yapay zeka modellerinin yaln\u0131zca kamuya a\u00e7\u0131k bilgileri kullanarak yap\u0131land\u0131r\u0131lm\u0131\u015f rakip \u00f6zellik kar\u015f\u0131la\u015ft\u0131rma matrisleri olu\u015fturmas\u0131n\u0131 sa\u011flar. \u00dcr\u00fcn ekiplerinin ve kurucular\u0131n rekabet\u00e7i konumland\u0131rmay\u0131 h\u0131zl\u0131 bir \u015fekilde de\u011ferlendirmelerine, \u00f6zellik bo\u015fluklar\u0131n\u0131 belirlemelerine ve stratejik karar vermeyi desteklemelerine yard\u0131mc\u0131 olur. <\/p>\n","protected":false},"excerpt":{"rendered":"<p>Bu istem, yapay zeka modellerinin yaln\u0131zca kamuya a\u00e7\u0131k bilgileri kullanarak yap\u0131land\u0131r\u0131lm\u0131\u015f rakip \u00f6zellik kar\u015f\u0131la\u015ft\u0131rma matrisleri olu\u015fturmas\u0131n\u0131 sa\u011flar. \u00dcr\u00fcn ekiplerinin ve kurucular\u0131n rekabet\u00e7i konumland\u0131rmay\u0131 h\u0131zl\u0131 bir \u015fekilde de\u011ferlendirmelerine, \u00f6zellik bo\u015fluklar\u0131n\u0131 belirlemelerine ve stratejik karar vermeyi desteklemelerine yard\u0131mc\u0131 olur.<\/p>\n","protected":false},"featured_media":21520,"comment_status":"open","ping_status":"closed","template":"","meta":[],"product_brand":[],"product_cat":[756,347],"product_tag":[3034,2439,3038,3036,2438,1617,3035],"class_list":{"0":"post-24148","1":"product","2":"type-product","3":"status-publish","4":"has-post-thumbnail","6":"product_cat-chatgpt-istemleri","7":"product_cat-modeller","8":"product_tag-ozellik-karsilastirma","9":"product_tag-pazar-arastirmasi","10":"product_tag-public-data","11":"product_tag-rakipler","12":"product_tag-rekabet-analizi","13":"product_tag-uretime-hazir","14":"product_tag-urun-stratejisi","16":"first","17":"instock","18":"downloadable","19":"virtual","20":"product-type-simple"},"_links":{"self":[{"href":"https:\/\/prompt-place.com\/tr\/wp-json\/wp\/v2\/product\/24148","targetHints":{"allow":["GET"]}}],"collection":[{"href":"https:\/\/prompt-place.com\/tr\/wp-json\/wp\/v2\/product"}],"about":[{"href":"https:\/\/prompt-place.com\/tr\/wp-json\/wp\/v2\/types\/product"}],"replies":[{"embeddable":true,"href":"https:\/\/prompt-place.com\/tr\/wp-json\/wp\/v2\/comments?post=24148"}],"wp:featuredmedia":[{"embeddable":true,"href":"https:\/\/prompt-place.com\/tr\/wp-json\/wp\/v2\/media\/21520"}],"wp:attachment":[{"href":"https:\/\/prompt-place.com\/tr\/wp-json\/wp\/v2\/media?parent=24148"}],"wp:term":[{"taxonomy":"product_brand","embeddable":true,"href":"https:\/\/prompt-place.com\/tr\/wp-json\/wp\/v2\/product_brand?post=24148"},{"taxonomy":"product_cat","embeddable":true,"href":"https:\/\/prompt-place.com\/tr\/wp-json\/wp\/v2\/product_cat?post=24148"},{"taxonomy":"product_tag","embeddable":true,"href":"https:\/\/prompt-place.com\/tr\/wp-json\/wp\/v2\/product_tag?post=24148"}],"curies":[{"name":"wp","href":"https:\/\/api.w.org\/{rel}","templated":true}]}}