{"id":24147,"date":"2026-01-06T09:42:15","date_gmt":"2026-01-06T09:42:15","guid":{"rendered":"http:\/\/prompt-place.com\/product\/sirketler-ve-urunler-icin-yapay-zeka-swot-analizi-olusturucu\/"},"modified":"2026-01-06T09:42:15","modified_gmt":"2026-01-06T09:42:15","slug":"sirketler-ve-urunler-icin-yapay-zeka-swot-analizi-olusturucu","status":"publish","type":"product","link":"https:\/\/prompt-place.com\/tr\/urun\/sirketler-ve-urunler-icin-yapay-zeka-swot-analizi-olusturucu\/","title":{"rendered":"\u015eirketler ve \u00dcr\u00fcnler i\u00e7in Yapay Zeka SWOT Analizi Olu\u015fturucu"},"content":{"rendered":"<p>Bu istem, yapay zeka modellerinin \u015firketler veya \u00fcr\u00fcnler i\u00e7in kapsaml\u0131 SWOT analizleri olu\u015fturmas\u0131n\u0131 sa\u011flar. Kurucular\u0131n, dan\u0131\u015fmanlar\u0131n ve stratejistlerin, bilin\u00e7li stratejik planlamay\u0131 desteklemek i\u00e7in d\u0131\u015f f\u0131rsatlar ve tehditlerin yan\u0131 s\u0131ra i\u00e7 g\u00fc\u00e7l\u00fc ve zay\u0131f y\u00f6nleri de\u011ferlendirmelerine yard\u0131mc\u0131 olur. <\/p>\n","protected":false},"excerpt":{"rendered":"<p>Bu istem, yapay zeka modellerinin \u015firketler veya \u00fcr\u00fcnler i\u00e7in kapsaml\u0131 SWOT analizleri olu\u015fturmas\u0131n\u0131 sa\u011flar. Kurucular\u0131n, dan\u0131\u015fmanlar\u0131n ve stratejistlerin, bilin\u00e7li stratejik planlamay\u0131 desteklemek i\u00e7in d\u0131\u015f f\u0131rsatlar ve tehditlerin yan\u0131 s\u0131ra i\u00e7 g\u00fc\u00e7l\u00fc ve zay\u0131f y\u00f6nleri de\u011ferlendirmelerine yard\u0131mc\u0131 olur.<\/p>\n","protected":false},"featured_media":21520,"comment_status":"open","ping_status":"closed","template":"","meta":[],"product_brand":[],"product_cat":[756,347],"product_tag":[2264,2134,2376,3032,3030,1617,3033],"class_list":{"0":"post-24147","1":"product","2":"type-product","3":"status-publish","4":"has-post-thumbnail","6":"product_cat-chatgpt-istemleri","7":"product_cat-modeller","8":"product_tag-danismanlik","9":"product_tag-is-stratejisi","10":"product_tag-pazar-analizi","11":"product_tag-rekabet-stratejisi","12":"product_tag-swot-analizi","13":"product_tag-uretime-hazir","14":"product_tag-urun-degerlendirme","16":"first","17":"instock","18":"downloadable","19":"virtual","20":"product-type-simple"},"_links":{"self":[{"href":"https:\/\/prompt-place.com\/tr\/wp-json\/wp\/v2\/product\/24147","targetHints":{"allow":["GET"]}}],"collection":[{"href":"https:\/\/prompt-place.com\/tr\/wp-json\/wp\/v2\/product"}],"about":[{"href":"https:\/\/prompt-place.com\/tr\/wp-json\/wp\/v2\/types\/product"}],"replies":[{"embeddable":true,"href":"https:\/\/prompt-place.com\/tr\/wp-json\/wp\/v2\/comments?post=24147"}],"wp:featuredmedia":[{"embeddable":true,"href":"https:\/\/prompt-place.com\/tr\/wp-json\/wp\/v2\/media\/21520"}],"wp:attachment":[{"href":"https:\/\/prompt-place.com\/tr\/wp-json\/wp\/v2\/media?parent=24147"}],"wp:term":[{"taxonomy":"product_brand","embeddable":true,"href":"https:\/\/prompt-place.com\/tr\/wp-json\/wp\/v2\/product_brand?post=24147"},{"taxonomy":"product_cat","embeddable":true,"href":"https:\/\/prompt-place.com\/tr\/wp-json\/wp\/v2\/product_cat?post=24147"},{"taxonomy":"product_tag","embeddable":true,"href":"https:\/\/prompt-place.com\/tr\/wp-json\/wp\/v2\/product_tag?post=24147"}],"curies":[{"name":"wp","href":"https:\/\/api.w.org\/{rel}","templated":true}]}}