{"id":24144,"date":"2026-01-06T09:42:30","date_gmt":"2026-01-06T09:42:30","guid":{"rendered":"http:\/\/prompt-place.com\/product\/yapay-zeka-destekli-oneri-motorunu-temsil-eden-soyut-makine\/"},"modified":"2026-03-05T08:05:19","modified_gmt":"2026-03-05T08:05:19","slug":"yapay-zeka-destekli-oneri-motorunu-temsil-eden-soyut-makine","status":"publish","type":"product","link":"https:\/\/prompt-place.com\/tr\/urun\/yapay-zeka-destekli-oneri-motorunu-temsil-eden-soyut-makine\/","title":{"rendered":"Yapay Zeka Destekli \u00d6neri Motorunu Temsil Eden Soyut Makine"},"content":{"rendered":"<p>Bu komut istemi, ak\u0131ll\u0131 bir makine olarak tasvir edilen yapay zeka destekli bir \u00f6neri motorunun soyut, f\u00fct\u00fcristik bir g\u00f6rselle\u015ftirmesini olu\u015fturur. \u00dcr\u00fcn pazarlama ve teknik hikaye anlat\u0131m\u0131nda ki\u015fiselle\u015ftirme sistemlerini, yapay zeka destekli karar motorlar\u0131n\u0131 ve veri i\u015fleme kavramlar\u0131n\u0131 g\u00f6stermek i\u00e7in idealdir. <\/p>\n","protected":false},"excerpt":{"rendered":"<p>Bu komut istemi, ak\u0131ll\u0131 bir makine olarak tasvir edilen yapay zeka destekli bir \u00f6neri motorunun soyut, f\u00fct\u00fcristik bir g\u00f6rselle\u015ftirmesini olu\u015fturur. \u00dcr\u00fcn pazarlama ve teknik hikaye anlat\u0131m\u0131nda ki\u015fiselle\u015ftirme sistemlerini, yapay zeka destekli karar motorlar\u0131n\u0131 ve veri i\u015fleme kavramlar\u0131n\u0131 g\u00f6stermek i\u00e7in idealdir.<\/p>\n","protected":false},"featured_media":21561,"comment_status":"open","ping_status":"closed","template":"","meta":[],"product_brand":[],"product_cat":[746,347],"product_tag":[3020,3021,1954,1972,3023,3022,1617,1892],"class_list":{"0":"post-24144","1":"product","2":"type-product","3":"status-publish","4":"has-post-thumbnail","6":"product_cat-dall-e-ipucu","7":"product_cat-modeller","8":"product_tag-ai-gorsellestirme","9":"product_tag-ai-oneri","10":"product_tag-dalle","11":"product_tag-futuristik-tasarim","12":"product_tag-kisisellestirme","13":"product_tag-soyut-makine","14":"product_tag-uretime-hazir","15":"product_tag-veri-isleme","17":"first","18":"instock","19":"downloadable","20":"virtual","21":"product-type-simple"},"_links":{"self":[{"href":"https:\/\/prompt-place.com\/tr\/wp-json\/wp\/v2\/product\/24144","targetHints":{"allow":["GET"]}}],"collection":[{"href":"https:\/\/prompt-place.com\/tr\/wp-json\/wp\/v2\/product"}],"about":[{"href":"https:\/\/prompt-place.com\/tr\/wp-json\/wp\/v2\/types\/product"}],"replies":[{"embeddable":true,"href":"https:\/\/prompt-place.com\/tr\/wp-json\/wp\/v2\/comments?post=24144"}],"wp:featuredmedia":[{"embeddable":true,"href":"https:\/\/prompt-place.com\/tr\/wp-json\/wp\/v2\/media\/21561"}],"wp:attachment":[{"href":"https:\/\/prompt-place.com\/tr\/wp-json\/wp\/v2\/media?parent=24144"}],"wp:term":[{"taxonomy":"product_brand","embeddable":true,"href":"https:\/\/prompt-place.com\/tr\/wp-json\/wp\/v2\/product_brand?post=24144"},{"taxonomy":"product_cat","embeddable":true,"href":"https:\/\/prompt-place.com\/tr\/wp-json\/wp\/v2\/product_cat?post=24144"},{"taxonomy":"product_tag","embeddable":true,"href":"https:\/\/prompt-place.com\/tr\/wp-json\/wp\/v2\/product_tag?post=24144"}],"curies":[{"name":"wp","href":"https:\/\/api.w.org\/{rel}","templated":true}]}}