{"id":24136,"date":"2026-01-06T09:42:30","date_gmt":"2026-01-06T09:42:30","guid":{"rendered":"http:\/\/prompt-place.com\/product\/neon-vurgularla-koyu-temali-is-panosu\/"},"modified":"2026-01-06T09:42:30","modified_gmt":"2026-01-06T09:42:30","slug":"neon-vurgularla-koyu-temali-is-panosu","status":"publish","type":"product","link":"https:\/\/prompt-place.com\/tr\/urun\/neon-vurgularla-koyu-temali-is-panosu\/","title":{"rendered":"Neon Vurgularla Koyu Temal\u0131 \u0130\u015f Panosu"},"content":{"rendered":"<p>Bu komut istemi, ince neon vurgularla geli\u015ftirilmi\u015f \u015f\u0131k, koyu temal\u0131 bir i\u015f panosu olu\u015fturur. SaaS analitik \u00fcr\u00fcnleri, y\u00f6netici BI panolar\u0131 ve birinci s\u0131n\u0131f, y\u00fcksek teknolojili bir g\u00f6r\u00fcn\u00fcm gerektiren modern fintech aray\u00fczleri i\u00e7in idealdir. <\/p>\n","protected":false},"excerpt":{"rendered":"<p>Bu komut istemi, ince neon vurgularla geli\u015ftirilmi\u015f \u015f\u0131k, koyu temal\u0131 bir i\u015f panosu olu\u015fturur. SaaS analitik \u00fcr\u00fcnleri, y\u00f6netici BI panolar\u0131 ve birinci s\u0131n\u0131f, y\u00fcksek teknolojili bir g\u00f6r\u00fcn\u00fcm gerektiren modern fintech aray\u00fczleri i\u00e7in idealdir.<\/p>\n","protected":false},"featured_media":21561,"comment_status":"open","ping_status":"closed","template":"","meta":[],"product_brand":[],"product_cat":[746,347],"product_tag":[1954,2984,2988,2116,2985,2945,1617,2114],"class_list":{"0":"post-24136","1":"product","2":"type-product","3":"status-publish","4":"has-post-thumbnail","6":"product_cat-dall-e-ipucu","7":"product_cat-modeller","8":"product_tag-dalle","9":"product_tag-dark-ui","10":"product_tag-fintech-tasarim","11":"product_tag-is-analitigi","12":"product_tag-neon-dashboard","13":"product_tag-saas-ui","14":"product_tag-uretime-hazir","15":"product_tag-veri-gorsellestirme","17":"first","18":"instock","19":"downloadable","20":"virtual","21":"product-type-simple"},"_links":{"self":[{"href":"https:\/\/prompt-place.com\/tr\/wp-json\/wp\/v2\/product\/24136","targetHints":{"allow":["GET"]}}],"collection":[{"href":"https:\/\/prompt-place.com\/tr\/wp-json\/wp\/v2\/product"}],"about":[{"href":"https:\/\/prompt-place.com\/tr\/wp-json\/wp\/v2\/types\/product"}],"replies":[{"embeddable":true,"href":"https:\/\/prompt-place.com\/tr\/wp-json\/wp\/v2\/comments?post=24136"}],"wp:featuredmedia":[{"embeddable":true,"href":"https:\/\/prompt-place.com\/tr\/wp-json\/wp\/v2\/media\/21561"}],"wp:attachment":[{"href":"https:\/\/prompt-place.com\/tr\/wp-json\/wp\/v2\/media?parent=24136"}],"wp:term":[{"taxonomy":"product_brand","embeddable":true,"href":"https:\/\/prompt-place.com\/tr\/wp-json\/wp\/v2\/product_brand?post=24136"},{"taxonomy":"product_cat","embeddable":true,"href":"https:\/\/prompt-place.com\/tr\/wp-json\/wp\/v2\/product_cat?post=24136"},{"taxonomy":"product_tag","embeddable":true,"href":"https:\/\/prompt-place.com\/tr\/wp-json\/wp\/v2\/product_tag?post=24136"}],"curies":[{"name":"wp","href":"https:\/\/api.w.org\/{rel}","templated":true}]}}