{"id":24134,"date":"2026-01-06T09:42:30","date_gmt":"2026-01-06T09:42:30","guid":{"rendered":"http:\/\/prompt-place.com\/product\/futuristik-teknoloji-odakli-universite-kampusu\/"},"modified":"2026-01-06T09:42:30","modified_gmt":"2026-01-06T09:42:30","slug":"futuristik-teknoloji-odakli-universite-kampusu","status":"publish","type":"product","link":"https:\/\/prompt-place.com\/tr\/urun\/futuristik-teknoloji-odakli-universite-kampusu\/","title":{"rendered":"F\u00fct\u00fcristik Teknoloji Odakl\u0131 \u00dcniversite Kamp\u00fcs\u00fc"},"content":{"rendered":"<p>Bu komut istemi, teknoloji, yenilik ve geli\u015fmi\u015f \u00f6\u011frenme ortamlar\u0131na odaklanan f\u00fct\u00fcristik bir \u00fcniversite kamp\u00fcs\u00fcn\u00fcn sinematik bir g\u00f6rselle\u015ftirmesini olu\u015fturur. E\u011fitimin, ara\u015ft\u0131rma merkezlerinin ve teknoloji odakl\u0131 akademik kurumlar\u0131n gelece\u011fini g\u00f6stermek i\u00e7in idealdir. <\/p>\n","protected":false},"excerpt":{"rendered":"<p>Bu komut istemi, teknoloji, yenilik ve geli\u015fmi\u015f \u00f6\u011frenme ortamlar\u0131na odaklanan f\u00fct\u00fcristik bir \u00fcniversite kamp\u00fcs\u00fcn\u00fcn sinematik bir g\u00f6rselle\u015ftirmesini olu\u015fturur. E\u011fitimin, ara\u015ft\u0131rma merkezlerinin ve teknoloji odakl\u0131 akademik kurumlar\u0131n gelece\u011fini g\u00f6stermek i\u00e7in idealdir.<\/p>\n","protected":false},"featured_media":21561,"comment_status":"open","ping_status":"closed","template":"","meta":[],"product_brand":[],"product_cat":[746,347],"product_tag":[2977,2975,1954,2974,2973,2979,1955,1617,2976],"class_list":{"0":"post-24134","1":"product","2":"type-product","3":"status-publish","4":"has-post-thumbnail","6":"product_cat-dall-e-ipucu","7":"product_cat-modeller","8":"product_tag-ai-egitim","9":"product_tag-akilli-universite","10":"product_tag-dalle","11":"product_tag-egitim-teknoloji","12":"product_tag-futuristik-kampus","13":"product_tag-gelecegin-ogrenimi","14":"product_tag-sinematik","15":"product_tag-uretime-hazir","16":"product_tag-yenilik-hub","18":"first","19":"instock","20":"downloadable","21":"virtual","22":"product-type-simple"},"_links":{"self":[{"href":"https:\/\/prompt-place.com\/tr\/wp-json\/wp\/v2\/product\/24134","targetHints":{"allow":["GET"]}}],"collection":[{"href":"https:\/\/prompt-place.com\/tr\/wp-json\/wp\/v2\/product"}],"about":[{"href":"https:\/\/prompt-place.com\/tr\/wp-json\/wp\/v2\/types\/product"}],"replies":[{"embeddable":true,"href":"https:\/\/prompt-place.com\/tr\/wp-json\/wp\/v2\/comments?post=24134"}],"wp:featuredmedia":[{"embeddable":true,"href":"https:\/\/prompt-place.com\/tr\/wp-json\/wp\/v2\/media\/21561"}],"wp:attachment":[{"href":"https:\/\/prompt-place.com\/tr\/wp-json\/wp\/v2\/media?parent=24134"}],"wp:term":[{"taxonomy":"product_brand","embeddable":true,"href":"https:\/\/prompt-place.com\/tr\/wp-json\/wp\/v2\/product_brand?post=24134"},{"taxonomy":"product_cat","embeddable":true,"href":"https:\/\/prompt-place.com\/tr\/wp-json\/wp\/v2\/product_cat?post=24134"},{"taxonomy":"product_tag","embeddable":true,"href":"https:\/\/prompt-place.com\/tr\/wp-json\/wp\/v2\/product_tag?post=24134"}],"curies":[{"name":"wp","href":"https:\/\/api.w.org\/{rel}","templated":true}]}}