{"id":24131,"date":"2026-01-06T09:42:23","date_gmt":"2026-01-06T09:42:23","guid":{"rendered":"http:\/\/prompt-place.com\/product\/yuzen-sunucular-ve-neon-efektleri-ile-bulut-bilisim-gorsellestirmesi\/"},"modified":"2026-01-06T09:42:23","modified_gmt":"2026-01-06T09:42:23","slug":"yuzen-sunucular-ve-neon-efektleri-ile-bulut-bilisim-gorsellestirmesi","status":"publish","type":"product","link":"https:\/\/prompt-place.com\/tr\/urun\/yuzen-sunucular-ve-neon-efektleri-ile-bulut-bilisim-gorsellestirmesi\/","title":{"rendered":"Y\u00fczen Sunucular ve Neon Efektleri ile Bulut Bili\u015fim G\u00f6rselle\u015ftirmesi"},"content":{"rendered":"<p>Bu komut istemi, y\u00fczen sunucular ve neon veri ak\u0131\u015flar\u0131 ile bulut bili\u015fimin f\u00fct\u00fcristik bir g\u00f6rselle\u015ftirmesini olu\u015fturur. Kurumsal sunumlarda ve teknoloji pazarlama g\u00f6rsellerinde bulut altyap\u0131s\u0131n\u0131, DevOps platformlar\u0131n\u0131 ve \u00f6l\u00e7eklenebilir dijital sistemleri g\u00f6stermek i\u00e7in idealdir. <\/p>\n","protected":false},"excerpt":{"rendered":"<p>Bu komut istemi, y\u00fczen sunucular ve neon veri ak\u0131\u015flar\u0131 ile bulut bili\u015fimin f\u00fct\u00fcristik bir g\u00f6rselle\u015ftirmesini olu\u015fturur. Kurumsal sunumlarda ve teknoloji pazarlama g\u00f6rsellerinde bulut altyap\u0131s\u0131n\u0131, DevOps platformlar\u0131n\u0131 ve \u00f6l\u00e7eklenebilir dijital sistemleri g\u00f6stermek i\u00e7in idealdir.<\/p>\n","protected":false},"featured_media":21561,"comment_status":"open","ping_status":"closed","template":"","meta":[],"product_brand":[],"product_cat":[746,347],"product_tag":[2958,1954,1656,2962,2963,2961,1617,2960],"class_list":{"0":"post-24131","1":"product","2":"type-product","3":"status-publish","4":"has-post-thumbnail","6":"product_cat-dall-e-ipucu","7":"product_cat-modeller","8":"product_tag-bulut-bilisim","9":"product_tag-dalle","10":"product_tag-devops","11":"product_tag-dijital-altyapi","12":"product_tag-futuristik-teknoloji","13":"product_tag-neon-efektler","14":"product_tag-uretime-hazir","15":"product_tag-yuzen-sunucular","17":"first","18":"instock","19":"downloadable","20":"virtual","21":"product-type-simple"},"_links":{"self":[{"href":"https:\/\/prompt-place.com\/tr\/wp-json\/wp\/v2\/product\/24131","targetHints":{"allow":["GET"]}}],"collection":[{"href":"https:\/\/prompt-place.com\/tr\/wp-json\/wp\/v2\/product"}],"about":[{"href":"https:\/\/prompt-place.com\/tr\/wp-json\/wp\/v2\/types\/product"}],"replies":[{"embeddable":true,"href":"https:\/\/prompt-place.com\/tr\/wp-json\/wp\/v2\/comments?post=24131"}],"wp:featuredmedia":[{"embeddable":true,"href":"https:\/\/prompt-place.com\/tr\/wp-json\/wp\/v2\/media\/21561"}],"wp:attachment":[{"href":"https:\/\/prompt-place.com\/tr\/wp-json\/wp\/v2\/media?parent=24131"}],"wp:term":[{"taxonomy":"product_brand","embeddable":true,"href":"https:\/\/prompt-place.com\/tr\/wp-json\/wp\/v2\/product_brand?post=24131"},{"taxonomy":"product_cat","embeddable":true,"href":"https:\/\/prompt-place.com\/tr\/wp-json\/wp\/v2\/product_cat?post=24131"},{"taxonomy":"product_tag","embeddable":true,"href":"https:\/\/prompt-place.com\/tr\/wp-json\/wp\/v2\/product_tag?post=24131"}],"curies":[{"name":"wp","href":"https:\/\/api.w.org\/{rel}","templated":true}]}}