{"id":24128,"date":"2026-01-06T09:42:23","date_gmt":"2026-01-06T09:42:23","guid":{"rendered":"http:\/\/prompt-place.com\/product\/is-kullanimi-icin-profesyonel-yapay-zeka-asistani-avatari\/"},"modified":"2026-01-06T09:42:23","modified_gmt":"2026-01-06T09:42:23","slug":"is-kullanimi-icin-profesyonel-yapay-zeka-asistani-avatari","status":"publish","type":"product","link":"https:\/\/prompt-place.com\/tr\/urun\/is-kullanimi-icin-profesyonel-yapay-zeka-asistani-avatari\/","title":{"rendered":"\u0130\u015f Kullan\u0131m\u0131 i\u00e7in Profesyonel Yapay Zeka Asistan\u0131 Avatar\u0131"},"content":{"rendered":"<p>Bu komut istemi, i\u015f ve kurumsal uygulamalar i\u00e7in uygun, temiz ve profesyonel bir yapay zeka asistan\u0131 avatar\u0131 olu\u015fturur. G\u00fcvenilir ve modern bir g\u00f6rsel kimli\u011fe ihtiya\u00e7 duyan SaaS \u00fcr\u00fcnleri, sohbet robotlar\u0131, g\u00f6sterge panolar\u0131 ve sanal asistanlar i\u00e7in idealdir. <\/p>\n","protected":false},"excerpt":{"rendered":"<p>Bu komut istemi, i\u015f ve kurumsal uygulamalar i\u00e7in uygun, temiz ve profesyonel bir yapay zeka asistan\u0131 avatar\u0131 olu\u015fturur. G\u00fcvenilir ve modern bir g\u00f6rsel kimli\u011fe ihtiya\u00e7 duyan SaaS \u00fcr\u00fcnleri, sohbet robotlar\u0131, g\u00f6sterge panolar\u0131 ve sanal asistanlar i\u00e7in idealdir.<\/p>\n","protected":false},"featured_media":21561,"comment_status":"open","ping_status":"closed","template":"","meta":[],"product_brand":[],"product_cat":[746,347],"product_tag":[2941,2942,1954,2943,2946,2945,2944,1617],"class_list":{"0":"post-24128","1":"product","2":"type-product","3":"status-publish","4":"has-post-thumbnail","6":"product_cat-dall-e-ipucu","7":"product_cat-modeller","8":"product_tag-ai-asistan","9":"product_tag-avatar-tasarimi","10":"product_tag-dalle","11":"product_tag-is-ai","12":"product_tag-profesyonel-tasarim","13":"product_tag-saas-ui","14":"product_tag-sanal-asistan","15":"product_tag-uretime-hazir","17":"first","18":"instock","19":"downloadable","20":"virtual","21":"product-type-simple"},"_links":{"self":[{"href":"https:\/\/prompt-place.com\/tr\/wp-json\/wp\/v2\/product\/24128","targetHints":{"allow":["GET"]}}],"collection":[{"href":"https:\/\/prompt-place.com\/tr\/wp-json\/wp\/v2\/product"}],"about":[{"href":"https:\/\/prompt-place.com\/tr\/wp-json\/wp\/v2\/types\/product"}],"replies":[{"embeddable":true,"href":"https:\/\/prompt-place.com\/tr\/wp-json\/wp\/v2\/comments?post=24128"}],"wp:featuredmedia":[{"embeddable":true,"href":"https:\/\/prompt-place.com\/tr\/wp-json\/wp\/v2\/media\/21561"}],"wp:attachment":[{"href":"https:\/\/prompt-place.com\/tr\/wp-json\/wp\/v2\/media?parent=24128"}],"wp:term":[{"taxonomy":"product_brand","embeddable":true,"href":"https:\/\/prompt-place.com\/tr\/wp-json\/wp\/v2\/product_brand?post=24128"},{"taxonomy":"product_cat","embeddable":true,"href":"https:\/\/prompt-place.com\/tr\/wp-json\/wp\/v2\/product_cat?post=24128"},{"taxonomy":"product_tag","embeddable":true,"href":"https:\/\/prompt-place.com\/tr\/wp-json\/wp\/v2\/product_tag?post=24128"}],"curies":[{"name":"wp","href":"https:\/\/api.w.org\/{rel}","templated":true}]}}