{"id":24126,"date":"2026-01-06T09:42:23","date_gmt":"2026-01-06T09:42:23","guid":{"rendered":"http:\/\/prompt-place.com\/product\/kitalar-arasi-kuresel-ticaret-baglantilari\/"},"modified":"2026-01-06T09:42:23","modified_gmt":"2026-01-06T09:42:23","slug":"kitalar-arasi-kuresel-ticaret-baglantilari","status":"publish","type":"product","link":"https:\/\/prompt-place.com\/tr\/urun\/kitalar-arasi-kuresel-ticaret-baglantilari\/","title":{"rendered":"K\u0131talar Aras\u0131 K\u00fcresel Ticaret Ba\u011flant\u0131lar\u0131"},"content":{"rendered":"<p>Bu komut istemi, \u0131\u015f\u0131kl\u0131 rotalar ve d\u00fc\u011f\u00fcmler arac\u0131l\u0131\u011f\u0131yla k\u0131talar\u0131 birbirine ba\u011flayan k\u00fcresel ticaret ba\u011flant\u0131lar\u0131n\u0131n sinematik bir g\u00f6rselle\u015ftirmesini olu\u015fturur. Kurumsal ve sunum g\u00f6rsellerinde uluslararas\u0131 ticareti, lojistik a\u011flar\u0131n\u0131, tedarik zincirlerini ve ekonomik k\u00fcreselle\u015fmeyi g\u00f6stermek i\u00e7in idealdir. <\/p>\n","protected":false},"excerpt":{"rendered":"<p>Bu komut istemi, \u0131\u015f\u0131kl\u0131 rotalar ve d\u00fc\u011f\u00fcmler arac\u0131l\u0131\u011f\u0131yla k\u0131talar\u0131 birbirine ba\u011flayan k\u00fcresel ticaret ba\u011flant\u0131lar\u0131n\u0131n sinematik bir g\u00f6rselle\u015ftirmesini olu\u015fturur. Kurumsal ve sunum g\u00f6rsellerinde uluslararas\u0131 ticareti, lojistik a\u011flar\u0131n\u0131, tedarik zincirlerini ve ekonomik k\u00fcreselle\u015fmeyi g\u00f6stermek i\u00e7in idealdir.<\/p>\n","protected":false},"featured_media":21561,"comment_status":"open","ping_status":"closed","template":"","meta":[],"product_brand":[],"product_cat":[746,347],"product_tag":[1954,2932,2934,2930,2931,1955,2085,1617,2933],"class_list":{"0":"post-24126","1":"product","2":"type-product","3":"status-publish","4":"has-post-thumbnail","6":"product_cat-dall-e-ipucu","7":"product_cat-modeller","8":"product_tag-dalle","9":"product_tag-dunya-haritasi","10":"product_tag-ekonomik-akislar","11":"product_tag-kuresel-ticaret","12":"product_tag-lojistik","13":"product_tag-sinematik","14":"product_tag-tedarik-zinciri","15":"product_tag-uretime-hazir","16":"product_tag-veri-baglantilari","18":"first","19":"instock","20":"downloadable","21":"virtual","22":"product-type-simple"},"_links":{"self":[{"href":"https:\/\/prompt-place.com\/tr\/wp-json\/wp\/v2\/product\/24126","targetHints":{"allow":["GET"]}}],"collection":[{"href":"https:\/\/prompt-place.com\/tr\/wp-json\/wp\/v2\/product"}],"about":[{"href":"https:\/\/prompt-place.com\/tr\/wp-json\/wp\/v2\/types\/product"}],"replies":[{"embeddable":true,"href":"https:\/\/prompt-place.com\/tr\/wp-json\/wp\/v2\/comments?post=24126"}],"wp:featuredmedia":[{"embeddable":true,"href":"https:\/\/prompt-place.com\/tr\/wp-json\/wp\/v2\/media\/21561"}],"wp:attachment":[{"href":"https:\/\/prompt-place.com\/tr\/wp-json\/wp\/v2\/media?parent=24126"}],"wp:term":[{"taxonomy":"product_brand","embeddable":true,"href":"https:\/\/prompt-place.com\/tr\/wp-json\/wp\/v2\/product_brand?post=24126"},{"taxonomy":"product_cat","embeddable":true,"href":"https:\/\/prompt-place.com\/tr\/wp-json\/wp\/v2\/product_cat?post=24126"},{"taxonomy":"product_tag","embeddable":true,"href":"https:\/\/prompt-place.com\/tr\/wp-json\/wp\/v2\/product_tag?post=24126"}],"curies":[{"name":"wp","href":"https:\/\/api.w.org\/{rel}","templated":true}]}}