{"id":24125,"date":"2026-01-06T09:42:23","date_gmt":"2026-01-06T09:42:23","guid":{"rendered":"http:\/\/prompt-place.com\/product\/tasarim-araclari-ve-yapay-zeka-cihazlari-ile-yaratici-calisma-alani\/"},"modified":"2026-01-06T09:42:23","modified_gmt":"2026-01-06T09:42:23","slug":"tasarim-araclari-ve-yapay-zeka-cihazlari-ile-yaratici-calisma-alani","status":"publish","type":"product","link":"https:\/\/prompt-place.com\/tr\/urun\/tasarim-araclari-ve-yapay-zeka-cihazlari-ile-yaratici-calisma-alani\/","title":{"rendered":"Tasar\u0131m Ara\u00e7lar\u0131 ve Yapay Zeka Cihazlar\u0131 ile Yarat\u0131c\u0131 \u00c7al\u0131\u015fma Alan\u0131"},"content":{"rendered":"<p>Bu bilgi istemi, geleneksel tasar\u0131m ara\u00e7lar\u0131n\u0131 yapay zeka destekli cihazlarla harmanlayan modern ve ilham verici bir yarat\u0131c\u0131 \u00e7al\u0131\u015fma alan\u0131 olu\u015fturur. Yapay zeka ile geli\u015ftirilmi\u015f yarat\u0131c\u0131l\u0131\u011f\u0131, tasar\u0131m st\u00fcdyolar\u0131n\u0131 ve yeni nesil yarat\u0131c\u0131 i\u015f ak\u0131\u015flar\u0131n\u0131 g\u00f6stermek i\u00e7in idealdir. <\/p>\n","protected":false},"excerpt":{"rendered":"<p>Bu bilgi istemi, geleneksel tasar\u0131m ara\u00e7lar\u0131n\u0131 yapay zeka destekli cihazlarla harmanlayan modern ve ilham verici bir yarat\u0131c\u0131 \u00e7al\u0131\u015fma alan\u0131 olu\u015fturur. Yapay zeka ile geli\u015ftirilmi\u015f yarat\u0131c\u0131l\u0131\u011f\u0131, tasar\u0131m st\u00fcdyolar\u0131n\u0131 ve yeni nesil yarat\u0131c\u0131 i\u015f ak\u0131\u015flar\u0131n\u0131 g\u00f6stermek i\u00e7in idealdir.<\/p>\n","protected":false},"featured_media":21561,"comment_status":"open","ping_status":"closed","template":"","meta":[],"product_brand":[],"product_cat":[746,347],"product_tag":[2925,1954,2929,2927,2926,1617,2924,2928],"class_list":{"0":"post-24125","1":"product","2":"type-product","3":"status-publish","4":"has-post-thumbnail","6":"product_cat-dall-e-ipucu","7":"product_cat-modeller","8":"product_tag-ai-design","9":"product_tag-dalle","10":"product_tag-futuristik-is-akisi","11":"product_tag-generative-ai","12":"product_tag-tasarim-araclari","13":"product_tag-uretime-hazir","14":"product_tag-yaratici-calisma-alani","15":"product_tag-yaratici-studyo","17":"first","18":"instock","19":"downloadable","20":"virtual","21":"product-type-simple"},"_links":{"self":[{"href":"https:\/\/prompt-place.com\/tr\/wp-json\/wp\/v2\/product\/24125","targetHints":{"allow":["GET"]}}],"collection":[{"href":"https:\/\/prompt-place.com\/tr\/wp-json\/wp\/v2\/product"}],"about":[{"href":"https:\/\/prompt-place.com\/tr\/wp-json\/wp\/v2\/types\/product"}],"replies":[{"embeddable":true,"href":"https:\/\/prompt-place.com\/tr\/wp-json\/wp\/v2\/comments?post=24125"}],"wp:featuredmedia":[{"embeddable":true,"href":"https:\/\/prompt-place.com\/tr\/wp-json\/wp\/v2\/media\/21561"}],"wp:attachment":[{"href":"https:\/\/prompt-place.com\/tr\/wp-json\/wp\/v2\/media?parent=24125"}],"wp:term":[{"taxonomy":"product_brand","embeddable":true,"href":"https:\/\/prompt-place.com\/tr\/wp-json\/wp\/v2\/product_brand?post=24125"},{"taxonomy":"product_cat","embeddable":true,"href":"https:\/\/prompt-place.com\/tr\/wp-json\/wp\/v2\/product_cat?post=24125"},{"taxonomy":"product_tag","embeddable":true,"href":"https:\/\/prompt-place.com\/tr\/wp-json\/wp\/v2\/product_tag?post=24125"}],"curies":[{"name":"wp","href":"https:\/\/api.w.org\/{rel}","templated":true}]}}